{"id":55422,"date":"2025-07-09T06:47:29","date_gmt":"2025-07-09T04:47:29","guid":{"rendered":"https:\/\/littledragon.com.pl\/?post_type=product&#038;p=55422"},"modified":"2025-07-09T06:56:25","modified_gmt":"2025-07-09T04:56:25","slug":"busy-handteringskubegul-strom-kopia","status":"publish","type":"product","link":"https:\/\/littledragon.com.pl\/no\/sklep\/uncategorized-no\/busy-handteringskubegul-strom-kopia\/","title":{"rendered":"BUSY h\u00e5ndteringskube<\/br><span>Gul&nbsp;Str\u00f8m<\/span> (Kopia)"},"content":{"rendered":"<h2>BUSY h\u00e5ndteringskube &#8211; Yellow Power<\/h2>\n<p>Det er opptil ni engasjerende elementer p\u00e5 kubens seks sider, noe som vil bli satt pris p\u00e5 av kresne hender.<\/p>\n<p>Dette h\u00e5ndlagde manipulasjonsleket\u00f8yet gir barnet ditt mulighet til \u00e5 utvikle en rekke finmotoriske ferdigheter, samtidig som det stimulerer fantasien og gir god og langvarig moro.<\/p>\n<p>Den store fordelen med sansekuben er at den er liten, slik at vi alltid kan ha barnets favorittleke for h\u00e5nden.<\/p>\n<p>Busy manipulasjonskube er en passende gaveid\u00e9 til en to-, tre- eller fire\u00e5ring, ettersom de varierte delene passer til barn i alle aldre.<\/p>\n<p>Dette tidl\u00f8se leket\u00f8yet i tre er laget <a href=\"https:\/\/littledragon.com.pl\/category\/blog\/\">med<\/a> den st\u00f8rste omhu <a href=\"\/?product_cat=nature-kola-manipulacyjne\">og<\/a> med de n\u00f8dvendige sikkerhetsreglene i tankene, noe som bekreftes av sikkerhetssertifikatet for leket\u00f8y.<\/p>\n<p>Ta ogs\u00e5 en titt p\u00e5 v\u00e5re andre <a href=\"\/?product_cat=puzzles\">puslespill for venstre hjernehalvdel<\/a>, <a href=\"\/tables-manipulation\/\">manipulasjonstavler<\/a>, samt <a href=\"\/manipuleringskuber\/\">pedagogiske kuber<\/a>, <a href=\"\/manipulasjonssirkler\/\">manipulasjonshjul<\/a> og <a href=\"\/manipuleringstabletter\/\">manipulasjonstavler<\/a>.<\/p>\n","protected":false},"excerpt":{"rendered":"<p>Busy manipulasjonskube er den mest utfordrende versjonen av de mobile manipulasjonstavlene i serien. Velg kuben i gult for \u00e5 st\u00f8tte barnets hukommelse og logiske tankeprosesser ytterligere.<\/p>\n","protected":false},"featured_media":55953,"comment_status":"open","ping_status":"closed","template":"","meta":[],"product_brand":[],"product_cat":[14889,14780],"product_tag":[14890,14892,14960,14962,15012,14818,14820,14822,14823,14825],"class_list":{"0":"post-55422","1":"product","2":"type-product","3":"status-publish","4":"has-post-thumbnail","6":"product_cat-handteringskuber-midi-7-cm","7":"product_cat-uncategorized-no","8":"product_tag-barneleketoy","9":"product_tag-leketoy-av-tre","10":"product_tag-montessori-leke-no","11":"product_tag-en-gave-til-en-toaring","12":"product_tag-en-gave-til-en-trearing","13":"product_tag-handteringstavle","14":"product_tag-handteringskube","15":"product_tag-sensorisk-kube","16":"product_tag-busycube-no","17":"product_tag-leketoy-til-bilen","19":"first","20":"outofstock","21":"shipping-taxable","22":"purchasable","23":"product-type-simple"},"yoast_head":"<!-- This site is optimized with the Yoast SEO Premium plugin v26.1 (Yoast SEO v26.1.1) - https:\/\/yoast.com\/wordpress\/plugins\/seo\/ -->\n<title>Yellow Busy manipulativ kube i tre<\/title>\n<meta name=\"description\" content=\"Busy Cube er en flott gaveid\u00e9 til et lite barn. De varierte innslagene vil passe for barn i alle aldre.\" \/>\n<meta name=\"robots\" content=\"index, follow, max-snippet:-1, max-image-preview:large, max-video-preview:-1\" \/>\n<link rel=\"canonical\" href=\"https:\/\/littledragon.com.pl\/no\/sklep\/uncategorized-no\/busy-handteringskubegul-strom-kopia\/\" \/>\n<meta property=\"og:locale\" content=\"nb_NO\" \/>\n<meta property=\"og:type\" content=\"article\" \/>\n<meta property=\"og:title\" content=\"BUSY h\u00e5ndteringskubeGul&nbsp;Str\u00f8m (Kopia)\" \/>\n<meta property=\"og:description\" content=\"Busy Cube er en flott gaveid\u00e9 til et lite barn. De varierte innslagene vil passe for barn i alle aldre.\" \/>\n<meta property=\"og:url\" content=\"https:\/\/littledragon.com.pl\/no\/sklep\/uncategorized-no\/busy-handteringskubegul-strom-kopia\/\" \/>\n<meta property=\"og:site_name\" content=\"Little Dragon\" \/>\n<meta property=\"article:publisher\" content=\"https:\/\/www.facebook.com\/Little-Dragon-drewniane-pomoce-manipulacyjne-i-edukacyjne-110363020791188\" \/>\n<meta property=\"article:modified_time\" content=\"2025-07-09T04:56:25+00:00\" \/>\n<meta property=\"og:image\" content=\"https:\/\/littledragon.com.pl\/wp-content\/uploads\/2025\/07\/kostka-manipulacyjna-master-cube-blue-1.jpg\" \/>\n\t<meta property=\"og:image:width\" content=\"720\" \/>\n\t<meta property=\"og:image:height\" content=\"720\" \/>\n\t<meta property=\"og:image:type\" content=\"image\/jpeg\" \/>\n<meta name=\"twitter:card\" content=\"summary_large_image\" \/>\n<meta name=\"twitter:label1\" content=\"Ansl. lesetid\" \/>\n\t<meta name=\"twitter:data1\" content=\"1 minutt\" \/>\n<script type=\"application\/ld+json\" class=\"yoast-schema-graph\">{\"@context\":\"https:\/\/schema.org\",\"@graph\":[{\"@type\":[\"WebPage\",\"ItemPage\"],\"@id\":\"https:\/\/littledragon.com.pl\/no\/sklep\/uncategorized-no\/busy-handteringskubegul-strom-kopia\/\",\"url\":\"https:\/\/littledragon.com.pl\/no\/sklep\/uncategorized-no\/busy-handteringskubegul-strom-kopia\/\",\"name\":\"Yellow Busy manipulativ kube i tre\",\"isPartOf\":{\"@id\":\"https:\/\/littledragon.com.pl\/no\/#website\"},\"primaryImageOfPage\":{\"@id\":\"https:\/\/littledragon.com.pl\/no\/sklep\/uncategorized-no\/busy-handteringskubegul-strom-kopia\/#primaryimage\"},\"image\":{\"@id\":\"https:\/\/littledragon.com.pl\/no\/sklep\/uncategorized-no\/busy-handteringskubegul-strom-kopia\/#primaryimage\"},\"thumbnailUrl\":\"https:\/\/littledragon.com.pl\/wp-content\/uploads\/2025\/07\/kostka-manipulacyjna-master-cube-blue-1.jpg\",\"datePublished\":\"2025-07-09T04:47:29+00:00\",\"dateModified\":\"2025-07-09T04:56:25+00:00\",\"description\":\"Busy Cube er en flott gaveid\u00e9 til et lite barn. De varierte innslagene vil passe for barn i alle aldre.\",\"breadcrumb\":{\"@id\":\"https:\/\/littledragon.com.pl\/no\/sklep\/uncategorized-no\/busy-handteringskubegul-strom-kopia\/#breadcrumb\"},\"inLanguage\":\"nb-NO\",\"potentialAction\":[{\"@type\":\"ReadAction\",\"target\":[\"https:\/\/littledragon.com.pl\/no\/sklep\/uncategorized-no\/busy-handteringskubegul-strom-kopia\/\"]}]},{\"@type\":\"ImageObject\",\"inLanguage\":\"nb-NO\",\"@id\":\"https:\/\/littledragon.com.pl\/no\/sklep\/uncategorized-no\/busy-handteringskubegul-strom-kopia\/#primaryimage\",\"url\":\"https:\/\/littledragon.com.pl\/wp-content\/uploads\/2025\/07\/kostka-manipulacyjna-master-cube-blue-1.jpg\",\"contentUrl\":\"https:\/\/littledragon.com.pl\/wp-content\/uploads\/2025\/07\/kostka-manipulacyjna-master-cube-blue-1.jpg\",\"width\":720,\"height\":720},{\"@type\":\"BreadcrumbList\",\"@id\":\"https:\/\/littledragon.com.pl\/no\/sklep\/uncategorized-no\/busy-handteringskubegul-strom-kopia\/#breadcrumb\",\"itemListElement\":[{\"@type\":\"ListItem\",\"position\":1,\"name\":\"\",\"item\":\"https:\/\/littledragon.com.pl\/no\/\"},{\"@type\":\"ListItem\",\"position\":2,\"name\":\"Butikk\",\"item\":\"https:\/\/littledragon.com.pl\/no\/butikk\/\"},{\"@type\":\"ListItem\",\"position\":3,\"name\":\"H\u00e5ndteringskuber midi (7 cm)\",\"item\":\"https:\/\/littledragon.com.pl\/no\/handteringskuber-midi-7-cm\/\"},{\"@type\":\"ListItem\",\"position\":4,\"name\":\"BUSY h\u00e5ndteringskube&lt;\/br&gt;&lt;span&gt;Gul&nbsp;Str\u00f8m&lt;\/span&gt; (Kopia)\"}]},{\"@type\":\"WebSite\",\"@id\":\"https:\/\/littledragon.com.pl\/no\/#website\",\"url\":\"https:\/\/littledragon.com.pl\/no\/\",\"name\":\"Little Dragon\",\"description\":\"sklep z zabawkami dla dzieci\",\"publisher\":{\"@id\":\"https:\/\/littledragon.com.pl\/no\/#organization\"},\"potentialAction\":[{\"@type\":\"SearchAction\",\"target\":{\"@type\":\"EntryPoint\",\"urlTemplate\":\"https:\/\/littledragon.com.pl\/no\/?s={search_term_string}\"},\"query-input\":{\"@type\":\"PropertyValueSpecification\",\"valueRequired\":true,\"valueName\":\"search_term_string\"}}],\"inLanguage\":\"nb-NO\"},{\"@type\":\"Organization\",\"@id\":\"https:\/\/littledragon.com.pl\/no\/#organization\",\"name\":\"Little Dragon\",\"url\":\"https:\/\/littledragon.com.pl\/no\/\",\"logo\":{\"@type\":\"ImageObject\",\"inLanguage\":\"nb-NO\",\"@id\":\"https:\/\/littledragon.com.pl\/no\/#\/schema\/logo\/image\/\",\"url\":\"https:\/\/littledragon.com.pl\/wp-content\/uploads\/2021\/04\/little-dragon-logos-all-01.png\",\"contentUrl\":\"https:\/\/littledragon.com.pl\/wp-content\/uploads\/2021\/04\/little-dragon-logos-all-01.png\",\"width\":856,\"height\":558,\"caption\":\"Little Dragon\"},\"image\":{\"@id\":\"https:\/\/littledragon.com.pl\/no\/#\/schema\/logo\/image\/\"},\"sameAs\":[\"https:\/\/www.facebook.com\/Little-Dragon-drewniane-pomoce-manipulacyjne-i-edukacyjne-110363020791188\",\"https:\/\/www.instagram.com\/littledragon.zabawki\/\"]}]}<\/script>\n<!-- \/ Yoast SEO Premium plugin. -->","yoast_head_json":{"title":"Yellow Busy manipulativ kube i tre","description":"Busy Cube er en flott gaveid\u00e9 til et lite barn. De varierte innslagene vil passe for barn i alle aldre.","robots":{"index":"index","follow":"follow","max-snippet":"max-snippet:-1","max-image-preview":"max-image-preview:large","max-video-preview":"max-video-preview:-1"},"canonical":"https:\/\/littledragon.com.pl\/no\/sklep\/uncategorized-no\/busy-handteringskubegul-strom-kopia\/","og_locale":"nb_NO","og_type":"article","og_title":"BUSY h\u00e5ndteringskubeGul&nbsp;Str\u00f8m (Kopia)","og_description":"Busy Cube er en flott gaveid\u00e9 til et lite barn. De varierte innslagene vil passe for barn i alle aldre.","og_url":"https:\/\/littledragon.com.pl\/no\/sklep\/uncategorized-no\/busy-handteringskubegul-strom-kopia\/","og_site_name":"Little Dragon","article_publisher":"https:\/\/www.facebook.com\/Little-Dragon-drewniane-pomoce-manipulacyjne-i-edukacyjne-110363020791188","article_modified_time":"2025-07-09T04:56:25+00:00","og_image":[{"width":720,"height":720,"url":"https:\/\/littledragon.com.pl\/wp-content\/uploads\/2025\/07\/kostka-manipulacyjna-master-cube-blue-1.jpg","type":"image\/jpeg"}],"twitter_card":"summary_large_image","twitter_misc":{"Ansl. lesetid":"1 minutt"},"schema":{"@context":"https:\/\/schema.org","@graph":[{"@type":["WebPage","ItemPage"],"@id":"https:\/\/littledragon.com.pl\/no\/sklep\/uncategorized-no\/busy-handteringskubegul-strom-kopia\/","url":"https:\/\/littledragon.com.pl\/no\/sklep\/uncategorized-no\/busy-handteringskubegul-strom-kopia\/","name":"Yellow Busy manipulativ kube i tre","isPartOf":{"@id":"https:\/\/littledragon.com.pl\/no\/#website"},"primaryImageOfPage":{"@id":"https:\/\/littledragon.com.pl\/no\/sklep\/uncategorized-no\/busy-handteringskubegul-strom-kopia\/#primaryimage"},"image":{"@id":"https:\/\/littledragon.com.pl\/no\/sklep\/uncategorized-no\/busy-handteringskubegul-strom-kopia\/#primaryimage"},"thumbnailUrl":"https:\/\/littledragon.com.pl\/wp-content\/uploads\/2025\/07\/kostka-manipulacyjna-master-cube-blue-1.jpg","datePublished":"2025-07-09T04:47:29+00:00","dateModified":"2025-07-09T04:56:25+00:00","description":"Busy Cube er en flott gaveid\u00e9 til et lite barn. De varierte innslagene vil passe for barn i alle aldre.","breadcrumb":{"@id":"https:\/\/littledragon.com.pl\/no\/sklep\/uncategorized-no\/busy-handteringskubegul-strom-kopia\/#breadcrumb"},"inLanguage":"nb-NO","potentialAction":[{"@type":"ReadAction","target":["https:\/\/littledragon.com.pl\/no\/sklep\/uncategorized-no\/busy-handteringskubegul-strom-kopia\/"]}]},{"@type":"ImageObject","inLanguage":"nb-NO","@id":"https:\/\/littledragon.com.pl\/no\/sklep\/uncategorized-no\/busy-handteringskubegul-strom-kopia\/#primaryimage","url":"https:\/\/littledragon.com.pl\/wp-content\/uploads\/2025\/07\/kostka-manipulacyjna-master-cube-blue-1.jpg","contentUrl":"https:\/\/littledragon.com.pl\/wp-content\/uploads\/2025\/07\/kostka-manipulacyjna-master-cube-blue-1.jpg","width":720,"height":720},{"@type":"BreadcrumbList","@id":"https:\/\/littledragon.com.pl\/no\/sklep\/uncategorized-no\/busy-handteringskubegul-strom-kopia\/#breadcrumb","itemListElement":[{"@type":"ListItem","position":1,"name":"","item":"https:\/\/littledragon.com.pl\/no\/"},{"@type":"ListItem","position":2,"name":"Butikk","item":"https:\/\/littledragon.com.pl\/no\/butikk\/"},{"@type":"ListItem","position":3,"name":"H\u00e5ndteringskuber midi (7 cm)","item":"https:\/\/littledragon.com.pl\/no\/handteringskuber-midi-7-cm\/"},{"@type":"ListItem","position":4,"name":"BUSY h\u00e5ndteringskube&lt;\/br&gt;&lt;span&gt;Gul&nbsp;Str\u00f8m&lt;\/span&gt; (Kopia)"}]},{"@type":"WebSite","@id":"https:\/\/littledragon.com.pl\/no\/#website","url":"https:\/\/littledragon.com.pl\/no\/","name":"Little Dragon","description":"sklep z zabawkami dla dzieci","publisher":{"@id":"https:\/\/littledragon.com.pl\/no\/#organization"},"potentialAction":[{"@type":"SearchAction","target":{"@type":"EntryPoint","urlTemplate":"https:\/\/littledragon.com.pl\/no\/?s={search_term_string}"},"query-input":{"@type":"PropertyValueSpecification","valueRequired":true,"valueName":"search_term_string"}}],"inLanguage":"nb-NO"},{"@type":"Organization","@id":"https:\/\/littledragon.com.pl\/no\/#organization","name":"Little Dragon","url":"https:\/\/littledragon.com.pl\/no\/","logo":{"@type":"ImageObject","inLanguage":"nb-NO","@id":"https:\/\/littledragon.com.pl\/no\/#\/schema\/logo\/image\/","url":"https:\/\/littledragon.com.pl\/wp-content\/uploads\/2021\/04\/little-dragon-logos-all-01.png","contentUrl":"https:\/\/littledragon.com.pl\/wp-content\/uploads\/2021\/04\/little-dragon-logos-all-01.png","width":856,"height":558,"caption":"Little Dragon"},"image":{"@id":"https:\/\/littledragon.com.pl\/no\/#\/schema\/logo\/image\/"},"sameAs":["https:\/\/www.facebook.com\/Little-Dragon-drewniane-pomoce-manipulacyjne-i-edukacyjne-110363020791188","https:\/\/www.instagram.com\/littledragon.zabawki\/"]}]}},"_links":{"self":[{"href":"https:\/\/littledragon.com.pl\/no\/wp-json\/wp\/v2\/product\/55422","targetHints":{"allow":["GET"]}}],"collection":[{"href":"https:\/\/littledragon.com.pl\/no\/wp-json\/wp\/v2\/product"}],"about":[{"href":"https:\/\/littledragon.com.pl\/no\/wp-json\/wp\/v2\/types\/product"}],"replies":[{"embeddable":true,"href":"https:\/\/littledragon.com.pl\/no\/wp-json\/wp\/v2\/comments?post=55422"}],"version-history":[{"count":0,"href":"https:\/\/littledragon.com.pl\/no\/wp-json\/wp\/v2\/product\/55422\/revisions"}],"wp:featuredmedia":[{"embeddable":true,"href":"https:\/\/littledragon.com.pl\/no\/wp-json\/wp\/v2\/media\/55953"}],"wp:attachment":[{"href":"https:\/\/littledragon.com.pl\/no\/wp-json\/wp\/v2\/media?parent=55422"}],"wp:term":[{"taxonomy":"product_brand","embeddable":true,"href":"https:\/\/littledragon.com.pl\/no\/wp-json\/wp\/v2\/product_brand?post=55422"},{"taxonomy":"product_cat","embeddable":true,"href":"https:\/\/littledragon.com.pl\/no\/wp-json\/wp\/v2\/product_cat?post=55422"},{"taxonomy":"product_tag","embeddable":true,"href":"https:\/\/littledragon.com.pl\/no\/wp-json\/wp\/v2\/product_tag?post=55422"}],"curies":[{"name":"wp","href":"https:\/\/api.w.org\/{rel}","templated":true}]}}