{"id":54759,"date":"2025-06-30T12:20:55","date_gmt":"2025-06-30T10:20:55","guid":{"rendered":"https:\/\/littledragon.com.pl\/?post_type=product&#038;p=54759"},"modified":"2025-06-30T12:26:10","modified_gmt":"2025-06-30T10:26:10","slug":"newbie-handteringskubenatur-kopia","status":"publish","type":"product","link":"https:\/\/littledragon.com.pl\/no\/sklep\/uncategorized-no\/newbie-handteringskubenatur-kopia\/","title":{"rendered":"NEWBIE h\u00e5ndteringskube<\/br><span>Natur<\/span> (Kopia)"},"content":{"rendered":"<h2>MANIPULATION BOX Nybegynner &#8211; Natur<\/h2>\n<p>Hos Little Dragon legger vi til rette for utvikling p\u00e5 mange niv\u00e5er. Da vi laget v\u00e5re manipulative kuber, lot vi oss inspirere av fargenes fantastiske egenskaper (fargeterapi). Hver farge har forskjellig effekt p\u00e5 barnets hum\u00f8r og sinn. Det er verdt \u00e5 bruke denne kunnskapen til \u00e5 stimulere, roe ned eller berolige barnas f\u00f8lelser.<\/p>\n<p>Newbie manipulative cube er en 5 cm stor kube som inneholder de mest interessante elementene som kan oppta sm\u00e5 hender i lang tid. Takket v\u00e6re enkle gjenstander som borrel\u00e5s, et hjul, glidebrytere eller en bryter utvikler barnet et knipetanggrep eller h\u00e5nd-\u00f8ye-koordinasjon mens det leker.<\/p>\n<p>En stor fordel med Newbie Handling Cube er st\u00f8rrelsen. Den f\u00e5r plass i vesken eller til og med i lommen, slik at vi alltid har barnets favorittleke like ved h\u00e5nden.<\/p>\n<p>Sjekk ogs\u00e5 ut v\u00e5re andre <strong><a href=\"\/tables-manipulation\/\">h\u00e5ndteringstavler<\/a><\/strong>, samt <a href=\"\/manipuleringskuber\/\"><br \/>\n  <strong>h\u00e5ndteringskuber<\/strong><br \/>\n<\/a>, <strong><a href=\"\/manipulasjonssirkler\/\">h\u00e5ndteringshjul<\/a> <\/strong>i <a href=\"\/manipuleringstabletter\/\"><br \/>\n  <strong>manipulasjonstavler<\/strong><br \/>\n<\/a>.<\/p>\n","protected":false},"excerpt":{"rendered":"<p>Newbie manipulasjonskube fra Nature-kolleksjonen er et tidl\u00f8st leket\u00f8y i tre. Lekens beroligende pastellfarger gj\u00f8r at barnet kan konsentrere seg om \u00e5 utforske kubebitene.<\/p>\n","protected":false},"featured_media":55932,"comment_status":"open","ping_status":"closed","template":"","meta":[],"product_brand":[],"product_cat":[14817,14780,14848],"product_tag":[14890,14818,14825,14960,14819],"class_list":{"0":"post-54759","1":"product","2":"type-product","3":"status-publish","4":"has-post-thumbnail","6":"product_cat-mini-handteringsterninger-5-cm","7":"product_cat-uncategorized-no","8":"product_cat-yellow-power-no","9":"product_tag-barneleketoy","10":"product_tag-handteringstavle","11":"product_tag-leketoy-til-bilen","12":"product_tag-montessori-leke-no","13":"product_tag-pedagogisk-leketoy","15":"first","16":"instock","17":"shipping-taxable","18":"purchasable","19":"product-type-variable"},"yoast_head":"<!-- This site is optimized with the Yoast SEO Premium plugin v26.1 (Yoast SEO v26.1.1) - https:\/\/yoast.com\/wordpress\/plugins\/seo\/ -->\n<title>NEWBIE Naturmanipulerende kube<\/title>\n<meta name=\"description\" content=\"Mindre enn et h\u00e5ndteringsbrett, ideelt for en tralle eller bil. Oppdag moro og l\u00e6ring p\u00e5 farten med denne kompakte leken!\" \/>\n<meta name=\"robots\" content=\"index, follow, max-snippet:-1, max-image-preview:large, max-video-preview:-1\" \/>\n<link rel=\"canonical\" href=\"https:\/\/littledragon.com.pl\/no\/sklep\/uncategorized-no\/newbie-handteringskubenatur-kopia\/\" \/>\n<meta property=\"og:locale\" content=\"nb_NO\" \/>\n<meta property=\"og:type\" content=\"article\" \/>\n<meta property=\"og:title\" content=\"NEWBIE h\u00e5ndteringskubeNatur (Kopia)\" \/>\n<meta property=\"og:description\" content=\"Mindre enn et h\u00e5ndteringsbrett, ideelt for en tralle eller bil. Oppdag moro og l\u00e6ring p\u00e5 farten med denne kompakte leken!\" \/>\n<meta property=\"og:url\" content=\"https:\/\/littledragon.com.pl\/no\/sklep\/uncategorized-no\/newbie-handteringskubenatur-kopia\/\" \/>\n<meta property=\"og:site_name\" content=\"Little Dragon\" \/>\n<meta property=\"article:publisher\" content=\"https:\/\/www.facebook.com\/Little-Dragon-drewniane-pomoce-manipulacyjne-i-edukacyjne-110363020791188\" \/>\n<meta property=\"article:modified_time\" content=\"2025-06-30T10:26:10+00:00\" \/>\n<meta property=\"og:image\" content=\"https:\/\/littledragon.com.pl\/wp-content\/uploads\/2025\/06\/kostka-manipulacyjna-Tiny-Tot-Yellow-1.jpg\" \/>\n\t<meta property=\"og:image:width\" content=\"720\" \/>\n\t<meta property=\"og:image:height\" content=\"720\" \/>\n\t<meta property=\"og:image:type\" content=\"image\/jpeg\" \/>\n<meta name=\"twitter:card\" content=\"summary_large_image\" \/>\n<meta name=\"twitter:label1\" content=\"Ansl. lesetid\" \/>\n\t<meta name=\"twitter:data1\" content=\"1 minutt\" \/>\n<script type=\"application\/ld+json\" class=\"yoast-schema-graph\">{\"@context\":\"https:\/\/schema.org\",\"@graph\":[{\"@type\":[\"WebPage\",\"ItemPage\"],\"@id\":\"https:\/\/littledragon.com.pl\/no\/sklep\/uncategorized-no\/newbie-handteringskubenatur-kopia\/\",\"url\":\"https:\/\/littledragon.com.pl\/no\/sklep\/uncategorized-no\/newbie-handteringskubenatur-kopia\/\",\"name\":\"NEWBIE Naturmanipulerende kube\",\"isPartOf\":{\"@id\":\"https:\/\/littledragon.com.pl\/no\/#website\"},\"primaryImageOfPage\":{\"@id\":\"https:\/\/littledragon.com.pl\/no\/sklep\/uncategorized-no\/newbie-handteringskubenatur-kopia\/#primaryimage\"},\"image\":{\"@id\":\"https:\/\/littledragon.com.pl\/no\/sklep\/uncategorized-no\/newbie-handteringskubenatur-kopia\/#primaryimage\"},\"thumbnailUrl\":\"https:\/\/littledragon.com.pl\/wp-content\/uploads\/2025\/06\/kostka-manipulacyjna-Tiny-Tot-Yellow-1.jpg\",\"datePublished\":\"2025-06-30T10:20:55+00:00\",\"dateModified\":\"2025-06-30T10:26:10+00:00\",\"description\":\"Mindre enn et h\u00e5ndteringsbrett, ideelt for en tralle eller bil. Oppdag moro og l\u00e6ring p\u00e5 farten med denne kompakte leken!\",\"breadcrumb\":{\"@id\":\"https:\/\/littledragon.com.pl\/no\/sklep\/uncategorized-no\/newbie-handteringskubenatur-kopia\/#breadcrumb\"},\"inLanguage\":\"nb-NO\",\"potentialAction\":[{\"@type\":\"ReadAction\",\"target\":[\"https:\/\/littledragon.com.pl\/no\/sklep\/uncategorized-no\/newbie-handteringskubenatur-kopia\/\"]}]},{\"@type\":\"ImageObject\",\"inLanguage\":\"nb-NO\",\"@id\":\"https:\/\/littledragon.com.pl\/no\/sklep\/uncategorized-no\/newbie-handteringskubenatur-kopia\/#primaryimage\",\"url\":\"https:\/\/littledragon.com.pl\/wp-content\/uploads\/2025\/06\/kostka-manipulacyjna-Tiny-Tot-Yellow-1.jpg\",\"contentUrl\":\"https:\/\/littledragon.com.pl\/wp-content\/uploads\/2025\/06\/kostka-manipulacyjna-Tiny-Tot-Yellow-1.jpg\",\"width\":720,\"height\":720},{\"@type\":\"BreadcrumbList\",\"@id\":\"https:\/\/littledragon.com.pl\/no\/sklep\/uncategorized-no\/newbie-handteringskubenatur-kopia\/#breadcrumb\",\"itemListElement\":[{\"@type\":\"ListItem\",\"position\":1,\"name\":\"\",\"item\":\"https:\/\/littledragon.com.pl\/no\/\"},{\"@type\":\"ListItem\",\"position\":2,\"name\":\"Butikk\",\"item\":\"https:\/\/littledragon.com.pl\/no\/butikk\/\"},{\"@type\":\"ListItem\",\"position\":3,\"name\":\"Yellow Power\",\"item\":\"https:\/\/littledragon.com.pl\/no\/yellow-power-no\/\"},{\"@type\":\"ListItem\",\"position\":4,\"name\":\"NEWBIE h\u00e5ndteringskube&lt;\/br&gt;&lt;span&gt;Natur&lt;\/span&gt; (Kopia)\"}]},{\"@type\":\"WebSite\",\"@id\":\"https:\/\/littledragon.com.pl\/no\/#website\",\"url\":\"https:\/\/littledragon.com.pl\/no\/\",\"name\":\"Little Dragon\",\"description\":\"sklep z zabawkami dla dzieci\",\"publisher\":{\"@id\":\"https:\/\/littledragon.com.pl\/no\/#organization\"},\"potentialAction\":[{\"@type\":\"SearchAction\",\"target\":{\"@type\":\"EntryPoint\",\"urlTemplate\":\"https:\/\/littledragon.com.pl\/no\/?s={search_term_string}\"},\"query-input\":{\"@type\":\"PropertyValueSpecification\",\"valueRequired\":true,\"valueName\":\"search_term_string\"}}],\"inLanguage\":\"nb-NO\"},{\"@type\":\"Organization\",\"@id\":\"https:\/\/littledragon.com.pl\/no\/#organization\",\"name\":\"Little Dragon\",\"url\":\"https:\/\/littledragon.com.pl\/no\/\",\"logo\":{\"@type\":\"ImageObject\",\"inLanguage\":\"nb-NO\",\"@id\":\"https:\/\/littledragon.com.pl\/no\/#\/schema\/logo\/image\/\",\"url\":\"https:\/\/littledragon.com.pl\/wp-content\/uploads\/2021\/04\/little-dragon-logos-all-01.png\",\"contentUrl\":\"https:\/\/littledragon.com.pl\/wp-content\/uploads\/2021\/04\/little-dragon-logos-all-01.png\",\"width\":856,\"height\":558,\"caption\":\"Little Dragon\"},\"image\":{\"@id\":\"https:\/\/littledragon.com.pl\/no\/#\/schema\/logo\/image\/\"},\"sameAs\":[\"https:\/\/www.facebook.com\/Little-Dragon-drewniane-pomoce-manipulacyjne-i-edukacyjne-110363020791188\",\"https:\/\/www.instagram.com\/littledragon.zabawki\/\"]}]}<\/script>\n<!-- \/ Yoast SEO Premium plugin. -->","yoast_head_json":{"title":"NEWBIE Naturmanipulerende kube","description":"Mindre enn et h\u00e5ndteringsbrett, ideelt for en tralle eller bil. Oppdag moro og l\u00e6ring p\u00e5 farten med denne kompakte leken!","robots":{"index":"index","follow":"follow","max-snippet":"max-snippet:-1","max-image-preview":"max-image-preview:large","max-video-preview":"max-video-preview:-1"},"canonical":"https:\/\/littledragon.com.pl\/no\/sklep\/uncategorized-no\/newbie-handteringskubenatur-kopia\/","og_locale":"nb_NO","og_type":"article","og_title":"NEWBIE h\u00e5ndteringskubeNatur (Kopia)","og_description":"Mindre enn et h\u00e5ndteringsbrett, ideelt for en tralle eller bil. Oppdag moro og l\u00e6ring p\u00e5 farten med denne kompakte leken!","og_url":"https:\/\/littledragon.com.pl\/no\/sklep\/uncategorized-no\/newbie-handteringskubenatur-kopia\/","og_site_name":"Little Dragon","article_publisher":"https:\/\/www.facebook.com\/Little-Dragon-drewniane-pomoce-manipulacyjne-i-edukacyjne-110363020791188","article_modified_time":"2025-06-30T10:26:10+00:00","og_image":[{"width":720,"height":720,"url":"https:\/\/littledragon.com.pl\/wp-content\/uploads\/2025\/06\/kostka-manipulacyjna-Tiny-Tot-Yellow-1.jpg","type":"image\/jpeg"}],"twitter_card":"summary_large_image","twitter_misc":{"Ansl. lesetid":"1 minutt"},"schema":{"@context":"https:\/\/schema.org","@graph":[{"@type":["WebPage","ItemPage"],"@id":"https:\/\/littledragon.com.pl\/no\/sklep\/uncategorized-no\/newbie-handteringskubenatur-kopia\/","url":"https:\/\/littledragon.com.pl\/no\/sklep\/uncategorized-no\/newbie-handteringskubenatur-kopia\/","name":"NEWBIE Naturmanipulerende kube","isPartOf":{"@id":"https:\/\/littledragon.com.pl\/no\/#website"},"primaryImageOfPage":{"@id":"https:\/\/littledragon.com.pl\/no\/sklep\/uncategorized-no\/newbie-handteringskubenatur-kopia\/#primaryimage"},"image":{"@id":"https:\/\/littledragon.com.pl\/no\/sklep\/uncategorized-no\/newbie-handteringskubenatur-kopia\/#primaryimage"},"thumbnailUrl":"https:\/\/littledragon.com.pl\/wp-content\/uploads\/2025\/06\/kostka-manipulacyjna-Tiny-Tot-Yellow-1.jpg","datePublished":"2025-06-30T10:20:55+00:00","dateModified":"2025-06-30T10:26:10+00:00","description":"Mindre enn et h\u00e5ndteringsbrett, ideelt for en tralle eller bil. Oppdag moro og l\u00e6ring p\u00e5 farten med denne kompakte leken!","breadcrumb":{"@id":"https:\/\/littledragon.com.pl\/no\/sklep\/uncategorized-no\/newbie-handteringskubenatur-kopia\/#breadcrumb"},"inLanguage":"nb-NO","potentialAction":[{"@type":"ReadAction","target":["https:\/\/littledragon.com.pl\/no\/sklep\/uncategorized-no\/newbie-handteringskubenatur-kopia\/"]}]},{"@type":"ImageObject","inLanguage":"nb-NO","@id":"https:\/\/littledragon.com.pl\/no\/sklep\/uncategorized-no\/newbie-handteringskubenatur-kopia\/#primaryimage","url":"https:\/\/littledragon.com.pl\/wp-content\/uploads\/2025\/06\/kostka-manipulacyjna-Tiny-Tot-Yellow-1.jpg","contentUrl":"https:\/\/littledragon.com.pl\/wp-content\/uploads\/2025\/06\/kostka-manipulacyjna-Tiny-Tot-Yellow-1.jpg","width":720,"height":720},{"@type":"BreadcrumbList","@id":"https:\/\/littledragon.com.pl\/no\/sklep\/uncategorized-no\/newbie-handteringskubenatur-kopia\/#breadcrumb","itemListElement":[{"@type":"ListItem","position":1,"name":"","item":"https:\/\/littledragon.com.pl\/no\/"},{"@type":"ListItem","position":2,"name":"Butikk","item":"https:\/\/littledragon.com.pl\/no\/butikk\/"},{"@type":"ListItem","position":3,"name":"Yellow Power","item":"https:\/\/littledragon.com.pl\/no\/yellow-power-no\/"},{"@type":"ListItem","position":4,"name":"NEWBIE h\u00e5ndteringskube&lt;\/br&gt;&lt;span&gt;Natur&lt;\/span&gt; (Kopia)"}]},{"@type":"WebSite","@id":"https:\/\/littledragon.com.pl\/no\/#website","url":"https:\/\/littledragon.com.pl\/no\/","name":"Little Dragon","description":"sklep z zabawkami dla dzieci","publisher":{"@id":"https:\/\/littledragon.com.pl\/no\/#organization"},"potentialAction":[{"@type":"SearchAction","target":{"@type":"EntryPoint","urlTemplate":"https:\/\/littledragon.com.pl\/no\/?s={search_term_string}"},"query-input":{"@type":"PropertyValueSpecification","valueRequired":true,"valueName":"search_term_string"}}],"inLanguage":"nb-NO"},{"@type":"Organization","@id":"https:\/\/littledragon.com.pl\/no\/#organization","name":"Little Dragon","url":"https:\/\/littledragon.com.pl\/no\/","logo":{"@type":"ImageObject","inLanguage":"nb-NO","@id":"https:\/\/littledragon.com.pl\/no\/#\/schema\/logo\/image\/","url":"https:\/\/littledragon.com.pl\/wp-content\/uploads\/2021\/04\/little-dragon-logos-all-01.png","contentUrl":"https:\/\/littledragon.com.pl\/wp-content\/uploads\/2021\/04\/little-dragon-logos-all-01.png","width":856,"height":558,"caption":"Little Dragon"},"image":{"@id":"https:\/\/littledragon.com.pl\/no\/#\/schema\/logo\/image\/"},"sameAs":["https:\/\/www.facebook.com\/Little-Dragon-drewniane-pomoce-manipulacyjne-i-edukacyjne-110363020791188","https:\/\/www.instagram.com\/littledragon.zabawki\/"]}]}},"_links":{"self":[{"href":"https:\/\/littledragon.com.pl\/no\/wp-json\/wp\/v2\/product\/54759","targetHints":{"allow":["GET"]}}],"collection":[{"href":"https:\/\/littledragon.com.pl\/no\/wp-json\/wp\/v2\/product"}],"about":[{"href":"https:\/\/littledragon.com.pl\/no\/wp-json\/wp\/v2\/types\/product"}],"replies":[{"embeddable":true,"href":"https:\/\/littledragon.com.pl\/no\/wp-json\/wp\/v2\/comments?post=54759"}],"version-history":[{"count":0,"href":"https:\/\/littledragon.com.pl\/no\/wp-json\/wp\/v2\/product\/54759\/revisions"}],"wp:featuredmedia":[{"embeddable":true,"href":"https:\/\/littledragon.com.pl\/no\/wp-json\/wp\/v2\/media\/55932"}],"wp:attachment":[{"href":"https:\/\/littledragon.com.pl\/no\/wp-json\/wp\/v2\/media?parent=54759"}],"wp:term":[{"taxonomy":"product_brand","embeddable":true,"href":"https:\/\/littledragon.com.pl\/no\/wp-json\/wp\/v2\/product_brand?post=54759"},{"taxonomy":"product_cat","embeddable":true,"href":"https:\/\/littledragon.com.pl\/no\/wp-json\/wp\/v2\/product_cat?post=54759"},{"taxonomy":"product_tag","embeddable":true,"href":"https:\/\/littledragon.com.pl\/no\/wp-json\/wp\/v2\/product_tag?post=54759"}],"curies":[{"name":"wp","href":"https:\/\/api.w.org\/{rel}","templated":true}]}}