{"id":50123,"date":"2021-06-10T12:20:03","date_gmt":"2021-06-10T10:20:03","guid":{"rendered":"https:\/\/littledragon.com.pl\/sklep\/ukategorisert\/funny-spinn-manovreringshjul-green-calm\/"},"modified":"2021-06-10T12:20:03","modified_gmt":"2021-06-10T10:20:03","slug":"funny-spinn-manovreringshjul-green-calm","status":"publish","type":"product","link":"https:\/\/littledragon.com.pl\/no\/sklep\/handtering-av-hjul\/funny-spinn-manovreringshjul-green-calm\/","title":{"rendered":"FUNNY SPINN man\u00f8vreringshjul <\/br><span>Green&nbsp;Calm<\/span>"},"content":{"rendered":"<h3 style=\"text-align: center;\"><strong>MANIPULERENDE HJUL &#8211; HVA ER DET?  <\/strong><\/h3>\n<p><a href=\"\/?product_cat=candy-world-kola-manipulacyjne\">Manipulasjonshjulet<\/a> er en mindre og rundere form av manipulasjonstavlen. Den er mindre, men dette gj\u00f8r den mobil. S\u00e5 du kan ta dem med deg, eller du kan leke med dem p\u00e5 kj\u00f8kkengulvet mens du lager middag. Med sine varierte elementer og sin vennlige form sikrer den barnets utvikling p\u00e5 mange niv\u00e5er.<\/p>\n","protected":false},"excerpt":{"rendered":"<p>Et manipulerende eventyr stavet med en magisk sirkel. Den roterende sokkelen er en ekstra attraksjon. Takket v\u00e6re den dynamiske formen har barnet tilgang til alle elementene p\u00e5 hjulet og kan leke med dem fra begge sider.<\/p>\n","protected":false},"featured_media":48272,"comment_status":"open","ping_status":"closed","template":"","meta":[],"product_brand":[],"product_cat":[15040,15041,14957],"product_tag":[15042,14965,14819],"class_list":{"0":"post-50123","1":"product","2":"type-product","3":"status-publish","4":"has-post-thumbnail","6":"product_cat-gronn-ro-no-2","7":"product_cat-svingbare-hjul","8":"product_cat-handtering-av-hjul","9":"product_tag-roterende-manipulasjonstavle","10":"product_tag-bursdagsgave","11":"product_tag-pedagogisk-leketoy","13":"first","14":"outofstock","15":"shipping-taxable","16":"purchasable","17":"product-type-simple"},"yoast_head":"<!-- This site is optimized with the Yoast SEO Premium plugin v26.1 (Yoast SEO v26.1.1) - https:\/\/yoast.com\/wordpress\/plugins\/seo\/ -->\n<title>FUNNY SPINN man\u00f8vreringshjul Green&nbsp;Calm - Little Dragon<\/title>\n<meta name=\"description\" content=\"Oppdag et manipulativt eventyr i et magisk hjul med roterende bunn. Det dynamiske skjemaet sikrer at barnet har tilgang til alle elementer fra alle sider.\" \/>\n<meta name=\"robots\" content=\"index, follow, max-snippet:-1, max-image-preview:large, max-video-preview:-1\" \/>\n<link rel=\"canonical\" href=\"https:\/\/littledragon.com.pl\/no\/sklep\/handtering-av-hjul\/funny-spinn-manovreringshjul-green-calm\/\" \/>\n<meta property=\"og:locale\" content=\"nb_NO\" \/>\n<meta property=\"og:type\" content=\"article\" \/>\n<meta property=\"og:title\" content=\"FUNNY SPINN man\u00f8vreringshjul Green&nbsp;Calm\" \/>\n<meta property=\"og:description\" content=\"Oppdag et manipulativt eventyr i et magisk hjul med roterende bunn. Det dynamiske skjemaet sikrer at barnet har tilgang til alle elementer fra alle sider.\" \/>\n<meta property=\"og:url\" content=\"https:\/\/littledragon.com.pl\/no\/sklep\/handtering-av-hjul\/funny-spinn-manovreringshjul-green-calm\/\" \/>\n<meta property=\"og:site_name\" content=\"Little Dragon\" \/>\n<meta property=\"article:publisher\" content=\"https:\/\/www.facebook.com\/Little-Dragon-drewniane-pomoce-manipulacyjne-i-edukacyjne-110363020791188\" \/>\n<meta property=\"og:image\" content=\"https:\/\/littledragon.com.pl\/wp-content\/uploads\/2021\/06\/Little-Dragon-637.jpg\" \/>\n\t<meta property=\"og:image:width\" content=\"1800\" \/>\n\t<meta property=\"og:image:height\" content=\"1200\" \/>\n\t<meta property=\"og:image:type\" content=\"image\/jpeg\" \/>\n<meta name=\"twitter:card\" content=\"summary_large_image\" \/>\n<script type=\"application\/ld+json\" class=\"yoast-schema-graph\">{\"@context\":\"https:\/\/schema.org\",\"@graph\":[{\"@type\":[\"WebPage\",\"ItemPage\"],\"@id\":\"https:\/\/littledragon.com.pl\/no\/sklep\/handtering-av-hjul\/funny-spinn-manovreringshjul-green-calm\/\",\"url\":\"https:\/\/littledragon.com.pl\/no\/sklep\/handtering-av-hjul\/funny-spinn-manovreringshjul-green-calm\/\",\"name\":\"FUNNY SPINN man\u00f8vreringshjul Green&nbsp;Calm - Little Dragon\",\"isPartOf\":{\"@id\":\"https:\/\/littledragon.com.pl\/no\/#website\"},\"primaryImageOfPage\":{\"@id\":\"https:\/\/littledragon.com.pl\/no\/sklep\/handtering-av-hjul\/funny-spinn-manovreringshjul-green-calm\/#primaryimage\"},\"image\":{\"@id\":\"https:\/\/littledragon.com.pl\/no\/sklep\/handtering-av-hjul\/funny-spinn-manovreringshjul-green-calm\/#primaryimage\"},\"thumbnailUrl\":\"https:\/\/littledragon.com.pl\/wp-content\/uploads\/2021\/06\/Little-Dragon-637.jpg\",\"datePublished\":\"2021-06-10T10:20:03+00:00\",\"description\":\"Oppdag et manipulativt eventyr i et magisk hjul med roterende bunn. Det dynamiske skjemaet sikrer at barnet har tilgang til alle elementer fra alle sider.\",\"breadcrumb\":{\"@id\":\"https:\/\/littledragon.com.pl\/no\/sklep\/handtering-av-hjul\/funny-spinn-manovreringshjul-green-calm\/#breadcrumb\"},\"inLanguage\":\"nb-NO\",\"potentialAction\":[{\"@type\":\"ReadAction\",\"target\":[\"https:\/\/littledragon.com.pl\/no\/sklep\/handtering-av-hjul\/funny-spinn-manovreringshjul-green-calm\/\"]}]},{\"@type\":\"ImageObject\",\"inLanguage\":\"nb-NO\",\"@id\":\"https:\/\/littledragon.com.pl\/no\/sklep\/handtering-av-hjul\/funny-spinn-manovreringshjul-green-calm\/#primaryimage\",\"url\":\"https:\/\/littledragon.com.pl\/wp-content\/uploads\/2021\/06\/Little-Dragon-637.jpg\",\"contentUrl\":\"https:\/\/littledragon.com.pl\/wp-content\/uploads\/2021\/06\/Little-Dragon-637.jpg\",\"width\":1800,\"height\":1200,\"caption\":\"Little-Dragon\"},{\"@type\":\"BreadcrumbList\",\"@id\":\"https:\/\/littledragon.com.pl\/no\/sklep\/handtering-av-hjul\/funny-spinn-manovreringshjul-green-calm\/#breadcrumb\",\"itemListElement\":[{\"@type\":\"ListItem\",\"position\":1,\"name\":\"\",\"item\":\"https:\/\/littledragon.com.pl\/no\/\"},{\"@type\":\"ListItem\",\"position\":2,\"name\":\"Butikk\",\"item\":\"https:\/\/littledragon.com.pl\/no\/butikk\/\"},{\"@type\":\"ListItem\",\"position\":3,\"name\":\"Gr\u00f8nn ro\",\"item\":\"https:\/\/littledragon.com.pl\/no\/gronn-ro-no-2\/\"},{\"@type\":\"ListItem\",\"position\":4,\"name\":\"FUNNY SPINN man\u00f8vreringshjul &lt;\/br&gt;&lt;span&gt;Green&nbsp;Calm&lt;\/span&gt;\"}]},{\"@type\":\"WebSite\",\"@id\":\"https:\/\/littledragon.com.pl\/no\/#website\",\"url\":\"https:\/\/littledragon.com.pl\/no\/\",\"name\":\"Little Dragon\",\"description\":\"sklep z zabawkami dla dzieci\",\"publisher\":{\"@id\":\"https:\/\/littledragon.com.pl\/no\/#organization\"},\"potentialAction\":[{\"@type\":\"SearchAction\",\"target\":{\"@type\":\"EntryPoint\",\"urlTemplate\":\"https:\/\/littledragon.com.pl\/no\/?s={search_term_string}\"},\"query-input\":{\"@type\":\"PropertyValueSpecification\",\"valueRequired\":true,\"valueName\":\"search_term_string\"}}],\"inLanguage\":\"nb-NO\"},{\"@type\":\"Organization\",\"@id\":\"https:\/\/littledragon.com.pl\/no\/#organization\",\"name\":\"Little Dragon\",\"url\":\"https:\/\/littledragon.com.pl\/no\/\",\"logo\":{\"@type\":\"ImageObject\",\"inLanguage\":\"nb-NO\",\"@id\":\"https:\/\/littledragon.com.pl\/no\/#\/schema\/logo\/image\/\",\"url\":\"https:\/\/littledragon.com.pl\/wp-content\/uploads\/2021\/04\/little-dragon-logos-all-01.png\",\"contentUrl\":\"https:\/\/littledragon.com.pl\/wp-content\/uploads\/2021\/04\/little-dragon-logos-all-01.png\",\"width\":856,\"height\":558,\"caption\":\"Little Dragon\"},\"image\":{\"@id\":\"https:\/\/littledragon.com.pl\/no\/#\/schema\/logo\/image\/\"},\"sameAs\":[\"https:\/\/www.facebook.com\/Little-Dragon-drewniane-pomoce-manipulacyjne-i-edukacyjne-110363020791188\",\"https:\/\/www.instagram.com\/littledragon.zabawki\/\"]}]}<\/script>\n<!-- \/ Yoast SEO Premium plugin. -->","yoast_head_json":{"title":"FUNNY SPINN man\u00f8vreringshjul Green&nbsp;Calm - Little Dragon","description":"Oppdag et manipulativt eventyr i et magisk hjul med roterende bunn. Det dynamiske skjemaet sikrer at barnet har tilgang til alle elementer fra alle sider.","robots":{"index":"index","follow":"follow","max-snippet":"max-snippet:-1","max-image-preview":"max-image-preview:large","max-video-preview":"max-video-preview:-1"},"canonical":"https:\/\/littledragon.com.pl\/no\/sklep\/handtering-av-hjul\/funny-spinn-manovreringshjul-green-calm\/","og_locale":"nb_NO","og_type":"article","og_title":"FUNNY SPINN man\u00f8vreringshjul Green&nbsp;Calm","og_description":"Oppdag et manipulativt eventyr i et magisk hjul med roterende bunn. Det dynamiske skjemaet sikrer at barnet har tilgang til alle elementer fra alle sider.","og_url":"https:\/\/littledragon.com.pl\/no\/sklep\/handtering-av-hjul\/funny-spinn-manovreringshjul-green-calm\/","og_site_name":"Little Dragon","article_publisher":"https:\/\/www.facebook.com\/Little-Dragon-drewniane-pomoce-manipulacyjne-i-edukacyjne-110363020791188","og_image":[{"width":1800,"height":1200,"url":"https:\/\/littledragon.com.pl\/wp-content\/uploads\/2021\/06\/Little-Dragon-637.jpg","type":"image\/jpeg"}],"twitter_card":"summary_large_image","schema":{"@context":"https:\/\/schema.org","@graph":[{"@type":["WebPage","ItemPage"],"@id":"https:\/\/littledragon.com.pl\/no\/sklep\/handtering-av-hjul\/funny-spinn-manovreringshjul-green-calm\/","url":"https:\/\/littledragon.com.pl\/no\/sklep\/handtering-av-hjul\/funny-spinn-manovreringshjul-green-calm\/","name":"FUNNY SPINN man\u00f8vreringshjul Green&nbsp;Calm - Little Dragon","isPartOf":{"@id":"https:\/\/littledragon.com.pl\/no\/#website"},"primaryImageOfPage":{"@id":"https:\/\/littledragon.com.pl\/no\/sklep\/handtering-av-hjul\/funny-spinn-manovreringshjul-green-calm\/#primaryimage"},"image":{"@id":"https:\/\/littledragon.com.pl\/no\/sklep\/handtering-av-hjul\/funny-spinn-manovreringshjul-green-calm\/#primaryimage"},"thumbnailUrl":"https:\/\/littledragon.com.pl\/wp-content\/uploads\/2021\/06\/Little-Dragon-637.jpg","datePublished":"2021-06-10T10:20:03+00:00","description":"Oppdag et manipulativt eventyr i et magisk hjul med roterende bunn. Det dynamiske skjemaet sikrer at barnet har tilgang til alle elementer fra alle sider.","breadcrumb":{"@id":"https:\/\/littledragon.com.pl\/no\/sklep\/handtering-av-hjul\/funny-spinn-manovreringshjul-green-calm\/#breadcrumb"},"inLanguage":"nb-NO","potentialAction":[{"@type":"ReadAction","target":["https:\/\/littledragon.com.pl\/no\/sklep\/handtering-av-hjul\/funny-spinn-manovreringshjul-green-calm\/"]}]},{"@type":"ImageObject","inLanguage":"nb-NO","@id":"https:\/\/littledragon.com.pl\/no\/sklep\/handtering-av-hjul\/funny-spinn-manovreringshjul-green-calm\/#primaryimage","url":"https:\/\/littledragon.com.pl\/wp-content\/uploads\/2021\/06\/Little-Dragon-637.jpg","contentUrl":"https:\/\/littledragon.com.pl\/wp-content\/uploads\/2021\/06\/Little-Dragon-637.jpg","width":1800,"height":1200,"caption":"Little-Dragon"},{"@type":"BreadcrumbList","@id":"https:\/\/littledragon.com.pl\/no\/sklep\/handtering-av-hjul\/funny-spinn-manovreringshjul-green-calm\/#breadcrumb","itemListElement":[{"@type":"ListItem","position":1,"name":"","item":"https:\/\/littledragon.com.pl\/no\/"},{"@type":"ListItem","position":2,"name":"Butikk","item":"https:\/\/littledragon.com.pl\/no\/butikk\/"},{"@type":"ListItem","position":3,"name":"Gr\u00f8nn ro","item":"https:\/\/littledragon.com.pl\/no\/gronn-ro-no-2\/"},{"@type":"ListItem","position":4,"name":"FUNNY SPINN man\u00f8vreringshjul &lt;\/br&gt;&lt;span&gt;Green&nbsp;Calm&lt;\/span&gt;"}]},{"@type":"WebSite","@id":"https:\/\/littledragon.com.pl\/no\/#website","url":"https:\/\/littledragon.com.pl\/no\/","name":"Little Dragon","description":"sklep z zabawkami dla dzieci","publisher":{"@id":"https:\/\/littledragon.com.pl\/no\/#organization"},"potentialAction":[{"@type":"SearchAction","target":{"@type":"EntryPoint","urlTemplate":"https:\/\/littledragon.com.pl\/no\/?s={search_term_string}"},"query-input":{"@type":"PropertyValueSpecification","valueRequired":true,"valueName":"search_term_string"}}],"inLanguage":"nb-NO"},{"@type":"Organization","@id":"https:\/\/littledragon.com.pl\/no\/#organization","name":"Little Dragon","url":"https:\/\/littledragon.com.pl\/no\/","logo":{"@type":"ImageObject","inLanguage":"nb-NO","@id":"https:\/\/littledragon.com.pl\/no\/#\/schema\/logo\/image\/","url":"https:\/\/littledragon.com.pl\/wp-content\/uploads\/2021\/04\/little-dragon-logos-all-01.png","contentUrl":"https:\/\/littledragon.com.pl\/wp-content\/uploads\/2021\/04\/little-dragon-logos-all-01.png","width":856,"height":558,"caption":"Little Dragon"},"image":{"@id":"https:\/\/littledragon.com.pl\/no\/#\/schema\/logo\/image\/"},"sameAs":["https:\/\/www.facebook.com\/Little-Dragon-drewniane-pomoce-manipulacyjne-i-edukacyjne-110363020791188","https:\/\/www.instagram.com\/littledragon.zabawki\/"]}]}},"_links":{"self":[{"href":"https:\/\/littledragon.com.pl\/no\/wp-json\/wp\/v2\/product\/50123","targetHints":{"allow":["GET"]}}],"collection":[{"href":"https:\/\/littledragon.com.pl\/no\/wp-json\/wp\/v2\/product"}],"about":[{"href":"https:\/\/littledragon.com.pl\/no\/wp-json\/wp\/v2\/types\/product"}],"replies":[{"embeddable":true,"href":"https:\/\/littledragon.com.pl\/no\/wp-json\/wp\/v2\/comments?post=50123"}],"version-history":[{"count":0,"href":"https:\/\/littledragon.com.pl\/no\/wp-json\/wp\/v2\/product\/50123\/revisions"}],"wp:featuredmedia":[{"embeddable":true,"href":"https:\/\/littledragon.com.pl\/no\/wp-json\/wp\/v2\/media\/48272"}],"wp:attachment":[{"href":"https:\/\/littledragon.com.pl\/no\/wp-json\/wp\/v2\/media?parent=50123"}],"wp:term":[{"taxonomy":"product_brand","embeddable":true,"href":"https:\/\/littledragon.com.pl\/no\/wp-json\/wp\/v2\/product_brand?post=50123"},{"taxonomy":"product_cat","embeddable":true,"href":"https:\/\/littledragon.com.pl\/no\/wp-json\/wp\/v2\/product_cat?post=50123"},{"taxonomy":"product_tag","embeddable":true,"href":"https:\/\/littledragon.com.pl\/no\/wp-json\/wp\/v2\/product_tag?post=50123"}],"curies":[{"name":"wp","href":"https:\/\/api.w.org\/{rel}","templated":true}]}}