{"id":49889,"date":"2021-12-08T10:19:17","date_gmt":"2021-12-08T09:19:17","guid":{"rendered":"https:\/\/littledragon.com.pl\/sklep\/ukategorisert\/smart-2-0-handteringskubebla\/"},"modified":"2026-03-23T17:47:32","modified_gmt":"2026-03-23T16:47:32","slug":"smart-2-0-handteringskubebla","status":"publish","type":"product","link":"https:\/\/littledragon.com.pl\/no\/sklep\/uncategorized-no\/smart-2-0-handteringskubebla\/","title":{"rendered":"SMART 2.0 h\u00e5ndteringskube<\/br><span>Bl\u00e5<\/span>"},"content":{"rendered":"<h2>Blue Smart 2.0 Manipulativ kube &#8211; Bl\u00e5<\/h2>\n<p>Little Dragon manipulative kuber er utviklet med utgangspunkt i fargeterapi og inspirert av Maria Montessoris pedagogikk.<\/p>\n<p>I tr\u00e5d med en av grunnprinsippene &#8211; &laquo;barn fra null til seks \u00e5r er utforskere, de utforsker omgivelsene og tar dem til seg&raquo; &#8211; ble det laget interaktive kuber for \u00e5 f\u00e5 barn til \u00e5 oppdage virkeligheten, men i sitt eget tempo og i et trygt rom.<\/p>\n<p>Den manipulerende kuben er et originalt leket\u00f8y i tre som du kan ta med deg overalt der du trenger \u00e5 sysselsette barnet ditt med noe virkelig engasjerende.<\/p>\n<p>For barn er lek helt naturlig. S\u00e5 la oss s\u00f8rge for at de sm\u00e5 ogs\u00e5 f\u00e5r muligheten til \u00e5 l\u00e6re noe i l\u00f8pet av den.<\/p>\n<p>Den manipulerende og sensoriske kuben er et utmerket pedagogisk hjelpemiddel for \u00e5 st\u00f8tte utviklingen av mange ferdigheter. Den har elementer som bidrar til \u00e5 \u00f8ve opp pincettgrepet, oppmuntrer til kreative oppfatninger av verden, l\u00e6rer deg selvstendighet og logisk tenkning, og mye mer.<\/p>\n<p>Sjekk ogs\u00e5 ut v\u00e5re andre <a href=\"\/puzzles\/\"><br \/>\n  <strong>puslespill for venstre hjernehalvdel<\/strong><br \/>\n<\/a><strong> <a href=\"\/tables-manipulation\/\">manipulative brett<\/a><\/strong> samt <a href=\"\/manipuleringskuber\/\"><br \/>\n  <strong>h\u00e5ndtering av kuber<\/strong><br \/>\n<\/a>, <strong><br \/>\n  <a href=\"\/manipulasjonssirkler\/\">manipulerende hjul<\/a><br \/>\n<\/strong> og manipulative <strong><a href=\"\/manipuleringstabletter\/\">nettbrett<\/a><\/strong>.<\/p>\n","protected":false},"excerpt":{"rendered":"<p>Smart 2.0-manipulasjonskuben er den perfekte gaven til et barn og vil gi utforskende moro i lang tid fremover. Velg den bl\u00e5 versjonen av kuben hvis barnet ditt har konsentrasjonsproblemer og synes det er vanskelig \u00e5 holde fokus.<\/p>\n","protected":false},"featured_media":48566,"comment_status":"open","ping_status":"closed","template":"","meta":[],"product_brand":[],"product_cat":[14889,14780],"product_tag":[14890,14891,14892,14893,14818,14819,14821,14824],"class_list":{"0":"post-49889","1":"product","2":"type-product","3":"status-publish","4":"has-post-thumbnail","6":"product_cat-handteringskuber-midi-7-cm","7":"product_cat-uncategorized-no","8":"product_tag-barneleketoy","9":"product_tag-manipulerende-leketoy","10":"product_tag-leketoy-av-tre","11":"product_tag-leketoy-for-en-toaring","12":"product_tag-handteringstavle","13":"product_tag-pedagogisk-leketoy","14":"product_tag-montessori-leke","15":"product_tag-handterapi","17":"first","18":"outofstock","19":"shipping-taxable","20":"purchasable","21":"product-type-simple"},"yoast_head":"<!-- This site is optimized with the Yoast SEO Premium plugin v26.1 (Yoast SEO v26.1.1) - https:\/\/yoast.com\/wordpress\/plugins\/seo\/ -->\n<title>SMART 2.0 manipuleringskube - bl\u00e5 elementer<\/title>\n<meta name=\"description\" content=\"Mobil manipulasjonstavle for reiser! Et leket\u00f8y som forhindrer at barnet ditt kjeder seg, ideelt for utflukter. Oppdag den morsomme og l\u00e6rerike verdien!\" \/>\n<meta name=\"robots\" content=\"index, follow, max-snippet:-1, max-image-preview:large, max-video-preview:-1\" \/>\n<link rel=\"canonical\" href=\"https:\/\/littledragon.com.pl\/no\/sklep\/uncategorized-no\/smart-2-0-handteringskubebla\/\" \/>\n<meta property=\"og:locale\" content=\"nb_NO\" \/>\n<meta property=\"og:type\" content=\"article\" \/>\n<meta property=\"og:title\" content=\"SMART 2.0 h\u00e5ndteringskubeBl\u00e5\" \/>\n<meta property=\"og:description\" content=\"Mobil manipulasjonstavle for reiser! Et leket\u00f8y som forhindrer at barnet ditt kjeder seg, ideelt for utflukter. Oppdag den morsomme og l\u00e6rerike verdien!\" \/>\n<meta property=\"og:url\" content=\"https:\/\/littledragon.com.pl\/no\/sklep\/uncategorized-no\/smart-2-0-handteringskubebla\/\" \/>\n<meta property=\"og:site_name\" content=\"Little Dragon\" \/>\n<meta property=\"article:publisher\" content=\"https:\/\/www.facebook.com\/Little-Dragon-drewniane-pomoce-manipulacyjne-i-edukacyjne-110363020791188\" \/>\n<meta property=\"article:modified_time\" content=\"2026-03-23T16:47:32+00:00\" \/>\n<meta property=\"og:image\" content=\"https:\/\/littledragon.com.pl\/wp-content\/uploads\/2021\/12\/Little-Dragon-4525.jpg\" \/>\n\t<meta property=\"og:image:width\" content=\"1350\" \/>\n\t<meta property=\"og:image:height\" content=\"1800\" \/>\n\t<meta property=\"og:image:type\" content=\"image\/jpeg\" \/>\n<meta name=\"twitter:card\" content=\"summary_large_image\" \/>\n<meta name=\"twitter:label1\" content=\"Ansl. lesetid\" \/>\n\t<meta name=\"twitter:data1\" content=\"1 minutt\" \/>\n<script type=\"application\/ld+json\" class=\"yoast-schema-graph\">{\"@context\":\"https:\/\/schema.org\",\"@graph\":[{\"@type\":[\"WebPage\",\"ItemPage\"],\"@id\":\"https:\/\/littledragon.com.pl\/no\/sklep\/uncategorized-no\/smart-2-0-handteringskubebla\/\",\"url\":\"https:\/\/littledragon.com.pl\/no\/sklep\/uncategorized-no\/smart-2-0-handteringskubebla\/\",\"name\":\"SMART 2.0 manipuleringskube - bl\u00e5 elementer\",\"isPartOf\":{\"@id\":\"https:\/\/littledragon.com.pl\/no\/#website\"},\"primaryImageOfPage\":{\"@id\":\"https:\/\/littledragon.com.pl\/no\/sklep\/uncategorized-no\/smart-2-0-handteringskubebla\/#primaryimage\"},\"image\":{\"@id\":\"https:\/\/littledragon.com.pl\/no\/sklep\/uncategorized-no\/smart-2-0-handteringskubebla\/#primaryimage\"},\"thumbnailUrl\":\"https:\/\/littledragon.com.pl\/wp-content\/uploads\/2021\/12\/Little-Dragon-4525.jpg\",\"datePublished\":\"2021-12-08T09:19:17+00:00\",\"dateModified\":\"2026-03-23T16:47:32+00:00\",\"description\":\"Mobil manipulasjonstavle for reiser! Et leket\u00f8y som forhindrer at barnet ditt kjeder seg, ideelt for utflukter. Oppdag den morsomme og l\u00e6rerike verdien!\",\"breadcrumb\":{\"@id\":\"https:\/\/littledragon.com.pl\/no\/sklep\/uncategorized-no\/smart-2-0-handteringskubebla\/#breadcrumb\"},\"inLanguage\":\"nb-NO\",\"potentialAction\":[{\"@type\":\"ReadAction\",\"target\":[\"https:\/\/littledragon.com.pl\/no\/sklep\/uncategorized-no\/smart-2-0-handteringskubebla\/\"]}]},{\"@type\":\"ImageObject\",\"inLanguage\":\"nb-NO\",\"@id\":\"https:\/\/littledragon.com.pl\/no\/sklep\/uncategorized-no\/smart-2-0-handteringskubebla\/#primaryimage\",\"url\":\"https:\/\/littledragon.com.pl\/wp-content\/uploads\/2021\/12\/Little-Dragon-4525.jpg\",\"contentUrl\":\"https:\/\/littledragon.com.pl\/wp-content\/uploads\/2021\/12\/Little-Dragon-4525.jpg\",\"width\":1350,\"height\":1800,\"caption\":\"Little-Dragon\"},{\"@type\":\"BreadcrumbList\",\"@id\":\"https:\/\/littledragon.com.pl\/no\/sklep\/uncategorized-no\/smart-2-0-handteringskubebla\/#breadcrumb\",\"itemListElement\":[{\"@type\":\"ListItem\",\"position\":1,\"name\":\"\",\"item\":\"https:\/\/littledragon.com.pl\/no\/\"},{\"@type\":\"ListItem\",\"position\":2,\"name\":\"Butikk\",\"item\":\"https:\/\/littledragon.com.pl\/no\/butikk\/\"},{\"@type\":\"ListItem\",\"position\":3,\"name\":\"H\u00e5ndteringskuber midi (7 cm)\",\"item\":\"https:\/\/littledragon.com.pl\/no\/handteringskuber-midi-7-cm\/\"},{\"@type\":\"ListItem\",\"position\":4,\"name\":\"SMART 2.0 h\u00e5ndteringskube&lt;\/br&gt;&lt;span&gt;Bl\u00e5&lt;\/span&gt;\"}]},{\"@type\":\"WebSite\",\"@id\":\"https:\/\/littledragon.com.pl\/no\/#website\",\"url\":\"https:\/\/littledragon.com.pl\/no\/\",\"name\":\"Little Dragon\",\"description\":\"sklep z zabawkami dla dzieci\",\"publisher\":{\"@id\":\"https:\/\/littledragon.com.pl\/no\/#organization\"},\"potentialAction\":[{\"@type\":\"SearchAction\",\"target\":{\"@type\":\"EntryPoint\",\"urlTemplate\":\"https:\/\/littledragon.com.pl\/no\/?s={search_term_string}\"},\"query-input\":{\"@type\":\"PropertyValueSpecification\",\"valueRequired\":true,\"valueName\":\"search_term_string\"}}],\"inLanguage\":\"nb-NO\"},{\"@type\":\"Organization\",\"@id\":\"https:\/\/littledragon.com.pl\/no\/#organization\",\"name\":\"Little Dragon\",\"url\":\"https:\/\/littledragon.com.pl\/no\/\",\"logo\":{\"@type\":\"ImageObject\",\"inLanguage\":\"nb-NO\",\"@id\":\"https:\/\/littledragon.com.pl\/no\/#\/schema\/logo\/image\/\",\"url\":\"https:\/\/littledragon.com.pl\/wp-content\/uploads\/2021\/04\/little-dragon-logos-all-01.png\",\"contentUrl\":\"https:\/\/littledragon.com.pl\/wp-content\/uploads\/2021\/04\/little-dragon-logos-all-01.png\",\"width\":856,\"height\":558,\"caption\":\"Little Dragon\"},\"image\":{\"@id\":\"https:\/\/littledragon.com.pl\/no\/#\/schema\/logo\/image\/\"},\"sameAs\":[\"https:\/\/www.facebook.com\/Little-Dragon-drewniane-pomoce-manipulacyjne-i-edukacyjne-110363020791188\",\"https:\/\/www.instagram.com\/littledragon.zabawki\/\"]}]}<\/script>\n<!-- \/ Yoast SEO Premium plugin. -->","yoast_head_json":{"title":"SMART 2.0 manipuleringskube - bl\u00e5 elementer","description":"Mobil manipulasjonstavle for reiser! Et leket\u00f8y som forhindrer at barnet ditt kjeder seg, ideelt for utflukter. Oppdag den morsomme og l\u00e6rerike verdien!","robots":{"index":"index","follow":"follow","max-snippet":"max-snippet:-1","max-image-preview":"max-image-preview:large","max-video-preview":"max-video-preview:-1"},"canonical":"https:\/\/littledragon.com.pl\/no\/sklep\/uncategorized-no\/smart-2-0-handteringskubebla\/","og_locale":"nb_NO","og_type":"article","og_title":"SMART 2.0 h\u00e5ndteringskubeBl\u00e5","og_description":"Mobil manipulasjonstavle for reiser! Et leket\u00f8y som forhindrer at barnet ditt kjeder seg, ideelt for utflukter. Oppdag den morsomme og l\u00e6rerike verdien!","og_url":"https:\/\/littledragon.com.pl\/no\/sklep\/uncategorized-no\/smart-2-0-handteringskubebla\/","og_site_name":"Little Dragon","article_publisher":"https:\/\/www.facebook.com\/Little-Dragon-drewniane-pomoce-manipulacyjne-i-edukacyjne-110363020791188","article_modified_time":"2026-03-23T16:47:32+00:00","og_image":[{"width":1350,"height":1800,"url":"https:\/\/littledragon.com.pl\/wp-content\/uploads\/2021\/12\/Little-Dragon-4525.jpg","type":"image\/jpeg"}],"twitter_card":"summary_large_image","twitter_misc":{"Ansl. lesetid":"1 minutt"},"schema":{"@context":"https:\/\/schema.org","@graph":[{"@type":["WebPage","ItemPage"],"@id":"https:\/\/littledragon.com.pl\/no\/sklep\/uncategorized-no\/smart-2-0-handteringskubebla\/","url":"https:\/\/littledragon.com.pl\/no\/sklep\/uncategorized-no\/smart-2-0-handteringskubebla\/","name":"SMART 2.0 manipuleringskube - bl\u00e5 elementer","isPartOf":{"@id":"https:\/\/littledragon.com.pl\/no\/#website"},"primaryImageOfPage":{"@id":"https:\/\/littledragon.com.pl\/no\/sklep\/uncategorized-no\/smart-2-0-handteringskubebla\/#primaryimage"},"image":{"@id":"https:\/\/littledragon.com.pl\/no\/sklep\/uncategorized-no\/smart-2-0-handteringskubebla\/#primaryimage"},"thumbnailUrl":"https:\/\/littledragon.com.pl\/wp-content\/uploads\/2021\/12\/Little-Dragon-4525.jpg","datePublished":"2021-12-08T09:19:17+00:00","dateModified":"2026-03-23T16:47:32+00:00","description":"Mobil manipulasjonstavle for reiser! Et leket\u00f8y som forhindrer at barnet ditt kjeder seg, ideelt for utflukter. Oppdag den morsomme og l\u00e6rerike verdien!","breadcrumb":{"@id":"https:\/\/littledragon.com.pl\/no\/sklep\/uncategorized-no\/smart-2-0-handteringskubebla\/#breadcrumb"},"inLanguage":"nb-NO","potentialAction":[{"@type":"ReadAction","target":["https:\/\/littledragon.com.pl\/no\/sklep\/uncategorized-no\/smart-2-0-handteringskubebla\/"]}]},{"@type":"ImageObject","inLanguage":"nb-NO","@id":"https:\/\/littledragon.com.pl\/no\/sklep\/uncategorized-no\/smart-2-0-handteringskubebla\/#primaryimage","url":"https:\/\/littledragon.com.pl\/wp-content\/uploads\/2021\/12\/Little-Dragon-4525.jpg","contentUrl":"https:\/\/littledragon.com.pl\/wp-content\/uploads\/2021\/12\/Little-Dragon-4525.jpg","width":1350,"height":1800,"caption":"Little-Dragon"},{"@type":"BreadcrumbList","@id":"https:\/\/littledragon.com.pl\/no\/sklep\/uncategorized-no\/smart-2-0-handteringskubebla\/#breadcrumb","itemListElement":[{"@type":"ListItem","position":1,"name":"","item":"https:\/\/littledragon.com.pl\/no\/"},{"@type":"ListItem","position":2,"name":"Butikk","item":"https:\/\/littledragon.com.pl\/no\/butikk\/"},{"@type":"ListItem","position":3,"name":"H\u00e5ndteringskuber midi (7 cm)","item":"https:\/\/littledragon.com.pl\/no\/handteringskuber-midi-7-cm\/"},{"@type":"ListItem","position":4,"name":"SMART 2.0 h\u00e5ndteringskube&lt;\/br&gt;&lt;span&gt;Bl\u00e5&lt;\/span&gt;"}]},{"@type":"WebSite","@id":"https:\/\/littledragon.com.pl\/no\/#website","url":"https:\/\/littledragon.com.pl\/no\/","name":"Little Dragon","description":"sklep z zabawkami dla dzieci","publisher":{"@id":"https:\/\/littledragon.com.pl\/no\/#organization"},"potentialAction":[{"@type":"SearchAction","target":{"@type":"EntryPoint","urlTemplate":"https:\/\/littledragon.com.pl\/no\/?s={search_term_string}"},"query-input":{"@type":"PropertyValueSpecification","valueRequired":true,"valueName":"search_term_string"}}],"inLanguage":"nb-NO"},{"@type":"Organization","@id":"https:\/\/littledragon.com.pl\/no\/#organization","name":"Little Dragon","url":"https:\/\/littledragon.com.pl\/no\/","logo":{"@type":"ImageObject","inLanguage":"nb-NO","@id":"https:\/\/littledragon.com.pl\/no\/#\/schema\/logo\/image\/","url":"https:\/\/littledragon.com.pl\/wp-content\/uploads\/2021\/04\/little-dragon-logos-all-01.png","contentUrl":"https:\/\/littledragon.com.pl\/wp-content\/uploads\/2021\/04\/little-dragon-logos-all-01.png","width":856,"height":558,"caption":"Little Dragon"},"image":{"@id":"https:\/\/littledragon.com.pl\/no\/#\/schema\/logo\/image\/"},"sameAs":["https:\/\/www.facebook.com\/Little-Dragon-drewniane-pomoce-manipulacyjne-i-edukacyjne-110363020791188","https:\/\/www.instagram.com\/littledragon.zabawki\/"]}]}},"_links":{"self":[{"href":"https:\/\/littledragon.com.pl\/no\/wp-json\/wp\/v2\/product\/49889","targetHints":{"allow":["GET"]}}],"collection":[{"href":"https:\/\/littledragon.com.pl\/no\/wp-json\/wp\/v2\/product"}],"about":[{"href":"https:\/\/littledragon.com.pl\/no\/wp-json\/wp\/v2\/types\/product"}],"replies":[{"embeddable":true,"href":"https:\/\/littledragon.com.pl\/no\/wp-json\/wp\/v2\/comments?post=49889"}],"version-history":[{"count":0,"href":"https:\/\/littledragon.com.pl\/no\/wp-json\/wp\/v2\/product\/49889\/revisions"}],"wp:featuredmedia":[{"embeddable":true,"href":"https:\/\/littledragon.com.pl\/no\/wp-json\/wp\/v2\/media\/48566"}],"wp:attachment":[{"href":"https:\/\/littledragon.com.pl\/no\/wp-json\/wp\/v2\/media?parent=49889"}],"wp:term":[{"taxonomy":"product_brand","embeddable":true,"href":"https:\/\/littledragon.com.pl\/no\/wp-json\/wp\/v2\/product_brand?post=49889"},{"taxonomy":"product_cat","embeddable":true,"href":"https:\/\/littledragon.com.pl\/no\/wp-json\/wp\/v2\/product_cat?post=49889"},{"taxonomy":"product_tag","embeddable":true,"href":"https:\/\/littledragon.com.pl\/no\/wp-json\/wp\/v2\/product_tag?post=49889"}],"curies":[{"name":"wp","href":"https:\/\/api.w.org\/{rel}","templated":true}]}}