{"id":49510,"date":"2023-11-07T15:09:41","date_gmt":"2023-11-07T14:09:41","guid":{"rendered":"https:\/\/littledragon.com.pl\/sklep\/ukategorisert\/smart-handteringskube-red\/"},"modified":"2024-04-30T11:29:24","modified_gmt":"2024-04-30T09:29:24","slug":"smart-handteringskube-red","status":"publish","type":"product","link":"https:\/\/littledragon.com.pl\/no\/sklep\/uncategorized-no\/smart-handteringskube-red\/","title":{"rendered":"Smart h\u00e5ndteringskube <\/br><span>Red<\/span>"},"content":{"rendered":"<h2>Smart pedagogisk kube &#8211; R\u00f8d<\/h2>\n<p>Clever manipulasjonskube er det eneste leket\u00f8yet i Little Dragon-serien som har en fargevariant &#8211; r\u00f8d. I sm\u00e5 mengder stimulerer og begeistrer denne fargen nervesystemet. Selve kuben er en samling av smarte, aktiverende elementer som motiverer barnet til \u00e5 utvikle sine motoriske ferdigheter. Et av disse elementene er sammenflettingen, som er velkjent og elsket av barn fra andre Little Dragon-leker. Med den trener sm\u00e5 barn h\u00e5nd-\u00f8ye-koordinasjon, fingerferdighet, t\u00e5lmodighet, fokus, fingerferdighet, presisjon og mye mer. Og det er bare \u00e9n av veggene i denne fascinerende leken. P\u00e5 de andre finner du glidebrytere, roterende propeller eller trykknapper. Alt dette er sikkert montert p\u00e5 en fem centimeter lang trekube, som takket v\u00e6re sin st\u00f8rrelse passer i enhver ryggsekk, veske eller lomme.<\/p>\n<p>Ta ogs\u00e5 en titt p\u00e5 v\u00e5re andre <a href=\"\/puzzles\/\">puslespill for venstre hjernehalvdel<\/a>, <a href=\"\/tables-manipulation\/\">pedagogiske<\/a> <a href=\"\/manipuleringstabletter\/\">tavler<\/a>, samt <a href=\"\/manipuleringskuber\/\">pedagogiske kuber<\/a>, <a href=\"\/manipulasjonssirkler\/\">manipulasjonshjul<\/a> og <a href=\"\/manipuleringstabletter\/\">manipulasjonstavler<\/a>.<\/p>\n","protected":false},"excerpt":{"rendered":"<p>Clever-kuben i r\u00f8dt er en ny modell av pedagogisk leket\u00f8y. Den pedagogiske kuben stimulerer sansene og er i Montessoris \u00e5nd en perfekt id\u00e9 for god, engasjerende og langvarig lek. De r\u00f8de elementene vil stimulere til handling.<\/p>\n","protected":false},"featured_media":48704,"comment_status":"open","ping_status":"closed","template":"","meta":[],"product_brand":[],"product_cat":[14817,14780],"product_tag":[14818,14819,14820,14821,14822,14823,14824,14825,14826,14827,14828],"class_list":{"0":"post-49510","1":"product","2":"type-product","3":"status-publish","4":"has-post-thumbnail","6":"product_cat-mini-handteringsterninger-5-cm","7":"product_cat-uncategorized-no","8":"product_tag-handteringstavle","9":"product_tag-pedagogisk-leketoy","10":"product_tag-handteringskube","11":"product_tag-montessori-leke","12":"product_tag-sensorisk-kube","13":"product_tag-busycube-no","14":"product_tag-handterapi","15":"product_tag-leketoy-til-bilen","16":"product_tag-gave-til-a-starte-med","17":"product_tag-julegave-til-et-barn","18":"product_tag-pedagogisk-kube","20":"first","21":"outofstock","22":"featured","23":"shipping-taxable","24":"purchasable","25":"product-type-variable"},"yoast_head":"<!-- This site is optimized with the Yoast SEO Premium plugin v26.1 (Yoast SEO v26.1.1) - https:\/\/yoast.com\/wordpress\/plugins\/seo\/ -->\n<title>Smart h\u00e5ndteringskube - Red, Little Dragon<\/title>\n<meta name=\"description\" content=\"Trykk, flytt, bytt - den nye Clever-kuben er moro og utvikling i ett! Finn ut hvor lenge barnet ditt kan leke med den\" \/>\n<meta name=\"robots\" content=\"index, follow, max-snippet:-1, max-image-preview:large, max-video-preview:-1\" \/>\n<link rel=\"canonical\" href=\"https:\/\/littledragon.com.pl\/no\/sklep\/uncategorized-no\/smart-handteringskube-red\/\" \/>\n<meta property=\"og:locale\" content=\"nb_NO\" \/>\n<meta property=\"og:type\" content=\"article\" \/>\n<meta property=\"og:title\" content=\"Smart h\u00e5ndteringskube Red\" \/>\n<meta property=\"og:description\" content=\"Trykk, flytt, bytt - den nye Clever-kuben er moro og utvikling i ett! Finn ut hvor lenge barnet ditt kan leke med den\" \/>\n<meta property=\"og:url\" content=\"https:\/\/littledragon.com.pl\/no\/sklep\/uncategorized-no\/smart-handteringskube-red\/\" \/>\n<meta property=\"og:site_name\" content=\"Little Dragon\" \/>\n<meta property=\"article:publisher\" content=\"https:\/\/www.facebook.com\/Little-Dragon-drewniane-pomoce-manipulacyjne-i-edukacyjne-110363020791188\" \/>\n<meta property=\"article:modified_time\" content=\"2024-04-30T09:29:24+00:00\" \/>\n<meta property=\"og:image\" content=\"https:\/\/littledragon.com.pl\/wp-content\/uploads\/2023\/11\/kostka-manipulacyjna-Clever-Red-1.jpg\" \/>\n\t<meta property=\"og:image:width\" content=\"900\" \/>\n\t<meta property=\"og:image:height\" content=\"1200\" \/>\n\t<meta property=\"og:image:type\" content=\"image\/jpeg\" \/>\n<meta name=\"twitter:card\" content=\"summary_large_image\" \/>\n<meta name=\"twitter:label1\" content=\"Ansl. lesetid\" \/>\n\t<meta name=\"twitter:data1\" content=\"1 minutt\" \/>\n<script type=\"application\/ld+json\" class=\"yoast-schema-graph\">{\"@context\":\"https:\/\/schema.org\",\"@graph\":[{\"@type\":[\"WebPage\",\"ItemPage\"],\"@id\":\"https:\/\/littledragon.com.pl\/no\/sklep\/uncategorized-no\/smart-handteringskube-red\/\",\"url\":\"https:\/\/littledragon.com.pl\/no\/sklep\/uncategorized-no\/smart-handteringskube-red\/\",\"name\":\"Smart h\u00e5ndteringskube - Red, Little Dragon\",\"isPartOf\":{\"@id\":\"https:\/\/littledragon.com.pl\/no\/#website\"},\"primaryImageOfPage\":{\"@id\":\"https:\/\/littledragon.com.pl\/no\/sklep\/uncategorized-no\/smart-handteringskube-red\/#primaryimage\"},\"image\":{\"@id\":\"https:\/\/littledragon.com.pl\/no\/sklep\/uncategorized-no\/smart-handteringskube-red\/#primaryimage\"},\"thumbnailUrl\":\"https:\/\/littledragon.com.pl\/wp-content\/uploads\/2023\/11\/kostka-manipulacyjna-Clever-Red-1.jpg\",\"datePublished\":\"2023-11-07T14:09:41+00:00\",\"dateModified\":\"2024-04-30T09:29:24+00:00\",\"description\":\"Trykk, flytt, bytt - den nye Clever-kuben er moro og utvikling i ett! Finn ut hvor lenge barnet ditt kan leke med den\",\"breadcrumb\":{\"@id\":\"https:\/\/littledragon.com.pl\/no\/sklep\/uncategorized-no\/smart-handteringskube-red\/#breadcrumb\"},\"inLanguage\":\"nb-NO\",\"potentialAction\":[{\"@type\":\"ReadAction\",\"target\":[\"https:\/\/littledragon.com.pl\/no\/sklep\/uncategorized-no\/smart-handteringskube-red\/\"]}]},{\"@type\":\"ImageObject\",\"inLanguage\":\"nb-NO\",\"@id\":\"https:\/\/littledragon.com.pl\/no\/sklep\/uncategorized-no\/smart-handteringskube-red\/#primaryimage\",\"url\":\"https:\/\/littledragon.com.pl\/wp-content\/uploads\/2023\/11\/kostka-manipulacyjna-Clever-Red-1.jpg\",\"contentUrl\":\"https:\/\/littledragon.com.pl\/wp-content\/uploads\/2023\/11\/kostka-manipulacyjna-Clever-Red-1.jpg\",\"width\":900,\"height\":1200},{\"@type\":\"BreadcrumbList\",\"@id\":\"https:\/\/littledragon.com.pl\/no\/sklep\/uncategorized-no\/smart-handteringskube-red\/#breadcrumb\",\"itemListElement\":[{\"@type\":\"ListItem\",\"position\":1,\"name\":\"\",\"item\":\"https:\/\/littledragon.com.pl\/no\/\"},{\"@type\":\"ListItem\",\"position\":2,\"name\":\"Butikk\",\"item\":\"https:\/\/littledragon.com.pl\/no\/butikk\/\"},{\"@type\":\"ListItem\",\"position\":3,\"name\":\"Uncategorized @no\",\"item\":\"https:\/\/littledragon.com.pl\/no\/uncategorized-no\/\"},{\"@type\":\"ListItem\",\"position\":4,\"name\":\"Smart h\u00e5ndteringskube Red\"}]},{\"@type\":\"WebSite\",\"@id\":\"https:\/\/littledragon.com.pl\/no\/#website\",\"url\":\"https:\/\/littledragon.com.pl\/no\/\",\"name\":\"Little Dragon\",\"description\":\"sklep z zabawkami dla dzieci\",\"publisher\":{\"@id\":\"https:\/\/littledragon.com.pl\/no\/#organization\"},\"potentialAction\":[{\"@type\":\"SearchAction\",\"target\":{\"@type\":\"EntryPoint\",\"urlTemplate\":\"https:\/\/littledragon.com.pl\/no\/?s={search_term_string}\"},\"query-input\":{\"@type\":\"PropertyValueSpecification\",\"valueRequired\":true,\"valueName\":\"search_term_string\"}}],\"inLanguage\":\"nb-NO\"},{\"@type\":\"Organization\",\"@id\":\"https:\/\/littledragon.com.pl\/no\/#organization\",\"name\":\"Little Dragon\",\"url\":\"https:\/\/littledragon.com.pl\/no\/\",\"logo\":{\"@type\":\"ImageObject\",\"inLanguage\":\"nb-NO\",\"@id\":\"https:\/\/littledragon.com.pl\/no\/#\/schema\/logo\/image\/\",\"url\":\"https:\/\/littledragon.com.pl\/wp-content\/uploads\/2021\/04\/little-dragon-logos-all-01.png\",\"contentUrl\":\"https:\/\/littledragon.com.pl\/wp-content\/uploads\/2021\/04\/little-dragon-logos-all-01.png\",\"width\":856,\"height\":558,\"caption\":\"Little Dragon\"},\"image\":{\"@id\":\"https:\/\/littledragon.com.pl\/no\/#\/schema\/logo\/image\/\"},\"sameAs\":[\"https:\/\/www.facebook.com\/Little-Dragon-drewniane-pomoce-manipulacyjne-i-edukacyjne-110363020791188\",\"https:\/\/www.instagram.com\/littledragon.zabawki\/\"]}]}<\/script>\n<!-- \/ Yoast SEO Premium plugin. -->","yoast_head_json":{"title":"Smart h\u00e5ndteringskube - Red, Little Dragon","description":"Trykk, flytt, bytt - den nye Clever-kuben er moro og utvikling i ett! Finn ut hvor lenge barnet ditt kan leke med den","robots":{"index":"index","follow":"follow","max-snippet":"max-snippet:-1","max-image-preview":"max-image-preview:large","max-video-preview":"max-video-preview:-1"},"canonical":"https:\/\/littledragon.com.pl\/no\/sklep\/uncategorized-no\/smart-handteringskube-red\/","og_locale":"nb_NO","og_type":"article","og_title":"Smart h\u00e5ndteringskube Red","og_description":"Trykk, flytt, bytt - den nye Clever-kuben er moro og utvikling i ett! Finn ut hvor lenge barnet ditt kan leke med den","og_url":"https:\/\/littledragon.com.pl\/no\/sklep\/uncategorized-no\/smart-handteringskube-red\/","og_site_name":"Little Dragon","article_publisher":"https:\/\/www.facebook.com\/Little-Dragon-drewniane-pomoce-manipulacyjne-i-edukacyjne-110363020791188","article_modified_time":"2024-04-30T09:29:24+00:00","og_image":[{"width":900,"height":1200,"url":"https:\/\/littledragon.com.pl\/wp-content\/uploads\/2023\/11\/kostka-manipulacyjna-Clever-Red-1.jpg","type":"image\/jpeg"}],"twitter_card":"summary_large_image","twitter_misc":{"Ansl. lesetid":"1 minutt"},"schema":{"@context":"https:\/\/schema.org","@graph":[{"@type":["WebPage","ItemPage"],"@id":"https:\/\/littledragon.com.pl\/no\/sklep\/uncategorized-no\/smart-handteringskube-red\/","url":"https:\/\/littledragon.com.pl\/no\/sklep\/uncategorized-no\/smart-handteringskube-red\/","name":"Smart h\u00e5ndteringskube - Red, Little Dragon","isPartOf":{"@id":"https:\/\/littledragon.com.pl\/no\/#website"},"primaryImageOfPage":{"@id":"https:\/\/littledragon.com.pl\/no\/sklep\/uncategorized-no\/smart-handteringskube-red\/#primaryimage"},"image":{"@id":"https:\/\/littledragon.com.pl\/no\/sklep\/uncategorized-no\/smart-handteringskube-red\/#primaryimage"},"thumbnailUrl":"https:\/\/littledragon.com.pl\/wp-content\/uploads\/2023\/11\/kostka-manipulacyjna-Clever-Red-1.jpg","datePublished":"2023-11-07T14:09:41+00:00","dateModified":"2024-04-30T09:29:24+00:00","description":"Trykk, flytt, bytt - den nye Clever-kuben er moro og utvikling i ett! Finn ut hvor lenge barnet ditt kan leke med den","breadcrumb":{"@id":"https:\/\/littledragon.com.pl\/no\/sklep\/uncategorized-no\/smart-handteringskube-red\/#breadcrumb"},"inLanguage":"nb-NO","potentialAction":[{"@type":"ReadAction","target":["https:\/\/littledragon.com.pl\/no\/sklep\/uncategorized-no\/smart-handteringskube-red\/"]}]},{"@type":"ImageObject","inLanguage":"nb-NO","@id":"https:\/\/littledragon.com.pl\/no\/sklep\/uncategorized-no\/smart-handteringskube-red\/#primaryimage","url":"https:\/\/littledragon.com.pl\/wp-content\/uploads\/2023\/11\/kostka-manipulacyjna-Clever-Red-1.jpg","contentUrl":"https:\/\/littledragon.com.pl\/wp-content\/uploads\/2023\/11\/kostka-manipulacyjna-Clever-Red-1.jpg","width":900,"height":1200},{"@type":"BreadcrumbList","@id":"https:\/\/littledragon.com.pl\/no\/sklep\/uncategorized-no\/smart-handteringskube-red\/#breadcrumb","itemListElement":[{"@type":"ListItem","position":1,"name":"","item":"https:\/\/littledragon.com.pl\/no\/"},{"@type":"ListItem","position":2,"name":"Butikk","item":"https:\/\/littledragon.com.pl\/no\/butikk\/"},{"@type":"ListItem","position":3,"name":"Uncategorized @no","item":"https:\/\/littledragon.com.pl\/no\/uncategorized-no\/"},{"@type":"ListItem","position":4,"name":"Smart h\u00e5ndteringskube Red"}]},{"@type":"WebSite","@id":"https:\/\/littledragon.com.pl\/no\/#website","url":"https:\/\/littledragon.com.pl\/no\/","name":"Little Dragon","description":"sklep z zabawkami dla dzieci","publisher":{"@id":"https:\/\/littledragon.com.pl\/no\/#organization"},"potentialAction":[{"@type":"SearchAction","target":{"@type":"EntryPoint","urlTemplate":"https:\/\/littledragon.com.pl\/no\/?s={search_term_string}"},"query-input":{"@type":"PropertyValueSpecification","valueRequired":true,"valueName":"search_term_string"}}],"inLanguage":"nb-NO"},{"@type":"Organization","@id":"https:\/\/littledragon.com.pl\/no\/#organization","name":"Little Dragon","url":"https:\/\/littledragon.com.pl\/no\/","logo":{"@type":"ImageObject","inLanguage":"nb-NO","@id":"https:\/\/littledragon.com.pl\/no\/#\/schema\/logo\/image\/","url":"https:\/\/littledragon.com.pl\/wp-content\/uploads\/2021\/04\/little-dragon-logos-all-01.png","contentUrl":"https:\/\/littledragon.com.pl\/wp-content\/uploads\/2021\/04\/little-dragon-logos-all-01.png","width":856,"height":558,"caption":"Little Dragon"},"image":{"@id":"https:\/\/littledragon.com.pl\/no\/#\/schema\/logo\/image\/"},"sameAs":["https:\/\/www.facebook.com\/Little-Dragon-drewniane-pomoce-manipulacyjne-i-edukacyjne-110363020791188","https:\/\/www.instagram.com\/littledragon.zabawki\/"]}]}},"_links":{"self":[{"href":"https:\/\/littledragon.com.pl\/no\/wp-json\/wp\/v2\/product\/49510","targetHints":{"allow":["GET"]}}],"collection":[{"href":"https:\/\/littledragon.com.pl\/no\/wp-json\/wp\/v2\/product"}],"about":[{"href":"https:\/\/littledragon.com.pl\/no\/wp-json\/wp\/v2\/types\/product"}],"replies":[{"embeddable":true,"href":"https:\/\/littledragon.com.pl\/no\/wp-json\/wp\/v2\/comments?post=49510"}],"version-history":[{"count":0,"href":"https:\/\/littledragon.com.pl\/no\/wp-json\/wp\/v2\/product\/49510\/revisions"}],"wp:featuredmedia":[{"embeddable":true,"href":"https:\/\/littledragon.com.pl\/no\/wp-json\/wp\/v2\/media\/48704"}],"wp:attachment":[{"href":"https:\/\/littledragon.com.pl\/no\/wp-json\/wp\/v2\/media?parent=49510"}],"wp:term":[{"taxonomy":"product_brand","embeddable":true,"href":"https:\/\/littledragon.com.pl\/no\/wp-json\/wp\/v2\/product_brand?post=49510"},{"taxonomy":"product_cat","embeddable":true,"href":"https:\/\/littledragon.com.pl\/no\/wp-json\/wp\/v2\/product_cat?post=49510"},{"taxonomy":"product_tag","embeddable":true,"href":"https:\/\/littledragon.com.pl\/no\/wp-json\/wp\/v2\/product_tag?post=49510"}],"curies":[{"name":"wp","href":"https:\/\/api.w.org\/{rel}","templated":true}]}}