{"id":55421,"date":"2025-07-09T06:47:29","date_gmt":"2025-07-09T04:47:29","guid":{"rendered":"https:\/\/littledragon.com.pl\/?post_type=product&#038;p=55421"},"modified":"2025-07-09T06:56:24","modified_gmt":"2025-07-09T04:56:24","slug":"busy-handling-cubegelb-power-kopia","status":"publish","type":"product","link":"https:\/\/littledragon.com.pl\/de\/sklep\/unkategorisiert\/busy-handling-cubegelb-power-kopia\/","title":{"rendered":"BUSY handling cube<\/br><span>Gelb&nbsp;Power<\/span> (Kopia)"},"content":{"rendered":"<h2>BUSY handling cube &#8211; Yellow Power<\/h2>\n<p>Auf den sechs Seiten dieses W\u00fcrfels befinden sich bis zu neun ansprechende Elemente, die von geschickten H\u00e4nden gesch\u00e4tzt werden.<\/p>\n<p>Dieses handgefertigte Manipulationsspielzeug erm\u00f6glicht es Ihrem Kind, eine Reihe von feinmotorischen F\u00e4higkeiten zu entwickeln, regt die Fantasie an und sorgt f\u00fcr lang anhaltenden Spa\u00df.<\/p>\n<p>Der gro\u00dfe Vorteil des sensorischen W\u00fcrfels ist seine geringe Gr\u00f6\u00dfe, so dass wir das Lieblingsspielzeug unseres Kindes immer zur Hand haben k\u00f6nnen.<\/p>\n<p>Der Manipulationsw\u00fcrfel Busy ist eine geeignete Geschenkidee f\u00fcr ein zwei-, drei- oder sogar vierj\u00e4hriges Kind, da die verschiedenen Teile f\u00fcr Kinder jeden Alters geeignet sind.<\/p>\n<p>Dieses zeitlose Holzspielzeug wurde <a href=\"https:\/\/littledragon.com.pl\/category\/blog\/\">mit<\/a> gr\u00f6\u00dfter Sorgfalt <a href=\"\/?product_cat=nature-kola-manipulacyjne\">und<\/a> unter Ber\u00fccksichtigung der notwendigen Sicherheitsvorschriften hergestellt, was durch das Spielzeugsicherheitszertifikat best\u00e4tigt wird.<\/p>\n<p>Sehen Sie sich auch unsere anderen <a href=\"\/?product_cat=puzzles\">Puzzles f\u00fcr die linke Hemisph\u00e4re<\/a>, <a href=\"\/tabellen-manipulation\/\">Manipulationstafeln<\/a> sowie <a href=\"\/Manipulationsw\u00fcrfel\/\">Lernw\u00fcrfel<\/a>, <a href=\"\/Manipulationskreise\/\">Manipulationsr\u00e4der<\/a> und <a href=\"\/Manipulationstabletten\/\">Manipulationstafeln<\/a> an.<\/p>\n","protected":false},"excerpt":{"rendered":"<p>Der Busy Manipulationsw\u00fcrfel ist die anspruchsvollste Version der mobilen Manipulationsbretter aus dem Sortiment. W\u00e4hlen Sie den gelben W\u00fcrfel, um das Ged\u00e4chtnis und das logische Denken Ihres Kindes zu f\u00f6rdern.<\/p>\n","protected":false},"featured_media":55952,"comment_status":"open","ping_status":"closed","template":"","meta":[],"product_brand":[],"product_cat":[14884,14779],"product_tag":[14955,14885,15010,14887,14948,14804,14806,14808,14809,14811],"class_list":{"0":"post-55421","1":"product","2":"type-product","3":"status-publish","4":"has-post-thumbnail","6":"product_cat-handhabungswurfel-midi-7cm","7":"product_cat-unkategorisiert","8":"product_tag-montessori-spielzeug-de","9":"product_tag-kinderspielzeug","10":"product_tag-ein-geschenk-fur-einen-dreijahrigen","11":"product_tag-holzspielzeug","12":"product_tag-ein-geschenk-fur-ein-zweijahriges-kind","13":"product_tag-handling-board","14":"product_tag-handling-wurfel","15":"product_tag-sensorischer-wurfel","16":"product_tag-busycube-de","17":"product_tag-spielzeug-fur-das-auto","19":"first","20":"outofstock","21":"shipping-taxable","22":"purchasable","23":"product-type-simple"},"yoast_head":"<!-- This site is optimized with the Yoast SEO Premium plugin v26.1 (Yoast SEO v26.1.1) - https:\/\/yoast.com\/wordpress\/plugins\/seo\/ -->\n<title>Yellow Busy Manipulationsw\u00fcrfel aus Holz<\/title>\n<meta name=\"description\" content=\"Der Busy Cube ist eine tolle Geschenkidee f\u00fcr ein Kleinkind. Die abwechslungsreichen Elemente sind f\u00fcr Kinder jeden Alters geeignet.\" \/>\n<meta name=\"robots\" content=\"index, follow, max-snippet:-1, max-image-preview:large, max-video-preview:-1\" \/>\n<link rel=\"canonical\" href=\"https:\/\/littledragon.com.pl\/de\/sklep\/unkategorisiert\/busy-handling-cubegelb-power-kopia\/\" \/>\n<meta property=\"og:locale\" content=\"de_DE\" \/>\n<meta property=\"og:type\" content=\"article\" \/>\n<meta property=\"og:title\" content=\"BUSY handling cubeGelb&nbsp;Power (Kopia)\" \/>\n<meta property=\"og:description\" content=\"Der Busy Cube ist eine tolle Geschenkidee f\u00fcr ein Kleinkind. Die abwechslungsreichen Elemente sind f\u00fcr Kinder jeden Alters geeignet.\" \/>\n<meta property=\"og:url\" content=\"https:\/\/littledragon.com.pl\/de\/sklep\/unkategorisiert\/busy-handling-cubegelb-power-kopia\/\" \/>\n<meta property=\"og:site_name\" content=\"Little Dragon\" \/>\n<meta property=\"article:publisher\" content=\"https:\/\/www.facebook.com\/Little-Dragon-drewniane-pomoce-manipulacyjne-i-edukacyjne-110363020791188\" \/>\n<meta property=\"article:modified_time\" content=\"2025-07-09T04:56:24+00:00\" \/>\n<meta property=\"og:image\" content=\"https:\/\/littledragon.com.pl\/wp-content\/uploads\/2025\/07\/kostka-manipulacyjna-master-cube-blue-1.jpg\" \/>\n\t<meta property=\"og:image:width\" content=\"720\" \/>\n\t<meta property=\"og:image:height\" content=\"720\" \/>\n\t<meta property=\"og:image:type\" content=\"image\/jpeg\" \/>\n<meta name=\"twitter:card\" content=\"summary_large_image\" \/>\n<meta name=\"twitter:label1\" content=\"Gesch\u00e4tzte Lesezeit\" \/>\n\t<meta name=\"twitter:data1\" content=\"1\u00a0Minute\" \/>\n<script type=\"application\/ld+json\" class=\"yoast-schema-graph\">{\"@context\":\"https:\/\/schema.org\",\"@graph\":[{\"@type\":[\"WebPage\",\"ItemPage\"],\"@id\":\"https:\/\/littledragon.com.pl\/de\/sklep\/unkategorisiert\/busy-handling-cubegelb-power-kopia\/\",\"url\":\"https:\/\/littledragon.com.pl\/de\/sklep\/unkategorisiert\/busy-handling-cubegelb-power-kopia\/\",\"name\":\"Yellow Busy Manipulationsw\u00fcrfel aus Holz\",\"isPartOf\":{\"@id\":\"https:\/\/littledragon.com.pl\/de\/#website\"},\"primaryImageOfPage\":{\"@id\":\"https:\/\/littledragon.com.pl\/de\/sklep\/unkategorisiert\/busy-handling-cubegelb-power-kopia\/#primaryimage\"},\"image\":{\"@id\":\"https:\/\/littledragon.com.pl\/de\/sklep\/unkategorisiert\/busy-handling-cubegelb-power-kopia\/#primaryimage\"},\"thumbnailUrl\":\"https:\/\/littledragon.com.pl\/wp-content\/uploads\/2025\/07\/kostka-manipulacyjna-master-cube-blue-1.jpg\",\"datePublished\":\"2025-07-09T04:47:29+00:00\",\"dateModified\":\"2025-07-09T04:56:24+00:00\",\"description\":\"Der Busy Cube ist eine tolle Geschenkidee f\u00fcr ein Kleinkind. Die abwechslungsreichen Elemente sind f\u00fcr Kinder jeden Alters geeignet.\",\"breadcrumb\":{\"@id\":\"https:\/\/littledragon.com.pl\/de\/sklep\/unkategorisiert\/busy-handling-cubegelb-power-kopia\/#breadcrumb\"},\"inLanguage\":\"de\",\"potentialAction\":[{\"@type\":\"ReadAction\",\"target\":[\"https:\/\/littledragon.com.pl\/de\/sklep\/unkategorisiert\/busy-handling-cubegelb-power-kopia\/\"]}]},{\"@type\":\"ImageObject\",\"inLanguage\":\"de\",\"@id\":\"https:\/\/littledragon.com.pl\/de\/sklep\/unkategorisiert\/busy-handling-cubegelb-power-kopia\/#primaryimage\",\"url\":\"https:\/\/littledragon.com.pl\/wp-content\/uploads\/2025\/07\/kostka-manipulacyjna-master-cube-blue-1.jpg\",\"contentUrl\":\"https:\/\/littledragon.com.pl\/wp-content\/uploads\/2025\/07\/kostka-manipulacyjna-master-cube-blue-1.jpg\",\"width\":720,\"height\":720},{\"@type\":\"BreadcrumbList\",\"@id\":\"https:\/\/littledragon.com.pl\/de\/sklep\/unkategorisiert\/busy-handling-cubegelb-power-kopia\/#breadcrumb\",\"itemListElement\":[{\"@type\":\"ListItem\",\"position\":1,\"name\":\"\",\"item\":\"https:\/\/littledragon.com.pl\/de\/\"},{\"@type\":\"ListItem\",\"position\":2,\"name\":\"Shop\",\"item\":\"https:\/\/littledragon.com.pl\/de\/shop\/\"},{\"@type\":\"ListItem\",\"position\":3,\"name\":\"Handhabungsw\u00fcrfel midi (7cm)\",\"item\":\"https:\/\/littledragon.com.pl\/de\/handhabungswurfel-midi-7cm\/\"},{\"@type\":\"ListItem\",\"position\":4,\"name\":\"BUSY handling cube&lt;\/br&gt;&lt;span&gt;Gelb&nbsp;Power&lt;\/span&gt; (Kopia)\"}]},{\"@type\":\"WebSite\",\"@id\":\"https:\/\/littledragon.com.pl\/de\/#website\",\"url\":\"https:\/\/littledragon.com.pl\/de\/\",\"name\":\"Little Dragon\",\"description\":\"sklep z zabawkami dla dzieci\",\"publisher\":{\"@id\":\"https:\/\/littledragon.com.pl\/de\/#organization\"},\"potentialAction\":[{\"@type\":\"SearchAction\",\"target\":{\"@type\":\"EntryPoint\",\"urlTemplate\":\"https:\/\/littledragon.com.pl\/de\/?s={search_term_string}\"},\"query-input\":{\"@type\":\"PropertyValueSpecification\",\"valueRequired\":true,\"valueName\":\"search_term_string\"}}],\"inLanguage\":\"de\"},{\"@type\":\"Organization\",\"@id\":\"https:\/\/littledragon.com.pl\/de\/#organization\",\"name\":\"Little Dragon\",\"url\":\"https:\/\/littledragon.com.pl\/de\/\",\"logo\":{\"@type\":\"ImageObject\",\"inLanguage\":\"de\",\"@id\":\"https:\/\/littledragon.com.pl\/de\/#\/schema\/logo\/image\/\",\"url\":\"https:\/\/littledragon.com.pl\/wp-content\/uploads\/2021\/04\/little-dragon-logos-all-01.png\",\"contentUrl\":\"https:\/\/littledragon.com.pl\/wp-content\/uploads\/2021\/04\/little-dragon-logos-all-01.png\",\"width\":856,\"height\":558,\"caption\":\"Little Dragon\"},\"image\":{\"@id\":\"https:\/\/littledragon.com.pl\/de\/#\/schema\/logo\/image\/\"},\"sameAs\":[\"https:\/\/www.facebook.com\/Little-Dragon-drewniane-pomoce-manipulacyjne-i-edukacyjne-110363020791188\",\"https:\/\/www.instagram.com\/littledragon.zabawki\/\"]}]}<\/script>\n<!-- \/ Yoast SEO Premium plugin. -->","yoast_head_json":{"title":"Yellow Busy Manipulationsw\u00fcrfel aus Holz","description":"Der Busy Cube ist eine tolle Geschenkidee f\u00fcr ein Kleinkind. Die abwechslungsreichen Elemente sind f\u00fcr Kinder jeden Alters geeignet.","robots":{"index":"index","follow":"follow","max-snippet":"max-snippet:-1","max-image-preview":"max-image-preview:large","max-video-preview":"max-video-preview:-1"},"canonical":"https:\/\/littledragon.com.pl\/de\/sklep\/unkategorisiert\/busy-handling-cubegelb-power-kopia\/","og_locale":"de_DE","og_type":"article","og_title":"BUSY handling cubeGelb&nbsp;Power (Kopia)","og_description":"Der Busy Cube ist eine tolle Geschenkidee f\u00fcr ein Kleinkind. Die abwechslungsreichen Elemente sind f\u00fcr Kinder jeden Alters geeignet.","og_url":"https:\/\/littledragon.com.pl\/de\/sklep\/unkategorisiert\/busy-handling-cubegelb-power-kopia\/","og_site_name":"Little Dragon","article_publisher":"https:\/\/www.facebook.com\/Little-Dragon-drewniane-pomoce-manipulacyjne-i-edukacyjne-110363020791188","article_modified_time":"2025-07-09T04:56:24+00:00","og_image":[{"width":720,"height":720,"url":"https:\/\/littledragon.com.pl\/wp-content\/uploads\/2025\/07\/kostka-manipulacyjna-master-cube-blue-1.jpg","type":"image\/jpeg"}],"twitter_card":"summary_large_image","twitter_misc":{"Gesch\u00e4tzte Lesezeit":"1\u00a0Minute"},"schema":{"@context":"https:\/\/schema.org","@graph":[{"@type":["WebPage","ItemPage"],"@id":"https:\/\/littledragon.com.pl\/de\/sklep\/unkategorisiert\/busy-handling-cubegelb-power-kopia\/","url":"https:\/\/littledragon.com.pl\/de\/sklep\/unkategorisiert\/busy-handling-cubegelb-power-kopia\/","name":"Yellow Busy Manipulationsw\u00fcrfel aus Holz","isPartOf":{"@id":"https:\/\/littledragon.com.pl\/de\/#website"},"primaryImageOfPage":{"@id":"https:\/\/littledragon.com.pl\/de\/sklep\/unkategorisiert\/busy-handling-cubegelb-power-kopia\/#primaryimage"},"image":{"@id":"https:\/\/littledragon.com.pl\/de\/sklep\/unkategorisiert\/busy-handling-cubegelb-power-kopia\/#primaryimage"},"thumbnailUrl":"https:\/\/littledragon.com.pl\/wp-content\/uploads\/2025\/07\/kostka-manipulacyjna-master-cube-blue-1.jpg","datePublished":"2025-07-09T04:47:29+00:00","dateModified":"2025-07-09T04:56:24+00:00","description":"Der Busy Cube ist eine tolle Geschenkidee f\u00fcr ein Kleinkind. Die abwechslungsreichen Elemente sind f\u00fcr Kinder jeden Alters geeignet.","breadcrumb":{"@id":"https:\/\/littledragon.com.pl\/de\/sklep\/unkategorisiert\/busy-handling-cubegelb-power-kopia\/#breadcrumb"},"inLanguage":"de","potentialAction":[{"@type":"ReadAction","target":["https:\/\/littledragon.com.pl\/de\/sklep\/unkategorisiert\/busy-handling-cubegelb-power-kopia\/"]}]},{"@type":"ImageObject","inLanguage":"de","@id":"https:\/\/littledragon.com.pl\/de\/sklep\/unkategorisiert\/busy-handling-cubegelb-power-kopia\/#primaryimage","url":"https:\/\/littledragon.com.pl\/wp-content\/uploads\/2025\/07\/kostka-manipulacyjna-master-cube-blue-1.jpg","contentUrl":"https:\/\/littledragon.com.pl\/wp-content\/uploads\/2025\/07\/kostka-manipulacyjna-master-cube-blue-1.jpg","width":720,"height":720},{"@type":"BreadcrumbList","@id":"https:\/\/littledragon.com.pl\/de\/sklep\/unkategorisiert\/busy-handling-cubegelb-power-kopia\/#breadcrumb","itemListElement":[{"@type":"ListItem","position":1,"name":"","item":"https:\/\/littledragon.com.pl\/de\/"},{"@type":"ListItem","position":2,"name":"Shop","item":"https:\/\/littledragon.com.pl\/de\/shop\/"},{"@type":"ListItem","position":3,"name":"Handhabungsw\u00fcrfel midi (7cm)","item":"https:\/\/littledragon.com.pl\/de\/handhabungswurfel-midi-7cm\/"},{"@type":"ListItem","position":4,"name":"BUSY handling cube&lt;\/br&gt;&lt;span&gt;Gelb&nbsp;Power&lt;\/span&gt; (Kopia)"}]},{"@type":"WebSite","@id":"https:\/\/littledragon.com.pl\/de\/#website","url":"https:\/\/littledragon.com.pl\/de\/","name":"Little Dragon","description":"sklep z zabawkami dla dzieci","publisher":{"@id":"https:\/\/littledragon.com.pl\/de\/#organization"},"potentialAction":[{"@type":"SearchAction","target":{"@type":"EntryPoint","urlTemplate":"https:\/\/littledragon.com.pl\/de\/?s={search_term_string}"},"query-input":{"@type":"PropertyValueSpecification","valueRequired":true,"valueName":"search_term_string"}}],"inLanguage":"de"},{"@type":"Organization","@id":"https:\/\/littledragon.com.pl\/de\/#organization","name":"Little Dragon","url":"https:\/\/littledragon.com.pl\/de\/","logo":{"@type":"ImageObject","inLanguage":"de","@id":"https:\/\/littledragon.com.pl\/de\/#\/schema\/logo\/image\/","url":"https:\/\/littledragon.com.pl\/wp-content\/uploads\/2021\/04\/little-dragon-logos-all-01.png","contentUrl":"https:\/\/littledragon.com.pl\/wp-content\/uploads\/2021\/04\/little-dragon-logos-all-01.png","width":856,"height":558,"caption":"Little Dragon"},"image":{"@id":"https:\/\/littledragon.com.pl\/de\/#\/schema\/logo\/image\/"},"sameAs":["https:\/\/www.facebook.com\/Little-Dragon-drewniane-pomoce-manipulacyjne-i-edukacyjne-110363020791188","https:\/\/www.instagram.com\/littledragon.zabawki\/"]}]}},"_links":{"self":[{"href":"https:\/\/littledragon.com.pl\/de\/wp-json\/wp\/v2\/product\/55421","targetHints":{"allow":["GET"]}}],"collection":[{"href":"https:\/\/littledragon.com.pl\/de\/wp-json\/wp\/v2\/product"}],"about":[{"href":"https:\/\/littledragon.com.pl\/de\/wp-json\/wp\/v2\/types\/product"}],"replies":[{"embeddable":true,"href":"https:\/\/littledragon.com.pl\/de\/wp-json\/wp\/v2\/comments?post=55421"}],"version-history":[{"count":0,"href":"https:\/\/littledragon.com.pl\/de\/wp-json\/wp\/v2\/product\/55421\/revisions"}],"wp:featuredmedia":[{"embeddable":true,"href":"https:\/\/littledragon.com.pl\/de\/wp-json\/wp\/v2\/media\/55952"}],"wp:attachment":[{"href":"https:\/\/littledragon.com.pl\/de\/wp-json\/wp\/v2\/media?parent=55421"}],"wp:term":[{"taxonomy":"product_brand","embeddable":true,"href":"https:\/\/littledragon.com.pl\/de\/wp-json\/wp\/v2\/product_brand?post=55421"},{"taxonomy":"product_cat","embeddable":true,"href":"https:\/\/littledragon.com.pl\/de\/wp-json\/wp\/v2\/product_cat?post=55421"},{"taxonomy":"product_tag","embeddable":true,"href":"https:\/\/littledragon.com.pl\/de\/wp-json\/wp\/v2\/product_tag?post=55421"}],"curies":[{"name":"wp","href":"https:\/\/api.w.org\/{rel}","templated":true}]}}