{"id":54758,"date":"2025-06-30T12:20:55","date_gmt":"2025-06-30T10:20:55","guid":{"rendered":"https:\/\/littledragon.com.pl\/?post_type=product&#038;p=54758"},"modified":"2025-06-30T12:26:08","modified_gmt":"2025-06-30T10:26:08","slug":"newbie-handling-wurfelnatur-kopia","status":"publish","type":"product","link":"https:\/\/littledragon.com.pl\/de\/sklep\/unkategorisiert\/newbie-handling-wurfelnatur-kopia\/","title":{"rendered":"NEWBIE Handling-W\u00fcrfel<\/br><span>Natur<\/span> (Kopia)"},"content":{"rendered":"<h2>MANIPULATION BOX Neuling &#8211; Natur<\/h2>\n<p>Bei Little Dragon f\u00f6rdern wir die Entwicklung auf vielen Ebenen. Bei der Gestaltung unserer manipulativen W\u00fcrfel haben wir uns von den erstaunlichen Eigenschaften der Farben inspirieren lassen (Farbtherapie). Jede Farbe hat eine andere Wirkung auf die Stimmung und das Gem\u00fct des Kindes. Es lohnt sich, dieses Wissen zu nutzen, um die Emotionen unserer Kinder anzuregen, zu beruhigen oder zu bes\u00e4nftigen.<\/p>\n<p>Der Newbie Manipulationsw\u00fcrfel ist ein 5 cm gro\u00dfer W\u00fcrfel, der die interessantesten Elemente enth\u00e4lt, um kleine H\u00e4nde f\u00fcr lange Zeit zu besch\u00e4ftigen. Dank einfacher Objekte wie Klettverschl\u00fcssen, einem Rad, Schiebern oder einem Schalter entwickelt das Kind beim Spielen einen Zangengriff oder eine Hand-Augen-Koordination.<\/p>\n<p>Ein gro\u00dfer Vorteil des Newbie-Handling-W\u00fcrfels ist seine Gr\u00f6\u00dfe. Er passt in die Handtasche oder sogar in eine Hosentasche, so dass wir das Lieblingsspielzeug unseres Kindes immer griffbereit haben.<\/p>\n<p>Sehen Sie sich auch unsere anderen <strong><a href=\"\/tabellen-manipulation\/\">Handling-Boards<\/a><\/strong> an <strong>,<\/strong> sowie die <a href=\"\/Manipulationsw\u00fcrfel\/\"><br \/>\n  <strong>Handling-W\u00fcrfel<\/strong><br \/>\n<\/a>, <strong><a href=\"\/Manipulationskreise\/\">Handling-R\u00e4der<\/a> <\/strong>i <a href=\"\/Manipulationstabletten\/\"><br \/>\n  <strong>manipulative Tabletten<\/strong><br \/>\n<\/a>.<\/p>\n","protected":false},"excerpt":{"rendered":"<p>Der manipulative Newbie-W\u00fcrfel aus der Nature-Kollektion ist ein zeitloses Holzspielzeug. Die beruhigenden Pastellfarben des Spielzeugs sorgen daf\u00fcr, dass sich das Kind auf die Erkundung der W\u00fcrfelteile konzentriert.<\/p>\n","protected":false},"featured_media":55931,"comment_status":"open","ping_status":"closed","template":"","meta":[],"product_brand":[],"product_cat":[14832,14803,14779],"product_tag":[14804,14885,14805,14955,14811],"class_list":{"0":"post-54758","1":"product","2":"type-product","3":"status-publish","4":"has-post-thumbnail","6":"product_cat-gelbe-macht","7":"product_cat-mini-handling-wurfel-5cm","8":"product_cat-unkategorisiert","9":"product_tag-handling-board","10":"product_tag-kinderspielzeug","11":"product_tag-lernspielzeug","12":"product_tag-montessori-spielzeug-de","13":"product_tag-spielzeug-fur-das-auto","15":"first","16":"instock","17":"shipping-taxable","18":"purchasable","19":"product-type-variable"},"yoast_head":"<!-- This site is optimized with the Yoast SEO Premium plugin v26.1 (Yoast SEO v26.1.1) - https:\/\/yoast.com\/wordpress\/plugins\/seo\/ -->\n<title>NEWBIE Natur manipulativer W\u00fcrfel<\/title>\n<meta name=\"description\" content=\"Kleiner als ein Transportbrett, ideal f\u00fcr einen Trolley oder ein Auto. Entdecken Sie Spa\u00df und Lernen unterwegs mit diesem kompakten Spielzeug!\" \/>\n<meta name=\"robots\" content=\"index, follow, max-snippet:-1, max-image-preview:large, max-video-preview:-1\" \/>\n<link rel=\"canonical\" href=\"https:\/\/littledragon.com.pl\/de\/sklep\/unkategorisiert\/newbie-handling-wurfelnatur-kopia\/\" \/>\n<meta property=\"og:locale\" content=\"de_DE\" \/>\n<meta property=\"og:type\" content=\"article\" \/>\n<meta property=\"og:title\" content=\"NEWBIE Handling-W\u00fcrfelNatur (Kopia)\" \/>\n<meta property=\"og:description\" content=\"Kleiner als ein Transportbrett, ideal f\u00fcr einen Trolley oder ein Auto. Entdecken Sie Spa\u00df und Lernen unterwegs mit diesem kompakten Spielzeug!\" \/>\n<meta property=\"og:url\" content=\"https:\/\/littledragon.com.pl\/de\/sklep\/unkategorisiert\/newbie-handling-wurfelnatur-kopia\/\" \/>\n<meta property=\"og:site_name\" content=\"Little Dragon\" \/>\n<meta property=\"article:publisher\" content=\"https:\/\/www.facebook.com\/Little-Dragon-drewniane-pomoce-manipulacyjne-i-edukacyjne-110363020791188\" \/>\n<meta property=\"article:modified_time\" content=\"2025-06-30T10:26:08+00:00\" \/>\n<meta property=\"og:image\" content=\"https:\/\/littledragon.com.pl\/wp-content\/uploads\/2025\/06\/kostka-manipulacyjna-Tiny-Tot-Yellow-1.jpg\" \/>\n\t<meta property=\"og:image:width\" content=\"720\" \/>\n\t<meta property=\"og:image:height\" content=\"720\" \/>\n\t<meta property=\"og:image:type\" content=\"image\/jpeg\" \/>\n<meta name=\"twitter:card\" content=\"summary_large_image\" \/>\n<meta name=\"twitter:label1\" content=\"Gesch\u00e4tzte Lesezeit\" \/>\n\t<meta name=\"twitter:data1\" content=\"1\u00a0Minute\" \/>\n<script type=\"application\/ld+json\" class=\"yoast-schema-graph\">{\"@context\":\"https:\/\/schema.org\",\"@graph\":[{\"@type\":[\"WebPage\",\"ItemPage\"],\"@id\":\"https:\/\/littledragon.com.pl\/de\/sklep\/unkategorisiert\/newbie-handling-wurfelnatur-kopia\/\",\"url\":\"https:\/\/littledragon.com.pl\/de\/sklep\/unkategorisiert\/newbie-handling-wurfelnatur-kopia\/\",\"name\":\"NEWBIE Natur manipulativer W\u00fcrfel\",\"isPartOf\":{\"@id\":\"https:\/\/littledragon.com.pl\/de\/#website\"},\"primaryImageOfPage\":{\"@id\":\"https:\/\/littledragon.com.pl\/de\/sklep\/unkategorisiert\/newbie-handling-wurfelnatur-kopia\/#primaryimage\"},\"image\":{\"@id\":\"https:\/\/littledragon.com.pl\/de\/sklep\/unkategorisiert\/newbie-handling-wurfelnatur-kopia\/#primaryimage\"},\"thumbnailUrl\":\"https:\/\/littledragon.com.pl\/wp-content\/uploads\/2025\/06\/kostka-manipulacyjna-Tiny-Tot-Yellow-1.jpg\",\"datePublished\":\"2025-06-30T10:20:55+00:00\",\"dateModified\":\"2025-06-30T10:26:08+00:00\",\"description\":\"Kleiner als ein Transportbrett, ideal f\u00fcr einen Trolley oder ein Auto. Entdecken Sie Spa\u00df und Lernen unterwegs mit diesem kompakten Spielzeug!\",\"breadcrumb\":{\"@id\":\"https:\/\/littledragon.com.pl\/de\/sklep\/unkategorisiert\/newbie-handling-wurfelnatur-kopia\/#breadcrumb\"},\"inLanguage\":\"de\",\"potentialAction\":[{\"@type\":\"ReadAction\",\"target\":[\"https:\/\/littledragon.com.pl\/de\/sklep\/unkategorisiert\/newbie-handling-wurfelnatur-kopia\/\"]}]},{\"@type\":\"ImageObject\",\"inLanguage\":\"de\",\"@id\":\"https:\/\/littledragon.com.pl\/de\/sklep\/unkategorisiert\/newbie-handling-wurfelnatur-kopia\/#primaryimage\",\"url\":\"https:\/\/littledragon.com.pl\/wp-content\/uploads\/2025\/06\/kostka-manipulacyjna-Tiny-Tot-Yellow-1.jpg\",\"contentUrl\":\"https:\/\/littledragon.com.pl\/wp-content\/uploads\/2025\/06\/kostka-manipulacyjna-Tiny-Tot-Yellow-1.jpg\",\"width\":720,\"height\":720},{\"@type\":\"BreadcrumbList\",\"@id\":\"https:\/\/littledragon.com.pl\/de\/sklep\/unkategorisiert\/newbie-handling-wurfelnatur-kopia\/#breadcrumb\",\"itemListElement\":[{\"@type\":\"ListItem\",\"position\":1,\"name\":\"\",\"item\":\"https:\/\/littledragon.com.pl\/de\/\"},{\"@type\":\"ListItem\",\"position\":2,\"name\":\"Shop\",\"item\":\"https:\/\/littledragon.com.pl\/de\/shop\/\"},{\"@type\":\"ListItem\",\"position\":3,\"name\":\"Gelbe Macht\",\"item\":\"https:\/\/littledragon.com.pl\/de\/gelbe-macht\/\"},{\"@type\":\"ListItem\",\"position\":4,\"name\":\"NEWBIE Handling-W\u00fcrfel&lt;\/br&gt;&lt;span&gt;Natur&lt;\/span&gt; (Kopia)\"}]},{\"@type\":\"WebSite\",\"@id\":\"https:\/\/littledragon.com.pl\/de\/#website\",\"url\":\"https:\/\/littledragon.com.pl\/de\/\",\"name\":\"Little Dragon\",\"description\":\"sklep z zabawkami dla dzieci\",\"publisher\":{\"@id\":\"https:\/\/littledragon.com.pl\/de\/#organization\"},\"potentialAction\":[{\"@type\":\"SearchAction\",\"target\":{\"@type\":\"EntryPoint\",\"urlTemplate\":\"https:\/\/littledragon.com.pl\/de\/?s={search_term_string}\"},\"query-input\":{\"@type\":\"PropertyValueSpecification\",\"valueRequired\":true,\"valueName\":\"search_term_string\"}}],\"inLanguage\":\"de\"},{\"@type\":\"Organization\",\"@id\":\"https:\/\/littledragon.com.pl\/de\/#organization\",\"name\":\"Little Dragon\",\"url\":\"https:\/\/littledragon.com.pl\/de\/\",\"logo\":{\"@type\":\"ImageObject\",\"inLanguage\":\"de\",\"@id\":\"https:\/\/littledragon.com.pl\/de\/#\/schema\/logo\/image\/\",\"url\":\"https:\/\/littledragon.com.pl\/wp-content\/uploads\/2021\/04\/little-dragon-logos-all-01.png\",\"contentUrl\":\"https:\/\/littledragon.com.pl\/wp-content\/uploads\/2021\/04\/little-dragon-logos-all-01.png\",\"width\":856,\"height\":558,\"caption\":\"Little Dragon\"},\"image\":{\"@id\":\"https:\/\/littledragon.com.pl\/de\/#\/schema\/logo\/image\/\"},\"sameAs\":[\"https:\/\/www.facebook.com\/Little-Dragon-drewniane-pomoce-manipulacyjne-i-edukacyjne-110363020791188\",\"https:\/\/www.instagram.com\/littledragon.zabawki\/\"]}]}<\/script>\n<!-- \/ Yoast SEO Premium plugin. -->","yoast_head_json":{"title":"NEWBIE Natur manipulativer W\u00fcrfel","description":"Kleiner als ein Transportbrett, ideal f\u00fcr einen Trolley oder ein Auto. Entdecken Sie Spa\u00df und Lernen unterwegs mit diesem kompakten Spielzeug!","robots":{"index":"index","follow":"follow","max-snippet":"max-snippet:-1","max-image-preview":"max-image-preview:large","max-video-preview":"max-video-preview:-1"},"canonical":"https:\/\/littledragon.com.pl\/de\/sklep\/unkategorisiert\/newbie-handling-wurfelnatur-kopia\/","og_locale":"de_DE","og_type":"article","og_title":"NEWBIE Handling-W\u00fcrfelNatur (Kopia)","og_description":"Kleiner als ein Transportbrett, ideal f\u00fcr einen Trolley oder ein Auto. Entdecken Sie Spa\u00df und Lernen unterwegs mit diesem kompakten Spielzeug!","og_url":"https:\/\/littledragon.com.pl\/de\/sklep\/unkategorisiert\/newbie-handling-wurfelnatur-kopia\/","og_site_name":"Little Dragon","article_publisher":"https:\/\/www.facebook.com\/Little-Dragon-drewniane-pomoce-manipulacyjne-i-edukacyjne-110363020791188","article_modified_time":"2025-06-30T10:26:08+00:00","og_image":[{"width":720,"height":720,"url":"https:\/\/littledragon.com.pl\/wp-content\/uploads\/2025\/06\/kostka-manipulacyjna-Tiny-Tot-Yellow-1.jpg","type":"image\/jpeg"}],"twitter_card":"summary_large_image","twitter_misc":{"Gesch\u00e4tzte Lesezeit":"1\u00a0Minute"},"schema":{"@context":"https:\/\/schema.org","@graph":[{"@type":["WebPage","ItemPage"],"@id":"https:\/\/littledragon.com.pl\/de\/sklep\/unkategorisiert\/newbie-handling-wurfelnatur-kopia\/","url":"https:\/\/littledragon.com.pl\/de\/sklep\/unkategorisiert\/newbie-handling-wurfelnatur-kopia\/","name":"NEWBIE Natur manipulativer W\u00fcrfel","isPartOf":{"@id":"https:\/\/littledragon.com.pl\/de\/#website"},"primaryImageOfPage":{"@id":"https:\/\/littledragon.com.pl\/de\/sklep\/unkategorisiert\/newbie-handling-wurfelnatur-kopia\/#primaryimage"},"image":{"@id":"https:\/\/littledragon.com.pl\/de\/sklep\/unkategorisiert\/newbie-handling-wurfelnatur-kopia\/#primaryimage"},"thumbnailUrl":"https:\/\/littledragon.com.pl\/wp-content\/uploads\/2025\/06\/kostka-manipulacyjna-Tiny-Tot-Yellow-1.jpg","datePublished":"2025-06-30T10:20:55+00:00","dateModified":"2025-06-30T10:26:08+00:00","description":"Kleiner als ein Transportbrett, ideal f\u00fcr einen Trolley oder ein Auto. Entdecken Sie Spa\u00df und Lernen unterwegs mit diesem kompakten Spielzeug!","breadcrumb":{"@id":"https:\/\/littledragon.com.pl\/de\/sklep\/unkategorisiert\/newbie-handling-wurfelnatur-kopia\/#breadcrumb"},"inLanguage":"de","potentialAction":[{"@type":"ReadAction","target":["https:\/\/littledragon.com.pl\/de\/sklep\/unkategorisiert\/newbie-handling-wurfelnatur-kopia\/"]}]},{"@type":"ImageObject","inLanguage":"de","@id":"https:\/\/littledragon.com.pl\/de\/sklep\/unkategorisiert\/newbie-handling-wurfelnatur-kopia\/#primaryimage","url":"https:\/\/littledragon.com.pl\/wp-content\/uploads\/2025\/06\/kostka-manipulacyjna-Tiny-Tot-Yellow-1.jpg","contentUrl":"https:\/\/littledragon.com.pl\/wp-content\/uploads\/2025\/06\/kostka-manipulacyjna-Tiny-Tot-Yellow-1.jpg","width":720,"height":720},{"@type":"BreadcrumbList","@id":"https:\/\/littledragon.com.pl\/de\/sklep\/unkategorisiert\/newbie-handling-wurfelnatur-kopia\/#breadcrumb","itemListElement":[{"@type":"ListItem","position":1,"name":"","item":"https:\/\/littledragon.com.pl\/de\/"},{"@type":"ListItem","position":2,"name":"Shop","item":"https:\/\/littledragon.com.pl\/de\/shop\/"},{"@type":"ListItem","position":3,"name":"Gelbe Macht","item":"https:\/\/littledragon.com.pl\/de\/gelbe-macht\/"},{"@type":"ListItem","position":4,"name":"NEWBIE Handling-W\u00fcrfel&lt;\/br&gt;&lt;span&gt;Natur&lt;\/span&gt; (Kopia)"}]},{"@type":"WebSite","@id":"https:\/\/littledragon.com.pl\/de\/#website","url":"https:\/\/littledragon.com.pl\/de\/","name":"Little Dragon","description":"sklep z zabawkami dla dzieci","publisher":{"@id":"https:\/\/littledragon.com.pl\/de\/#organization"},"potentialAction":[{"@type":"SearchAction","target":{"@type":"EntryPoint","urlTemplate":"https:\/\/littledragon.com.pl\/de\/?s={search_term_string}"},"query-input":{"@type":"PropertyValueSpecification","valueRequired":true,"valueName":"search_term_string"}}],"inLanguage":"de"},{"@type":"Organization","@id":"https:\/\/littledragon.com.pl\/de\/#organization","name":"Little Dragon","url":"https:\/\/littledragon.com.pl\/de\/","logo":{"@type":"ImageObject","inLanguage":"de","@id":"https:\/\/littledragon.com.pl\/de\/#\/schema\/logo\/image\/","url":"https:\/\/littledragon.com.pl\/wp-content\/uploads\/2021\/04\/little-dragon-logos-all-01.png","contentUrl":"https:\/\/littledragon.com.pl\/wp-content\/uploads\/2021\/04\/little-dragon-logos-all-01.png","width":856,"height":558,"caption":"Little Dragon"},"image":{"@id":"https:\/\/littledragon.com.pl\/de\/#\/schema\/logo\/image\/"},"sameAs":["https:\/\/www.facebook.com\/Little-Dragon-drewniane-pomoce-manipulacyjne-i-edukacyjne-110363020791188","https:\/\/www.instagram.com\/littledragon.zabawki\/"]}]}},"_links":{"self":[{"href":"https:\/\/littledragon.com.pl\/de\/wp-json\/wp\/v2\/product\/54758","targetHints":{"allow":["GET"]}}],"collection":[{"href":"https:\/\/littledragon.com.pl\/de\/wp-json\/wp\/v2\/product"}],"about":[{"href":"https:\/\/littledragon.com.pl\/de\/wp-json\/wp\/v2\/types\/product"}],"replies":[{"embeddable":true,"href":"https:\/\/littledragon.com.pl\/de\/wp-json\/wp\/v2\/comments?post=54758"}],"version-history":[{"count":0,"href":"https:\/\/littledragon.com.pl\/de\/wp-json\/wp\/v2\/product\/54758\/revisions"}],"wp:featuredmedia":[{"embeddable":true,"href":"https:\/\/littledragon.com.pl\/de\/wp-json\/wp\/v2\/media\/55931"}],"wp:attachment":[{"href":"https:\/\/littledragon.com.pl\/de\/wp-json\/wp\/v2\/media?parent=54758"}],"wp:term":[{"taxonomy":"product_brand","embeddable":true,"href":"https:\/\/littledragon.com.pl\/de\/wp-json\/wp\/v2\/product_brand?post=54758"},{"taxonomy":"product_cat","embeddable":true,"href":"https:\/\/littledragon.com.pl\/de\/wp-json\/wp\/v2\/product_cat?post=54758"},{"taxonomy":"product_tag","embeddable":true,"href":"https:\/\/littledragon.com.pl\/de\/wp-json\/wp\/v2\/product_tag?post=54758"}],"curies":[{"name":"wp","href":"https:\/\/api.w.org\/{rel}","templated":true}]}}