{"id":49969,"date":"2025-06-30T08:43:59","date_gmt":"2025-06-30T06:43:59","guid":{"rendered":"https:\/\/littledragon.com.pl\/sklep\/unkategorisiert\/newbie-handhabungswuerfelgruen-calm\/"},"modified":"2021-09-06T08:43:59","modified_gmt":"2021-09-06T06:43:59","slug":"newbie-handhabungswuerfelgruen-calm","status":"publish","type":"product","link":"https:\/\/littledragon.com.pl\/de\/sklep\/unkategorisiert\/newbie-handhabungswuerfelgruen-calm\/","title":{"rendered":"NEWBIE Handhabungsw\u00fcrfel<\/br><span>Gr\u00fcn&nbsp;Calm<\/span>"},"content":{"rendered":"<h2>W\u00fcrfel f\u00fcr Neulinge &#8211; Green Calm<\/h2>\n<p>Die Manipulationstafel ist ein gro\u00dfartiges Lehrmittel, das wahrscheinlich schon jeder kennt. Ein Kind kann sich sehr lange in ein Spiel vertiefen. Es gibt Zeiten, in denen wir es gerne mitnehmen w\u00fcrden, weil wir wissen, dass wir stundenlang unterwegs sind, in der Warteschlange eines Arztes stehen oder mit einem dampfenden Kinderwagen unterwegs sind. Da kommt der manipulative W\u00fcrfel Little Dragon zur Rettung! Diese kleine Wundererfindung ist das \u00c4quivalent eines Manipulationsbretts, das in jede Handtasche oder jeden Rucksack passt.<\/p>\n<p>Dank der fesselnden Elemente vergisst das Kind die Langeweile und entwickelt auf unbemerkte Weise viele kleine motorische F\u00e4higkeiten. Und das alles dank eines kleinen 5-cm-W\u00fcrfels.<\/p>\n<p>Keine Geschenkideen f\u00fcr das Kind eines Freundes? Gehen Sie zur Geburtstagsfeier Ihres Patenkindes? Der manipulative <a href=\"\/?product_cat=green-calm\">W\u00fcrfel<\/a> wird nicht nur dem Kleinen gefallen, sondern auch seinen Eltern, denn er wird ihnen etwas geben, auf das sie sich freuen k\u00f6nnen &#8211; einen Moment der Ruhe\ud83d\ude09.<\/p>\n<p>Sehen Sie sich auch unsere anderen <strong><a href=\"\/tabellen-manipulation\/\">Spielbretter<\/a><\/strong> an <strong>,<\/strong> sowie <strong><a href=\"\/Manipulationsw\u00fcrfel\/\">Spielw\u00fcrfel<\/a>, <a href=\"\/Manipulationskreise\/\">Spielr\u00e4der<\/a><\/strong> und <strong><a href=\"\/Manipulationstabletten\/\">Spieltafeln<\/a>.<\/strong><\/p>\n","protected":false},"excerpt":{"rendered":"<p>Der Newbie Manipulationsw\u00fcrfel ist ein interaktives Spielzeug f\u00fcr Kinder im Sinne von Montessori. Dank seiner geringen Gr\u00f6\u00dfe hat Ihr Kind sein Lieblingsspielzeug immer griffbereit. W\u00e4hlen Sie einen gr\u00fcnen Newbie-W\u00fcrfel, um Stress abzubauen und die Emotionen Ihres Kindes zu beruhigen.<\/p>\n","protected":false},"featured_media":58998,"comment_status":"open","ping_status":"closed","template":"","meta":[],"product_brand":[],"product_cat":[14840,14803,14779],"product_tag":[14809,14806,14887,14949,14805,14807,14808,15018],"class_list":{"0":"post-49969","1":"product","2":"type-product","3":"status-publish","4":"has-post-thumbnail","6":"product_cat-grune-gelassenheit","7":"product_cat-mini-handling-wurfel-5cm","8":"product_cat-unkategorisiert","9":"product_tag-busycube-de","10":"product_tag-handling-wurfel","11":"product_tag-holzspielzeug","12":"product_tag-holzspielzeug-de","13":"product_tag-lernspielzeug","14":"product_tag-montessori-spielzeug","15":"product_tag-sensorischer-wurfel","16":"product_tag-si-storungen","18":"first","19":"instock","20":"featured","21":"shipping-taxable","22":"purchasable","23":"product-type-variable"},"yoast_head":"<!-- This site is optimized with the Yoast SEO Premium plugin v26.1 (Yoast SEO v26.1.1) - https:\/\/yoast.com\/wordpress\/plugins\/seo\/ -->\n<title>NEWBIE Green Calm mini manipulativer W\u00fcrfel<\/title>\n<meta name=\"description\" content=\"Der manipulative W\u00fcrfel ist ein mobiles Spielzeug, mit dem ein Kind die Langeweile kreativ f\u00fcllen kann, wo immer sie auftritt.\" \/>\n<meta name=\"robots\" content=\"index, follow, max-snippet:-1, max-image-preview:large, max-video-preview:-1\" \/>\n<link rel=\"canonical\" href=\"https:\/\/littledragon.com.pl\/de\/sklep\/unkategorisiert\/newbie-handhabungswuerfelgruen-calm\/\" \/>\n<meta property=\"og:locale\" content=\"de_DE\" \/>\n<meta property=\"og:type\" content=\"article\" \/>\n<meta property=\"og:title\" content=\"NEWBIE Handhabungsw\u00fcrfelGr\u00fcn&nbsp;Calm\" \/>\n<meta property=\"og:description\" content=\"Der manipulative W\u00fcrfel ist ein mobiles Spielzeug, mit dem ein Kind die Langeweile kreativ f\u00fcllen kann, wo immer sie auftritt.\" \/>\n<meta property=\"og:url\" content=\"https:\/\/littledragon.com.pl\/de\/sklep\/unkategorisiert\/newbie-handhabungswuerfelgruen-calm\/\" \/>\n<meta property=\"og:site_name\" content=\"Little Dragon\" \/>\n<meta property=\"article:publisher\" content=\"https:\/\/www.facebook.com\/Little-Dragon-drewniane-pomoce-manipulacyjne-i-edukacyjne-110363020791188\" \/>\n<meta property=\"og:image\" content=\"https:\/\/littledragon.com.pl\/wp-content\/uploads\/2025\/06\/IMG_9743.jpg\" \/>\n\t<meta property=\"og:image:width\" content=\"540\" \/>\n\t<meta property=\"og:image:height\" content=\"720\" \/>\n\t<meta property=\"og:image:type\" content=\"image\/jpeg\" \/>\n<meta name=\"twitter:card\" content=\"summary_large_image\" \/>\n<meta name=\"twitter:label1\" content=\"Gesch\u00e4tzte Lesezeit\" \/>\n\t<meta name=\"twitter:data1\" content=\"1\u00a0Minute\" \/>\n<script type=\"application\/ld+json\" class=\"yoast-schema-graph\">{\"@context\":\"https:\/\/schema.org\",\"@graph\":[{\"@type\":[\"WebPage\",\"ItemPage\"],\"@id\":\"https:\/\/littledragon.com.pl\/de\/sklep\/unkategorisiert\/newbie-handhabungswuerfelgruen-calm\/\",\"url\":\"https:\/\/littledragon.com.pl\/de\/sklep\/unkategorisiert\/newbie-handhabungswuerfelgruen-calm\/\",\"name\":\"NEWBIE Green Calm mini manipulativer W\u00fcrfel\",\"isPartOf\":{\"@id\":\"https:\/\/littledragon.com.pl\/de\/#website\"},\"primaryImageOfPage\":{\"@id\":\"https:\/\/littledragon.com.pl\/de\/sklep\/unkategorisiert\/newbie-handhabungswuerfelgruen-calm\/#primaryimage\"},\"image\":{\"@id\":\"https:\/\/littledragon.com.pl\/de\/sklep\/unkategorisiert\/newbie-handhabungswuerfelgruen-calm\/#primaryimage\"},\"thumbnailUrl\":\"https:\/\/littledragon.com.pl\/wp-content\/uploads\/2025\/06\/kostka-manipulacyjna-na-roczek-Tiny-Tot-green-1.jpg\",\"datePublished\":\"2025-06-30T06:43:59+00:00\",\"description\":\"Der manipulative W\u00fcrfel ist ein mobiles Spielzeug, mit dem ein Kind die Langeweile kreativ f\u00fcllen kann, wo immer sie auftritt.\",\"breadcrumb\":{\"@id\":\"https:\/\/littledragon.com.pl\/de\/sklep\/unkategorisiert\/newbie-handhabungswuerfelgruen-calm\/#breadcrumb\"},\"inLanguage\":\"de\",\"potentialAction\":[{\"@type\":\"ReadAction\",\"target\":[\"https:\/\/littledragon.com.pl\/de\/sklep\/unkategorisiert\/newbie-handhabungswuerfelgruen-calm\/\"]}]},{\"@type\":\"ImageObject\",\"inLanguage\":\"de\",\"@id\":\"https:\/\/littledragon.com.pl\/de\/sklep\/unkategorisiert\/newbie-handhabungswuerfelgruen-calm\/#primaryimage\",\"url\":\"https:\/\/littledragon.com.pl\/wp-content\/uploads\/2025\/06\/kostka-manipulacyjna-na-roczek-Tiny-Tot-green-1.jpg\",\"contentUrl\":\"https:\/\/littledragon.com.pl\/wp-content\/uploads\/2025\/06\/kostka-manipulacyjna-na-roczek-Tiny-Tot-green-1.jpg\",\"width\":720,\"height\":720},{\"@type\":\"BreadcrumbList\",\"@id\":\"https:\/\/littledragon.com.pl\/de\/sklep\/unkategorisiert\/newbie-handhabungswuerfelgruen-calm\/#breadcrumb\",\"itemListElement\":[{\"@type\":\"ListItem\",\"position\":1,\"name\":\"\",\"item\":\"https:\/\/littledragon.com.pl\/de\/\"},{\"@type\":\"ListItem\",\"position\":2,\"name\":\"Shop\",\"item\":\"https:\/\/littledragon.com.pl\/de\/shop\/\"},{\"@type\":\"ListItem\",\"position\":3,\"name\":\"Gr\u00fcne Gelassenheit\",\"item\":\"https:\/\/littledragon.com.pl\/de\/grune-gelassenheit\/\"},{\"@type\":\"ListItem\",\"position\":4,\"name\":\"NEWBIE Handhabungsw\u00fcrfel&lt;\/br&gt;&lt;span&gt;Gr\u00fcn&nbsp;Calm&lt;\/span&gt;\"}]},{\"@type\":\"WebSite\",\"@id\":\"https:\/\/littledragon.com.pl\/de\/#website\",\"url\":\"https:\/\/littledragon.com.pl\/de\/\",\"name\":\"Little Dragon\",\"description\":\"sklep z zabawkami dla dzieci\",\"publisher\":{\"@id\":\"https:\/\/littledragon.com.pl\/de\/#organization\"},\"potentialAction\":[{\"@type\":\"SearchAction\",\"target\":{\"@type\":\"EntryPoint\",\"urlTemplate\":\"https:\/\/littledragon.com.pl\/de\/?s={search_term_string}\"},\"query-input\":{\"@type\":\"PropertyValueSpecification\",\"valueRequired\":true,\"valueName\":\"search_term_string\"}}],\"inLanguage\":\"de\"},{\"@type\":\"Organization\",\"@id\":\"https:\/\/littledragon.com.pl\/de\/#organization\",\"name\":\"Little Dragon\",\"url\":\"https:\/\/littledragon.com.pl\/de\/\",\"logo\":{\"@type\":\"ImageObject\",\"inLanguage\":\"de\",\"@id\":\"https:\/\/littledragon.com.pl\/de\/#\/schema\/logo\/image\/\",\"url\":\"https:\/\/littledragon.com.pl\/wp-content\/uploads\/2021\/04\/little-dragon-logos-all-01.png\",\"contentUrl\":\"https:\/\/littledragon.com.pl\/wp-content\/uploads\/2021\/04\/little-dragon-logos-all-01.png\",\"width\":856,\"height\":558,\"caption\":\"Little Dragon\"},\"image\":{\"@id\":\"https:\/\/littledragon.com.pl\/de\/#\/schema\/logo\/image\/\"},\"sameAs\":[\"https:\/\/www.facebook.com\/Little-Dragon-drewniane-pomoce-manipulacyjne-i-edukacyjne-110363020791188\",\"https:\/\/www.instagram.com\/littledragon.zabawki\/\"]}]}<\/script>\n<!-- \/ Yoast SEO Premium plugin. -->","yoast_head_json":{"title":"NEWBIE Green Calm mini manipulativer W\u00fcrfel","description":"Der manipulative W\u00fcrfel ist ein mobiles Spielzeug, mit dem ein Kind die Langeweile kreativ f\u00fcllen kann, wo immer sie auftritt.","robots":{"index":"index","follow":"follow","max-snippet":"max-snippet:-1","max-image-preview":"max-image-preview:large","max-video-preview":"max-video-preview:-1"},"canonical":"https:\/\/littledragon.com.pl\/de\/sklep\/unkategorisiert\/newbie-handhabungswuerfelgruen-calm\/","og_locale":"de_DE","og_type":"article","og_title":"NEWBIE Handhabungsw\u00fcrfelGr\u00fcn&nbsp;Calm","og_description":"Der manipulative W\u00fcrfel ist ein mobiles Spielzeug, mit dem ein Kind die Langeweile kreativ f\u00fcllen kann, wo immer sie auftritt.","og_url":"https:\/\/littledragon.com.pl\/de\/sklep\/unkategorisiert\/newbie-handhabungswuerfelgruen-calm\/","og_site_name":"Little Dragon","article_publisher":"https:\/\/www.facebook.com\/Little-Dragon-drewniane-pomoce-manipulacyjne-i-edukacyjne-110363020791188","og_image":[{"width":540,"height":720,"url":"https:\/\/littledragon.com.pl\/wp-content\/uploads\/2025\/06\/IMG_9743.jpg","type":"image\/jpeg"}],"twitter_card":"summary_large_image","twitter_misc":{"Gesch\u00e4tzte Lesezeit":"1\u00a0Minute"},"schema":{"@context":"https:\/\/schema.org","@graph":[{"@type":["WebPage","ItemPage"],"@id":"https:\/\/littledragon.com.pl\/de\/sklep\/unkategorisiert\/newbie-handhabungswuerfelgruen-calm\/","url":"https:\/\/littledragon.com.pl\/de\/sklep\/unkategorisiert\/newbie-handhabungswuerfelgruen-calm\/","name":"NEWBIE Green Calm mini manipulativer W\u00fcrfel","isPartOf":{"@id":"https:\/\/littledragon.com.pl\/de\/#website"},"primaryImageOfPage":{"@id":"https:\/\/littledragon.com.pl\/de\/sklep\/unkategorisiert\/newbie-handhabungswuerfelgruen-calm\/#primaryimage"},"image":{"@id":"https:\/\/littledragon.com.pl\/de\/sklep\/unkategorisiert\/newbie-handhabungswuerfelgruen-calm\/#primaryimage"},"thumbnailUrl":"https:\/\/littledragon.com.pl\/wp-content\/uploads\/2025\/06\/kostka-manipulacyjna-na-roczek-Tiny-Tot-green-1.jpg","datePublished":"2025-06-30T06:43:59+00:00","description":"Der manipulative W\u00fcrfel ist ein mobiles Spielzeug, mit dem ein Kind die Langeweile kreativ f\u00fcllen kann, wo immer sie auftritt.","breadcrumb":{"@id":"https:\/\/littledragon.com.pl\/de\/sklep\/unkategorisiert\/newbie-handhabungswuerfelgruen-calm\/#breadcrumb"},"inLanguage":"de","potentialAction":[{"@type":"ReadAction","target":["https:\/\/littledragon.com.pl\/de\/sklep\/unkategorisiert\/newbie-handhabungswuerfelgruen-calm\/"]}]},{"@type":"ImageObject","inLanguage":"de","@id":"https:\/\/littledragon.com.pl\/de\/sklep\/unkategorisiert\/newbie-handhabungswuerfelgruen-calm\/#primaryimage","url":"https:\/\/littledragon.com.pl\/wp-content\/uploads\/2025\/06\/kostka-manipulacyjna-na-roczek-Tiny-Tot-green-1.jpg","contentUrl":"https:\/\/littledragon.com.pl\/wp-content\/uploads\/2025\/06\/kostka-manipulacyjna-na-roczek-Tiny-Tot-green-1.jpg","width":720,"height":720},{"@type":"BreadcrumbList","@id":"https:\/\/littledragon.com.pl\/de\/sklep\/unkategorisiert\/newbie-handhabungswuerfelgruen-calm\/#breadcrumb","itemListElement":[{"@type":"ListItem","position":1,"name":"","item":"https:\/\/littledragon.com.pl\/de\/"},{"@type":"ListItem","position":2,"name":"Shop","item":"https:\/\/littledragon.com.pl\/de\/shop\/"},{"@type":"ListItem","position":3,"name":"Gr\u00fcne Gelassenheit","item":"https:\/\/littledragon.com.pl\/de\/grune-gelassenheit\/"},{"@type":"ListItem","position":4,"name":"NEWBIE Handhabungsw\u00fcrfel&lt;\/br&gt;&lt;span&gt;Gr\u00fcn&nbsp;Calm&lt;\/span&gt;"}]},{"@type":"WebSite","@id":"https:\/\/littledragon.com.pl\/de\/#website","url":"https:\/\/littledragon.com.pl\/de\/","name":"Little Dragon","description":"sklep z zabawkami dla dzieci","publisher":{"@id":"https:\/\/littledragon.com.pl\/de\/#organization"},"potentialAction":[{"@type":"SearchAction","target":{"@type":"EntryPoint","urlTemplate":"https:\/\/littledragon.com.pl\/de\/?s={search_term_string}"},"query-input":{"@type":"PropertyValueSpecification","valueRequired":true,"valueName":"search_term_string"}}],"inLanguage":"de"},{"@type":"Organization","@id":"https:\/\/littledragon.com.pl\/de\/#organization","name":"Little Dragon","url":"https:\/\/littledragon.com.pl\/de\/","logo":{"@type":"ImageObject","inLanguage":"de","@id":"https:\/\/littledragon.com.pl\/de\/#\/schema\/logo\/image\/","url":"https:\/\/littledragon.com.pl\/wp-content\/uploads\/2021\/04\/little-dragon-logos-all-01.png","contentUrl":"https:\/\/littledragon.com.pl\/wp-content\/uploads\/2021\/04\/little-dragon-logos-all-01.png","width":856,"height":558,"caption":"Little Dragon"},"image":{"@id":"https:\/\/littledragon.com.pl\/de\/#\/schema\/logo\/image\/"},"sameAs":["https:\/\/www.facebook.com\/Little-Dragon-drewniane-pomoce-manipulacyjne-i-edukacyjne-110363020791188","https:\/\/www.instagram.com\/littledragon.zabawki\/"]}]}},"_links":{"self":[{"href":"https:\/\/littledragon.com.pl\/de\/wp-json\/wp\/v2\/product\/49969","targetHints":{"allow":["GET"]}}],"collection":[{"href":"https:\/\/littledragon.com.pl\/de\/wp-json\/wp\/v2\/product"}],"about":[{"href":"https:\/\/littledragon.com.pl\/de\/wp-json\/wp\/v2\/types\/product"}],"replies":[{"embeddable":true,"href":"https:\/\/littledragon.com.pl\/de\/wp-json\/wp\/v2\/comments?post=49969"}],"version-history":[{"count":0,"href":"https:\/\/littledragon.com.pl\/de\/wp-json\/wp\/v2\/product\/49969\/revisions"}],"wp:featuredmedia":[{"embeddable":true,"href":"https:\/\/littledragon.com.pl\/de\/wp-json\/wp\/v2\/media\/58998"}],"wp:attachment":[{"href":"https:\/\/littledragon.com.pl\/de\/wp-json\/wp\/v2\/media?parent=49969"}],"wp:term":[{"taxonomy":"product_brand","embeddable":true,"href":"https:\/\/littledragon.com.pl\/de\/wp-json\/wp\/v2\/product_brand?post=49969"},{"taxonomy":"product_cat","embeddable":true,"href":"https:\/\/littledragon.com.pl\/de\/wp-json\/wp\/v2\/product_cat?post=49969"},{"taxonomy":"product_tag","embeddable":true,"href":"https:\/\/littledragon.com.pl\/de\/wp-json\/wp\/v2\/product_tag?post=49969"}],"curies":[{"name":"wp","href":"https:\/\/api.w.org\/{rel}","templated":true}]}}