{"id":49766,"date":"2022-11-18T10:21:37","date_gmt":"2022-11-18T09:21:37","guid":{"rendered":"https:\/\/littledragon.com.pl\/sklep\/unkategorisiert\/focus-handling-wuerfelblau\/"},"modified":"2022-11-18T10:21:37","modified_gmt":"2022-11-18T09:21:37","slug":"focus-handling-wuerfelblau","status":"publish","type":"product","link":"https:\/\/littledragon.com.pl\/de\/sklep\/unkategorisiert\/focus-handling-wuerfelblau\/","title":{"rendered":"FOCUS Handling-W\u00fcrfel<\/br><span>Blau<\/span>"},"content":{"rendered":"<h2 style=\"text-align: center;\">FOCUS- Blauer Handling-W\u00fcrfel<\/h2>\n<p>Was zeichnet den Focus Handling-W\u00fcrfel aus? Vor allem die Attraktivit\u00e4t der Elemente, die sichere Ausf\u00fchrung und die ideale Gr\u00f6\u00dfe. Auf den sechs Seiten des leichten W\u00fcrfels aus Kiefernholz sind Objekte abgebildet, die kleine H\u00e4nde sofort interessieren werden. Seine Aufgabe ist es jedoch, mehr als nur Spa\u00df zu bieten. Die manipulativen W\u00fcrfel sind eine gro\u00dfartige \u00dcbung f\u00fcr die H\u00e4nde, die Entwicklung der Sinne, kognitive Prozesse und auch eine ganze Reihe von Unterst\u00fctzung f\u00fcr psychomotorische Prozesse. Wenn wir den W\u00fcrfel auf einen Spaziergang oder eine Reise mitnehmen, k\u00f6nnen wir den Anblick eines konzentrierten und besch\u00e4ftigten Kindes genie\u00dfen und wissen, dass wir gleichzeitig seine Entwicklung unterst\u00fctzen. Dank der Tatsache, dass das Spielzeug aus Alltagsgegenst\u00e4nden besteht, lernt das Kind die Welt um sich herum auf die f\u00fcr es nat\u00fcrlichste Weise kennen &#8211; n\u00e4mlich beim Spielen.<\/p>\n<p>Der manipulative W\u00fcrfel ist ein perfektes, originelles und zeitloses Geschenk f\u00fcr ein Kind zu jedem Anlass.<\/p>\n<p>Sehen Sie sich auch unsere anderen <a href=\"\/puzzles\/\"><br \/>\n  <strong>R\u00e4tsel f\u00fcr die linke Hemisph\u00e4re<\/strong><br \/>\n<\/a><strong> <a href=\"\/tabellen-manipulation\/\">Manipulationstafeln<\/a><\/strong> sowie <a href=\"\/Manipulationsw\u00fcrfel\/\"><br \/>\n  <strong>Umgang mit W\u00fcrfeln<\/strong><br \/>\n<\/a>, <strong><br \/>\n  <a href=\"\/Manipulationskreise\/\">manipulative R\u00e4der<\/a><br \/>\n<\/strong> und manipulativen <strong><a href=\"\/Manipulationstabletten\/\">Tafeln<\/a><\/strong>.<\/p>\n","protected":false},"excerpt":{"rendered":"<p>Der Focus Manipulationsw\u00fcrfel ist eine echte Erfindung unter den Spielzeugen. Klein, schlank, interessant, sicher und vor allem mobil! Es lenkt nicht mit Ger\u00e4uschen ab und beruhigt mit ged\u00e4mpften Farben. Dar\u00fcber hinaus beruhigen blaue Farben den K\u00f6rper.<\/p>\n","protected":false},"featured_media":59496,"comment_status":"open","ping_status":"closed","template":"","meta":[],"product_brand":[],"product_cat":[14884,14779],"product_tag":[14885,14886,14887,14907,14888,14804,14805,14807,14810],"class_list":{"0":"post-49766","1":"product","2":"type-product","3":"status-publish","4":"has-post-thumbnail","6":"product_cat-handhabungswurfel-midi-7cm","7":"product_cat-unkategorisiert","8":"product_tag-kinderspielzeug","9":"product_tag-manipulatives-spielzeug","10":"product_tag-holzspielzeug","11":"product_tag-beschaftigter-wurfel","12":"product_tag-spielzeug-fur-ein-zweijahriges-kind","13":"product_tag-handling-board","14":"product_tag-lernspielzeug","15":"product_tag-montessori-spielzeug","16":"product_tag-handtherapie","18":"first","19":"outofstock","20":"shipping-taxable","21":"purchasable","22":"product-type-variable"},"yoast_head":"<!-- This site is optimized with the Yoast SEO Premium plugin v26.1 (Yoast SEO v26.1.1) - https:\/\/yoast.com\/wordpress\/plugins\/seo\/ -->\n<title>Manipulativer W\u00fcrfel Fokus- Blau<\/title>\n<meta name=\"description\" content=\"Entdecken Sie das mobile Spielzeug - ein kleineres \u00c4quivalent des Spielbretts, ideal f\u00fcr unterwegs, damit sich Ihr Kind unterwegs nicht langweilt.\" \/>\n<meta name=\"robots\" content=\"index, follow, max-snippet:-1, max-image-preview:large, max-video-preview:-1\" \/>\n<link rel=\"canonical\" href=\"https:\/\/littledragon.com.pl\/de\/sklep\/unkategorisiert\/focus-handling-wuerfelblau\/\" \/>\n<meta property=\"og:locale\" content=\"de_DE\" \/>\n<meta property=\"og:type\" content=\"article\" \/>\n<meta property=\"og:title\" content=\"FOCUS Handling-W\u00fcrfelBlau\" \/>\n<meta property=\"og:description\" content=\"Entdecken Sie das mobile Spielzeug - ein kleineres \u00c4quivalent des Spielbretts, ideal f\u00fcr unterwegs, damit sich Ihr Kind unterwegs nicht langweilt.\" \/>\n<meta property=\"og:url\" content=\"https:\/\/littledragon.com.pl\/de\/sklep\/unkategorisiert\/focus-handling-wuerfelblau\/\" \/>\n<meta property=\"og:site_name\" content=\"Little Dragon\" \/>\n<meta property=\"article:publisher\" content=\"https:\/\/www.facebook.com\/Little-Dragon-drewniane-pomoce-manipulacyjne-i-edukacyjne-110363020791188\" \/>\n<meta property=\"og:image\" content=\"https:\/\/littledragon.com.pl\/wp-content\/uploads\/2023\/11\/DSC_1070.jpg\" \/>\n\t<meta property=\"og:image:width\" content=\"480\" \/>\n\t<meta property=\"og:image:height\" content=\"720\" \/>\n\t<meta property=\"og:image:type\" content=\"image\/jpeg\" \/>\n<meta name=\"twitter:card\" content=\"summary_large_image\" \/>\n<meta name=\"twitter:label1\" content=\"Gesch\u00e4tzte Lesezeit\" \/>\n\t<meta name=\"twitter:data1\" content=\"1\u00a0Minute\" \/>\n<script type=\"application\/ld+json\" class=\"yoast-schema-graph\">{\"@context\":\"https:\/\/schema.org\",\"@graph\":[{\"@type\":[\"WebPage\",\"ItemPage\"],\"@id\":\"https:\/\/littledragon.com.pl\/de\/sklep\/unkategorisiert\/focus-handling-wuerfelblau\/\",\"url\":\"https:\/\/littledragon.com.pl\/de\/sklep\/unkategorisiert\/focus-handling-wuerfelblau\/\",\"name\":\"Manipulativer W\u00fcrfel Fokus- Blau\",\"isPartOf\":{\"@id\":\"https:\/\/littledragon.com.pl\/de\/#website\"},\"primaryImageOfPage\":{\"@id\":\"https:\/\/littledragon.com.pl\/de\/sklep\/unkategorisiert\/focus-handling-wuerfelblau\/#primaryimage\"},\"image\":{\"@id\":\"https:\/\/littledragon.com.pl\/de\/sklep\/unkategorisiert\/focus-handling-wuerfelblau\/#primaryimage\"},\"thumbnailUrl\":\"https:\/\/littledragon.com.pl\/wp-content\/uploads\/2022\/11\/Kostka-manipulacyjna-zabawka-do-wozka-Jolly-Box-blue-1.jpg\",\"datePublished\":\"2022-11-18T09:21:37+00:00\",\"description\":\"Entdecken Sie das mobile Spielzeug - ein kleineres \u00c4quivalent des Spielbretts, ideal f\u00fcr unterwegs, damit sich Ihr Kind unterwegs nicht langweilt.\",\"breadcrumb\":{\"@id\":\"https:\/\/littledragon.com.pl\/de\/sklep\/unkategorisiert\/focus-handling-wuerfelblau\/#breadcrumb\"},\"inLanguage\":\"de\",\"potentialAction\":[{\"@type\":\"ReadAction\",\"target\":[\"https:\/\/littledragon.com.pl\/de\/sklep\/unkategorisiert\/focus-handling-wuerfelblau\/\"]}]},{\"@type\":\"ImageObject\",\"inLanguage\":\"de\",\"@id\":\"https:\/\/littledragon.com.pl\/de\/sklep\/unkategorisiert\/focus-handling-wuerfelblau\/#primaryimage\",\"url\":\"https:\/\/littledragon.com.pl\/wp-content\/uploads\/2022\/11\/Kostka-manipulacyjna-zabawka-do-wozka-Jolly-Box-blue-1.jpg\",\"contentUrl\":\"https:\/\/littledragon.com.pl\/wp-content\/uploads\/2022\/11\/Kostka-manipulacyjna-zabawka-do-wozka-Jolly-Box-blue-1.jpg\",\"width\":720,\"height\":720},{\"@type\":\"BreadcrumbList\",\"@id\":\"https:\/\/littledragon.com.pl\/de\/sklep\/unkategorisiert\/focus-handling-wuerfelblau\/#breadcrumb\",\"itemListElement\":[{\"@type\":\"ListItem\",\"position\":1,\"name\":\"\",\"item\":\"https:\/\/littledragon.com.pl\/de\/\"},{\"@type\":\"ListItem\",\"position\":2,\"name\":\"Shop\",\"item\":\"https:\/\/littledragon.com.pl\/de\/shop\/\"},{\"@type\":\"ListItem\",\"position\":3,\"name\":\"Handhabungsw\u00fcrfel midi (7cm)\",\"item\":\"https:\/\/littledragon.com.pl\/de\/handhabungswurfel-midi-7cm\/\"},{\"@type\":\"ListItem\",\"position\":4,\"name\":\"FOCUS Handling-W\u00fcrfel&lt;\/br&gt;&lt;span&gt;Blau&lt;\/span&gt;\"}]},{\"@type\":\"WebSite\",\"@id\":\"https:\/\/littledragon.com.pl\/de\/#website\",\"url\":\"https:\/\/littledragon.com.pl\/de\/\",\"name\":\"Little Dragon\",\"description\":\"sklep z zabawkami dla dzieci\",\"publisher\":{\"@id\":\"https:\/\/littledragon.com.pl\/de\/#organization\"},\"potentialAction\":[{\"@type\":\"SearchAction\",\"target\":{\"@type\":\"EntryPoint\",\"urlTemplate\":\"https:\/\/littledragon.com.pl\/de\/?s={search_term_string}\"},\"query-input\":{\"@type\":\"PropertyValueSpecification\",\"valueRequired\":true,\"valueName\":\"search_term_string\"}}],\"inLanguage\":\"de\"},{\"@type\":\"Organization\",\"@id\":\"https:\/\/littledragon.com.pl\/de\/#organization\",\"name\":\"Little Dragon\",\"url\":\"https:\/\/littledragon.com.pl\/de\/\",\"logo\":{\"@type\":\"ImageObject\",\"inLanguage\":\"de\",\"@id\":\"https:\/\/littledragon.com.pl\/de\/#\/schema\/logo\/image\/\",\"url\":\"https:\/\/littledragon.com.pl\/wp-content\/uploads\/2021\/04\/little-dragon-logos-all-01.png\",\"contentUrl\":\"https:\/\/littledragon.com.pl\/wp-content\/uploads\/2021\/04\/little-dragon-logos-all-01.png\",\"width\":856,\"height\":558,\"caption\":\"Little Dragon\"},\"image\":{\"@id\":\"https:\/\/littledragon.com.pl\/de\/#\/schema\/logo\/image\/\"},\"sameAs\":[\"https:\/\/www.facebook.com\/Little-Dragon-drewniane-pomoce-manipulacyjne-i-edukacyjne-110363020791188\",\"https:\/\/www.instagram.com\/littledragon.zabawki\/\"]}]}<\/script>\n<!-- \/ Yoast SEO Premium plugin. -->","yoast_head_json":{"title":"Manipulativer W\u00fcrfel Fokus- Blau","description":"Entdecken Sie das mobile Spielzeug - ein kleineres \u00c4quivalent des Spielbretts, ideal f\u00fcr unterwegs, damit sich Ihr Kind unterwegs nicht langweilt.","robots":{"index":"index","follow":"follow","max-snippet":"max-snippet:-1","max-image-preview":"max-image-preview:large","max-video-preview":"max-video-preview:-1"},"canonical":"https:\/\/littledragon.com.pl\/de\/sklep\/unkategorisiert\/focus-handling-wuerfelblau\/","og_locale":"de_DE","og_type":"article","og_title":"FOCUS Handling-W\u00fcrfelBlau","og_description":"Entdecken Sie das mobile Spielzeug - ein kleineres \u00c4quivalent des Spielbretts, ideal f\u00fcr unterwegs, damit sich Ihr Kind unterwegs nicht langweilt.","og_url":"https:\/\/littledragon.com.pl\/de\/sklep\/unkategorisiert\/focus-handling-wuerfelblau\/","og_site_name":"Little Dragon","article_publisher":"https:\/\/www.facebook.com\/Little-Dragon-drewniane-pomoce-manipulacyjne-i-edukacyjne-110363020791188","og_image":[{"width":480,"height":720,"url":"https:\/\/littledragon.com.pl\/wp-content\/uploads\/2023\/11\/DSC_1070.jpg","type":"image\/jpeg"}],"twitter_card":"summary_large_image","twitter_misc":{"Gesch\u00e4tzte Lesezeit":"1\u00a0Minute"},"schema":{"@context":"https:\/\/schema.org","@graph":[{"@type":["WebPage","ItemPage"],"@id":"https:\/\/littledragon.com.pl\/de\/sklep\/unkategorisiert\/focus-handling-wuerfelblau\/","url":"https:\/\/littledragon.com.pl\/de\/sklep\/unkategorisiert\/focus-handling-wuerfelblau\/","name":"Manipulativer W\u00fcrfel Fokus- Blau","isPartOf":{"@id":"https:\/\/littledragon.com.pl\/de\/#website"},"primaryImageOfPage":{"@id":"https:\/\/littledragon.com.pl\/de\/sklep\/unkategorisiert\/focus-handling-wuerfelblau\/#primaryimage"},"image":{"@id":"https:\/\/littledragon.com.pl\/de\/sklep\/unkategorisiert\/focus-handling-wuerfelblau\/#primaryimage"},"thumbnailUrl":"https:\/\/littledragon.com.pl\/wp-content\/uploads\/2022\/11\/Kostka-manipulacyjna-zabawka-do-wozka-Jolly-Box-blue-1.jpg","datePublished":"2022-11-18T09:21:37+00:00","description":"Entdecken Sie das mobile Spielzeug - ein kleineres \u00c4quivalent des Spielbretts, ideal f\u00fcr unterwegs, damit sich Ihr Kind unterwegs nicht langweilt.","breadcrumb":{"@id":"https:\/\/littledragon.com.pl\/de\/sklep\/unkategorisiert\/focus-handling-wuerfelblau\/#breadcrumb"},"inLanguage":"de","potentialAction":[{"@type":"ReadAction","target":["https:\/\/littledragon.com.pl\/de\/sklep\/unkategorisiert\/focus-handling-wuerfelblau\/"]}]},{"@type":"ImageObject","inLanguage":"de","@id":"https:\/\/littledragon.com.pl\/de\/sklep\/unkategorisiert\/focus-handling-wuerfelblau\/#primaryimage","url":"https:\/\/littledragon.com.pl\/wp-content\/uploads\/2022\/11\/Kostka-manipulacyjna-zabawka-do-wozka-Jolly-Box-blue-1.jpg","contentUrl":"https:\/\/littledragon.com.pl\/wp-content\/uploads\/2022\/11\/Kostka-manipulacyjna-zabawka-do-wozka-Jolly-Box-blue-1.jpg","width":720,"height":720},{"@type":"BreadcrumbList","@id":"https:\/\/littledragon.com.pl\/de\/sklep\/unkategorisiert\/focus-handling-wuerfelblau\/#breadcrumb","itemListElement":[{"@type":"ListItem","position":1,"name":"","item":"https:\/\/littledragon.com.pl\/de\/"},{"@type":"ListItem","position":2,"name":"Shop","item":"https:\/\/littledragon.com.pl\/de\/shop\/"},{"@type":"ListItem","position":3,"name":"Handhabungsw\u00fcrfel midi (7cm)","item":"https:\/\/littledragon.com.pl\/de\/handhabungswurfel-midi-7cm\/"},{"@type":"ListItem","position":4,"name":"FOCUS Handling-W\u00fcrfel&lt;\/br&gt;&lt;span&gt;Blau&lt;\/span&gt;"}]},{"@type":"WebSite","@id":"https:\/\/littledragon.com.pl\/de\/#website","url":"https:\/\/littledragon.com.pl\/de\/","name":"Little Dragon","description":"sklep z zabawkami dla dzieci","publisher":{"@id":"https:\/\/littledragon.com.pl\/de\/#organization"},"potentialAction":[{"@type":"SearchAction","target":{"@type":"EntryPoint","urlTemplate":"https:\/\/littledragon.com.pl\/de\/?s={search_term_string}"},"query-input":{"@type":"PropertyValueSpecification","valueRequired":true,"valueName":"search_term_string"}}],"inLanguage":"de"},{"@type":"Organization","@id":"https:\/\/littledragon.com.pl\/de\/#organization","name":"Little Dragon","url":"https:\/\/littledragon.com.pl\/de\/","logo":{"@type":"ImageObject","inLanguage":"de","@id":"https:\/\/littledragon.com.pl\/de\/#\/schema\/logo\/image\/","url":"https:\/\/littledragon.com.pl\/wp-content\/uploads\/2021\/04\/little-dragon-logos-all-01.png","contentUrl":"https:\/\/littledragon.com.pl\/wp-content\/uploads\/2021\/04\/little-dragon-logos-all-01.png","width":856,"height":558,"caption":"Little Dragon"},"image":{"@id":"https:\/\/littledragon.com.pl\/de\/#\/schema\/logo\/image\/"},"sameAs":["https:\/\/www.facebook.com\/Little-Dragon-drewniane-pomoce-manipulacyjne-i-edukacyjne-110363020791188","https:\/\/www.instagram.com\/littledragon.zabawki\/"]}]}},"_links":{"self":[{"href":"https:\/\/littledragon.com.pl\/de\/wp-json\/wp\/v2\/product\/49766","targetHints":{"allow":["GET"]}}],"collection":[{"href":"https:\/\/littledragon.com.pl\/de\/wp-json\/wp\/v2\/product"}],"about":[{"href":"https:\/\/littledragon.com.pl\/de\/wp-json\/wp\/v2\/types\/product"}],"replies":[{"embeddable":true,"href":"https:\/\/littledragon.com.pl\/de\/wp-json\/wp\/v2\/comments?post=49766"}],"version-history":[{"count":0,"href":"https:\/\/littledragon.com.pl\/de\/wp-json\/wp\/v2\/product\/49766\/revisions"}],"wp:featuredmedia":[{"embeddable":true,"href":"https:\/\/littledragon.com.pl\/de\/wp-json\/wp\/v2\/media\/59496"}],"wp:attachment":[{"href":"https:\/\/littledragon.com.pl\/de\/wp-json\/wp\/v2\/media?parent=49766"}],"wp:term":[{"taxonomy":"product_brand","embeddable":true,"href":"https:\/\/littledragon.com.pl\/de\/wp-json\/wp\/v2\/product_brand?post=49766"},{"taxonomy":"product_cat","embeddable":true,"href":"https:\/\/littledragon.com.pl\/de\/wp-json\/wp\/v2\/product_cat?post=49766"},{"taxonomy":"product_tag","embeddable":true,"href":"https:\/\/littledragon.com.pl\/de\/wp-json\/wp\/v2\/product_tag?post=49766"}],"curies":[{"name":"wp","href":"https:\/\/api.w.org\/{rel}","templated":true}]}}