{"id":49715,"date":"2023-03-15T10:37:41","date_gmt":"2023-03-15T09:37:41","guid":{"rendered":"https:\/\/littledragon.com.pl\/sklep\/unkategorisiert\/leinenbeutel-fuer-die-handhabung-von-wuerfeln\/"},"modified":"2025-05-04T01:26:54","modified_gmt":"2025-05-03T23:26:54","slug":"leinenbeutel-fuer-die-handhabung-von-wuerfeln","status":"publish","type":"product","link":"https:\/\/littledragon.com.pl\/de\/sklep\/zubehor\/leinenbeutel-fuer-die-handhabung-von-wuerfeln\/","title":{"rendered":"Leinenbeutel f\u00fcr die Handhabung von W\u00fcrfeln"},"content":{"rendered":"<p>Sie m\u00f6chten einen Handling-W\u00fcrfel f\u00fcr ein Geschenk bestellen, haben aber keine Zeit, ihn zu verpacken? Der Leinenbeutel ist eine hervorragende Form der Geschenkverpackung. Keine unn\u00f6tigen T\u00fcten oder Papier. Einfach und praktisch &#8211; ideal f\u00fcr Mini und Midi Kn\u00f6chelgr\u00f6\u00dfen. In der Tasche k\u00f6nnen Sie das Spielzeug auch aufbewahren und zum Beispiel sicher in Ihrer Handtasche tragen. Das ist eine praktische und umweltfreundliche L\u00f6sung \ud83d\ude42<\/p>\n<p>Die Tasche misst 18&#215;24 cm.<\/p>\n<p>Wenn Sie einen Leinenbeutel f\u00fcr Ihre Bestellung ausw\u00e4hlen, erhalten Sie au\u00dferdem ein Lesezeichen mit Informationen dar\u00fcber, welche Bereiche der Artikel an Ihrem Kn\u00f6chel unterst\u00fctzt, sowie eine Gebrauchsanweisung. Keine Sorge, Sie werden die Quittung nicht darin finden! Ich sende den Kaufnachweis elektronisch an die bei der Bestellung angegebene E-Mail-Adresse.<\/p>\n","protected":false},"excerpt":{"rendered":"<p>Der Leinenbeutel eignet sich hervorragend, um einen manipulativen W\u00fcrfel als Geschenk zu bestellen, aber auch, um das Spielzeug aufzubewahren und sicher zu transportieren.<\/p>\n","protected":false},"featured_media":48418,"comment_status":"open","ping_status":"closed","template":"","meta":[],"product_brand":[],"product_cat":[14900],"product_tag":[14901,14902],"class_list":{"0":"post-49715","1":"product","2":"type-product","3":"status-publish","4":"has-post-thumbnail","6":"product_cat-zubehor","7":"product_tag-beutel","8":"product_tag-leinenbeutel","10":"first","11":"instock","12":"shipping-taxable","13":"purchasable","14":"product-type-simple"},"yoast_head":"<!-- This site is optimized with the Yoast SEO Premium plugin v26.1 (Yoast SEO v26.1.1) - https:\/\/yoast.com\/wordpress\/plugins\/seo\/ -->\n<title>Leinenbeutel f\u00fcr die Handhabung von W\u00fcrfeln - Little Dragon<\/title>\n<meta name=\"description\" content=\"Verpacken Sie einen Manipulationsw\u00fcrfel als Geschenk in einen Leinenbeutel!\" \/>\n<meta name=\"robots\" content=\"index, follow, max-snippet:-1, max-image-preview:large, max-video-preview:-1\" \/>\n<link rel=\"canonical\" href=\"https:\/\/littledragon.com.pl\/de\/sklep\/zubehor\/leinenbeutel-fuer-die-handhabung-von-wuerfeln\/\" \/>\n<meta property=\"og:locale\" content=\"de_DE\" \/>\n<meta property=\"og:type\" content=\"article\" \/>\n<meta property=\"og:title\" content=\"Leinenbeutel f\u00fcr die Handhabung von W\u00fcrfeln\" \/>\n<meta property=\"og:description\" content=\"Verpacken Sie einen Manipulationsw\u00fcrfel als Geschenk in einen Leinenbeutel!\" \/>\n<meta property=\"og:url\" content=\"https:\/\/littledragon.com.pl\/de\/sklep\/zubehor\/leinenbeutel-fuer-die-handhabung-von-wuerfeln\/\" \/>\n<meta property=\"og:site_name\" content=\"Little Dragon\" \/>\n<meta property=\"article:publisher\" content=\"https:\/\/www.facebook.com\/Little-Dragon-drewniane-pomoce-manipulacyjne-i-edukacyjne-110363020791188\" \/>\n<meta property=\"article:modified_time\" content=\"2025-05-03T23:26:54+00:00\" \/>\n<meta property=\"og:image\" content=\"https:\/\/littledragon.com.pl\/wp-content\/uploads\/2023\/03\/woreczek-na-kostke-scaled.jpg\" \/>\n\t<meta property=\"og:image:width\" content=\"1920\" \/>\n\t<meta property=\"og:image:height\" content=\"2560\" \/>\n\t<meta property=\"og:image:type\" content=\"image\/jpeg\" \/>\n<meta name=\"twitter:card\" content=\"summary_large_image\" \/>\n<meta name=\"twitter:label1\" content=\"Gesch\u00e4tzte Lesezeit\" \/>\n\t<meta name=\"twitter:data1\" content=\"1\u00a0Minute\" \/>\n<script type=\"application\/ld+json\" class=\"yoast-schema-graph\">{\"@context\":\"https:\/\/schema.org\",\"@graph\":[{\"@type\":[\"WebPage\",\"ItemPage\"],\"@id\":\"https:\/\/littledragon.com.pl\/de\/sklep\/zubehor\/leinenbeutel-fuer-die-handhabung-von-wuerfeln\/\",\"url\":\"https:\/\/littledragon.com.pl\/de\/sklep\/zubehor\/leinenbeutel-fuer-die-handhabung-von-wuerfeln\/\",\"name\":\"Leinenbeutel f\u00fcr die Handhabung von W\u00fcrfeln - Little Dragon\",\"isPartOf\":{\"@id\":\"https:\/\/littledragon.com.pl\/de\/#website\"},\"primaryImageOfPage\":{\"@id\":\"https:\/\/littledragon.com.pl\/de\/sklep\/zubehor\/leinenbeutel-fuer-die-handhabung-von-wuerfeln\/#primaryimage\"},\"image\":{\"@id\":\"https:\/\/littledragon.com.pl\/de\/sklep\/zubehor\/leinenbeutel-fuer-die-handhabung-von-wuerfeln\/#primaryimage\"},\"thumbnailUrl\":\"https:\/\/littledragon.com.pl\/wp-content\/uploads\/2023\/03\/woreczek-na-kostke-scaled.jpg\",\"datePublished\":\"2023-03-15T09:37:41+00:00\",\"dateModified\":\"2025-05-03T23:26:54+00:00\",\"description\":\"Verpacken Sie einen Manipulationsw\u00fcrfel als Geschenk in einen Leinenbeutel!\",\"breadcrumb\":{\"@id\":\"https:\/\/littledragon.com.pl\/de\/sklep\/zubehor\/leinenbeutel-fuer-die-handhabung-von-wuerfeln\/#breadcrumb\"},\"inLanguage\":\"de\",\"potentialAction\":[{\"@type\":\"ReadAction\",\"target\":[\"https:\/\/littledragon.com.pl\/de\/sklep\/zubehor\/leinenbeutel-fuer-die-handhabung-von-wuerfeln\/\"]}]},{\"@type\":\"ImageObject\",\"inLanguage\":\"de\",\"@id\":\"https:\/\/littledragon.com.pl\/de\/sklep\/zubehor\/leinenbeutel-fuer-die-handhabung-von-wuerfeln\/#primaryimage\",\"url\":\"https:\/\/littledragon.com.pl\/wp-content\/uploads\/2023\/03\/woreczek-na-kostke-scaled.jpg\",\"contentUrl\":\"https:\/\/littledragon.com.pl\/wp-content\/uploads\/2023\/03\/woreczek-na-kostke-scaled.jpg\",\"width\":1920,\"height\":2560,\"caption\":\"littledragon\"},{\"@type\":\"BreadcrumbList\",\"@id\":\"https:\/\/littledragon.com.pl\/de\/sklep\/zubehor\/leinenbeutel-fuer-die-handhabung-von-wuerfeln\/#breadcrumb\",\"itemListElement\":[{\"@type\":\"ListItem\",\"position\":1,\"name\":\"\",\"item\":\"https:\/\/littledragon.com.pl\/de\/\"},{\"@type\":\"ListItem\",\"position\":2,\"name\":\"Shop\",\"item\":\"https:\/\/littledragon.com.pl\/de\/shop\/\"},{\"@type\":\"ListItem\",\"position\":3,\"name\":\"ZUBEH\u00d6R\",\"item\":\"https:\/\/littledragon.com.pl\/de\/zubehor\/\"},{\"@type\":\"ListItem\",\"position\":4,\"name\":\"Leinenbeutel f\u00fcr die Handhabung von W\u00fcrfeln\"}]},{\"@type\":\"WebSite\",\"@id\":\"https:\/\/littledragon.com.pl\/de\/#website\",\"url\":\"https:\/\/littledragon.com.pl\/de\/\",\"name\":\"Little Dragon\",\"description\":\"sklep z zabawkami dla dzieci\",\"publisher\":{\"@id\":\"https:\/\/littledragon.com.pl\/de\/#organization\"},\"potentialAction\":[{\"@type\":\"SearchAction\",\"target\":{\"@type\":\"EntryPoint\",\"urlTemplate\":\"https:\/\/littledragon.com.pl\/de\/?s={search_term_string}\"},\"query-input\":{\"@type\":\"PropertyValueSpecification\",\"valueRequired\":true,\"valueName\":\"search_term_string\"}}],\"inLanguage\":\"de\"},{\"@type\":\"Organization\",\"@id\":\"https:\/\/littledragon.com.pl\/de\/#organization\",\"name\":\"Little Dragon\",\"url\":\"https:\/\/littledragon.com.pl\/de\/\",\"logo\":{\"@type\":\"ImageObject\",\"inLanguage\":\"de\",\"@id\":\"https:\/\/littledragon.com.pl\/de\/#\/schema\/logo\/image\/\",\"url\":\"https:\/\/littledragon.com.pl\/wp-content\/uploads\/2021\/04\/little-dragon-logos-all-01.png\",\"contentUrl\":\"https:\/\/littledragon.com.pl\/wp-content\/uploads\/2021\/04\/little-dragon-logos-all-01.png\",\"width\":856,\"height\":558,\"caption\":\"Little Dragon\"},\"image\":{\"@id\":\"https:\/\/littledragon.com.pl\/de\/#\/schema\/logo\/image\/\"},\"sameAs\":[\"https:\/\/www.facebook.com\/Little-Dragon-drewniane-pomoce-manipulacyjne-i-edukacyjne-110363020791188\",\"https:\/\/www.instagram.com\/littledragon.zabawki\/\"]}]}<\/script>\n<!-- \/ Yoast SEO Premium plugin. -->","yoast_head_json":{"title":"Leinenbeutel f\u00fcr die Handhabung von W\u00fcrfeln - Little Dragon","description":"Verpacken Sie einen Manipulationsw\u00fcrfel als Geschenk in einen Leinenbeutel!","robots":{"index":"index","follow":"follow","max-snippet":"max-snippet:-1","max-image-preview":"max-image-preview:large","max-video-preview":"max-video-preview:-1"},"canonical":"https:\/\/littledragon.com.pl\/de\/sklep\/zubehor\/leinenbeutel-fuer-die-handhabung-von-wuerfeln\/","og_locale":"de_DE","og_type":"article","og_title":"Leinenbeutel f\u00fcr die Handhabung von W\u00fcrfeln","og_description":"Verpacken Sie einen Manipulationsw\u00fcrfel als Geschenk in einen Leinenbeutel!","og_url":"https:\/\/littledragon.com.pl\/de\/sklep\/zubehor\/leinenbeutel-fuer-die-handhabung-von-wuerfeln\/","og_site_name":"Little Dragon","article_publisher":"https:\/\/www.facebook.com\/Little-Dragon-drewniane-pomoce-manipulacyjne-i-edukacyjne-110363020791188","article_modified_time":"2025-05-03T23:26:54+00:00","og_image":[{"width":1920,"height":2560,"url":"https:\/\/littledragon.com.pl\/wp-content\/uploads\/2023\/03\/woreczek-na-kostke-scaled.jpg","type":"image\/jpeg"}],"twitter_card":"summary_large_image","twitter_misc":{"Gesch\u00e4tzte Lesezeit":"1\u00a0Minute"},"schema":{"@context":"https:\/\/schema.org","@graph":[{"@type":["WebPage","ItemPage"],"@id":"https:\/\/littledragon.com.pl\/de\/sklep\/zubehor\/leinenbeutel-fuer-die-handhabung-von-wuerfeln\/","url":"https:\/\/littledragon.com.pl\/de\/sklep\/zubehor\/leinenbeutel-fuer-die-handhabung-von-wuerfeln\/","name":"Leinenbeutel f\u00fcr die Handhabung von W\u00fcrfeln - Little Dragon","isPartOf":{"@id":"https:\/\/littledragon.com.pl\/de\/#website"},"primaryImageOfPage":{"@id":"https:\/\/littledragon.com.pl\/de\/sklep\/zubehor\/leinenbeutel-fuer-die-handhabung-von-wuerfeln\/#primaryimage"},"image":{"@id":"https:\/\/littledragon.com.pl\/de\/sklep\/zubehor\/leinenbeutel-fuer-die-handhabung-von-wuerfeln\/#primaryimage"},"thumbnailUrl":"https:\/\/littledragon.com.pl\/wp-content\/uploads\/2023\/03\/woreczek-na-kostke-scaled.jpg","datePublished":"2023-03-15T09:37:41+00:00","dateModified":"2025-05-03T23:26:54+00:00","description":"Verpacken Sie einen Manipulationsw\u00fcrfel als Geschenk in einen Leinenbeutel!","breadcrumb":{"@id":"https:\/\/littledragon.com.pl\/de\/sklep\/zubehor\/leinenbeutel-fuer-die-handhabung-von-wuerfeln\/#breadcrumb"},"inLanguage":"de","potentialAction":[{"@type":"ReadAction","target":["https:\/\/littledragon.com.pl\/de\/sklep\/zubehor\/leinenbeutel-fuer-die-handhabung-von-wuerfeln\/"]}]},{"@type":"ImageObject","inLanguage":"de","@id":"https:\/\/littledragon.com.pl\/de\/sklep\/zubehor\/leinenbeutel-fuer-die-handhabung-von-wuerfeln\/#primaryimage","url":"https:\/\/littledragon.com.pl\/wp-content\/uploads\/2023\/03\/woreczek-na-kostke-scaled.jpg","contentUrl":"https:\/\/littledragon.com.pl\/wp-content\/uploads\/2023\/03\/woreczek-na-kostke-scaled.jpg","width":1920,"height":2560,"caption":"littledragon"},{"@type":"BreadcrumbList","@id":"https:\/\/littledragon.com.pl\/de\/sklep\/zubehor\/leinenbeutel-fuer-die-handhabung-von-wuerfeln\/#breadcrumb","itemListElement":[{"@type":"ListItem","position":1,"name":"","item":"https:\/\/littledragon.com.pl\/de\/"},{"@type":"ListItem","position":2,"name":"Shop","item":"https:\/\/littledragon.com.pl\/de\/shop\/"},{"@type":"ListItem","position":3,"name":"ZUBEH\u00d6R","item":"https:\/\/littledragon.com.pl\/de\/zubehor\/"},{"@type":"ListItem","position":4,"name":"Leinenbeutel f\u00fcr die Handhabung von W\u00fcrfeln"}]},{"@type":"WebSite","@id":"https:\/\/littledragon.com.pl\/de\/#website","url":"https:\/\/littledragon.com.pl\/de\/","name":"Little Dragon","description":"sklep z zabawkami dla dzieci","publisher":{"@id":"https:\/\/littledragon.com.pl\/de\/#organization"},"potentialAction":[{"@type":"SearchAction","target":{"@type":"EntryPoint","urlTemplate":"https:\/\/littledragon.com.pl\/de\/?s={search_term_string}"},"query-input":{"@type":"PropertyValueSpecification","valueRequired":true,"valueName":"search_term_string"}}],"inLanguage":"de"},{"@type":"Organization","@id":"https:\/\/littledragon.com.pl\/de\/#organization","name":"Little Dragon","url":"https:\/\/littledragon.com.pl\/de\/","logo":{"@type":"ImageObject","inLanguage":"de","@id":"https:\/\/littledragon.com.pl\/de\/#\/schema\/logo\/image\/","url":"https:\/\/littledragon.com.pl\/wp-content\/uploads\/2021\/04\/little-dragon-logos-all-01.png","contentUrl":"https:\/\/littledragon.com.pl\/wp-content\/uploads\/2021\/04\/little-dragon-logos-all-01.png","width":856,"height":558,"caption":"Little Dragon"},"image":{"@id":"https:\/\/littledragon.com.pl\/de\/#\/schema\/logo\/image\/"},"sameAs":["https:\/\/www.facebook.com\/Little-Dragon-drewniane-pomoce-manipulacyjne-i-edukacyjne-110363020791188","https:\/\/www.instagram.com\/littledragon.zabawki\/"]}]}},"_links":{"self":[{"href":"https:\/\/littledragon.com.pl\/de\/wp-json\/wp\/v2\/product\/49715","targetHints":{"allow":["GET"]}}],"collection":[{"href":"https:\/\/littledragon.com.pl\/de\/wp-json\/wp\/v2\/product"}],"about":[{"href":"https:\/\/littledragon.com.pl\/de\/wp-json\/wp\/v2\/types\/product"}],"replies":[{"embeddable":true,"href":"https:\/\/littledragon.com.pl\/de\/wp-json\/wp\/v2\/comments?post=49715"}],"version-history":[{"count":0,"href":"https:\/\/littledragon.com.pl\/de\/wp-json\/wp\/v2\/product\/49715\/revisions"}],"wp:featuredmedia":[{"embeddable":true,"href":"https:\/\/littledragon.com.pl\/de\/wp-json\/wp\/v2\/media\/48418"}],"wp:attachment":[{"href":"https:\/\/littledragon.com.pl\/de\/wp-json\/wp\/v2\/media?parent=49715"}],"wp:term":[{"taxonomy":"product_brand","embeddable":true,"href":"https:\/\/littledragon.com.pl\/de\/wp-json\/wp\/v2\/product_brand?post=49715"},{"taxonomy":"product_cat","embeddable":true,"href":"https:\/\/littledragon.com.pl\/de\/wp-json\/wp\/v2\/product_cat?post=49715"},{"taxonomy":"product_tag","embeddable":true,"href":"https:\/\/littledragon.com.pl\/de\/wp-json\/wp\/v2\/product_tag?post=49715"}],"curies":[{"name":"wp","href":"https:\/\/api.w.org\/{rel}","templated":true}]}}