{"id":49666,"date":"2022-11-11T15:02:47","date_gmt":"2022-11-11T14:02:47","guid":{"rendered":"https:\/\/littledragon.com.pl\/sklep\/unkategorisiert\/focus-handling-wuerfel-natur\/"},"modified":"2022-11-11T15:02:47","modified_gmt":"2022-11-11T14:02:47","slug":"focus-handling-wuerfel-natur","status":"publish","type":"product","link":"https:\/\/littledragon.com.pl\/de\/sklep\/unkategorisiert\/focus-handling-wuerfel-natur\/","title":{"rendered":"FOCUS Handling-W\u00fcrfel <\/br><span>Natur<\/span>"},"content":{"rendered":"<h2 style=\"text-align: center;\">FOCUS-Natur Umgang mit W\u00fcrfel<\/h2>\n<p>NEU! Ein W\u00fcrfel, der f\u00fcr die kleinsten, aber unaufhaltsamen Entdecker der Realit\u00e4t entwickelt wurde. Der Focus-W\u00fcrfel ist ein einfaches, aber \u00fcberraschendes Spielzeug, das Sie dazu einl\u00e4dt, seine W\u00e4nde in Ihrem eigenen Tempo zu erkunden. Die Elemente auf diesem w\u00fcrfelf\u00f6rmigen Block sind so angeordnet, dass kleine H\u00e4nde sie leicht erreichen k\u00f6nnen.<\/p>\n<p>Mit diesem Modell entwickeln Kinder im freien Spiel eine Reihe von feinmotorischen F\u00e4higkeiten, befriedigen ihre Neugierde, trainieren die Hand-Augen-Koordination und lernen Geduld.<\/p>\n<p>Dies ist das perfekte Geschenk f\u00fcr Kinder, die ein attraktives Spielzeug brauchen, das sie \u00fcberallhin mitnehmen k\u00f6nnen:)<\/p>\n<p>Sehen Sie sich auch unsere anderen <a href=\"\/puzzles\/\"><br \/>\n  <strong>R\u00e4tsel f\u00fcr die linke Hemisph\u00e4re<\/strong><br \/>\n<\/a><strong> <a href=\"\/tabellen-manipulation\/\">Manipulationstafeln<\/a><\/strong> sowie <a href=\"\/Manipulationsw\u00fcrfel\/\"><br \/>\n  <strong>Umgang mit W\u00fcrfeln<\/strong><br \/>\n<\/a>, <strong><br \/>\n  <a href=\"\/Manipulationskreise\/\">manipulative R\u00e4der<\/a><br \/>\n<\/strong> und manipulativen <strong><a href=\"\/Manipulationstabletten\/\">Tafeln<\/a><\/strong>.<\/p>\n","protected":false},"excerpt":{"rendered":"<p>Der Focus Manipulationsw\u00fcrfel ist neu im Sortiment von Little Dragon. Es wurde f\u00fcr Kleinkinder entwickelt, um ihnen eine interessante Unterhaltung zu bieten und gleichzeitig ihre Entwicklung von klein auf zu f\u00f6rdern. Mit Pastellfarben lassen sich die Spielzeugw\u00e4nde in aller Ruhe erkunden.<\/p>\n","protected":false},"featured_media":59360,"comment_status":"open","ping_status":"closed","template":"","meta":[],"product_brand":[],"product_cat":[14884,14846,14779],"product_tag":[14885,14886,14887,14888,14804,14805,14807,14810],"class_list":{"0":"post-49666","1":"product","2":"type-product","3":"status-publish","4":"has-post-thumbnail","6":"product_cat-handhabungswurfel-midi-7cm","7":"product_cat-natur","8":"product_cat-unkategorisiert","9":"product_tag-kinderspielzeug","10":"product_tag-manipulatives-spielzeug","11":"product_tag-holzspielzeug","12":"product_tag-spielzeug-fur-ein-zweijahriges-kind","13":"product_tag-handling-board","14":"product_tag-lernspielzeug","15":"product_tag-montessori-spielzeug","16":"product_tag-handtherapie","18":"first","19":"instock","20":"shipping-taxable","21":"purchasable","22":"product-type-variable"},"yoast_head":"<!-- This site is optimized with the Yoast SEO Premium plugin v26.1 (Yoast SEO v26.1.1) - https:\/\/yoast.com\/wordpress\/plugins\/seo\/ -->\n<title>Manipulativer W\u00fcrfel Fokus - Sammlung Natur<\/title>\n<meta name=\"description\" content=\"Mobiles Manipulationsbrett f\u00fcr unterwegs! Ein Spielzeug, mit dem Ihr Kind sich nicht langweilt, ideal f\u00fcr Ausfl\u00fcge.\" \/>\n<meta name=\"robots\" content=\"index, follow, max-snippet:-1, max-image-preview:large, max-video-preview:-1\" \/>\n<link rel=\"canonical\" href=\"https:\/\/littledragon.com.pl\/de\/sklep\/unkategorisiert\/focus-handling-wuerfel-natur\/\" \/>\n<meta property=\"og:locale\" content=\"de_DE\" \/>\n<meta property=\"og:type\" content=\"article\" \/>\n<meta property=\"og:title\" content=\"FOCUS Handling-W\u00fcrfel Natur\" \/>\n<meta property=\"og:description\" content=\"Mobiles Manipulationsbrett f\u00fcr unterwegs! Ein Spielzeug, mit dem Ihr Kind sich nicht langweilt, ideal f\u00fcr Ausfl\u00fcge.\" \/>\n<meta property=\"og:url\" content=\"https:\/\/littledragon.com.pl\/de\/sklep\/unkategorisiert\/focus-handling-wuerfel-natur\/\" \/>\n<meta property=\"og:site_name\" content=\"Little Dragon\" \/>\n<meta property=\"article:publisher\" content=\"https:\/\/www.facebook.com\/Little-Dragon-drewniane-pomoce-manipulacyjne-i-edukacyjne-110363020791188\" \/>\n<meta name=\"twitter:card\" content=\"summary_large_image\" \/>\n<meta name=\"twitter:label1\" content=\"Gesch\u00e4tzte Lesezeit\" \/>\n\t<meta name=\"twitter:data1\" content=\"1\u00a0Minute\" \/>\n<script type=\"application\/ld+json\" class=\"yoast-schema-graph\">{\"@context\":\"https:\/\/schema.org\",\"@graph\":[{\"@type\":[\"WebPage\",\"ItemPage\"],\"@id\":\"https:\/\/littledragon.com.pl\/de\/sklep\/unkategorisiert\/focus-handling-wuerfel-natur\/\",\"url\":\"https:\/\/littledragon.com.pl\/de\/sklep\/unkategorisiert\/focus-handling-wuerfel-natur\/\",\"name\":\"Manipulativer W\u00fcrfel Fokus - Sammlung Natur\",\"isPartOf\":{\"@id\":\"https:\/\/littledragon.com.pl\/de\/#website\"},\"primaryImageOfPage\":{\"@id\":\"https:\/\/littledragon.com.pl\/de\/sklep\/unkategorisiert\/focus-handling-wuerfel-natur\/#primaryimage\"},\"image\":{\"@id\":\"https:\/\/littledragon.com.pl\/de\/sklep\/unkategorisiert\/focus-handling-wuerfel-natur\/#primaryimage\"},\"thumbnailUrl\":\"https:\/\/littledragon.com.pl\/wp-content\/uploads\/2022\/11\/Kostka-manipulacyjna-do-wozka-Jolly-Box-green-1-1.jpg\",\"datePublished\":\"2022-11-11T14:02:47+00:00\",\"description\":\"Mobiles Manipulationsbrett f\u00fcr unterwegs! Ein Spielzeug, mit dem Ihr Kind sich nicht langweilt, ideal f\u00fcr Ausfl\u00fcge.\",\"breadcrumb\":{\"@id\":\"https:\/\/littledragon.com.pl\/de\/sklep\/unkategorisiert\/focus-handling-wuerfel-natur\/#breadcrumb\"},\"inLanguage\":\"de\",\"potentialAction\":[{\"@type\":\"ReadAction\",\"target\":[\"https:\/\/littledragon.com.pl\/de\/sklep\/unkategorisiert\/focus-handling-wuerfel-natur\/\"]}]},{\"@type\":\"ImageObject\",\"inLanguage\":\"de\",\"@id\":\"https:\/\/littledragon.com.pl\/de\/sklep\/unkategorisiert\/focus-handling-wuerfel-natur\/#primaryimage\",\"url\":\"https:\/\/littledragon.com.pl\/wp-content\/uploads\/2022\/11\/Kostka-manipulacyjna-do-wozka-Jolly-Box-green-1-1.jpg\",\"contentUrl\":\"https:\/\/littledragon.com.pl\/wp-content\/uploads\/2022\/11\/Kostka-manipulacyjna-do-wozka-Jolly-Box-green-1-1.jpg\",\"width\":720,\"height\":720},{\"@type\":\"BreadcrumbList\",\"@id\":\"https:\/\/littledragon.com.pl\/de\/sklep\/unkategorisiert\/focus-handling-wuerfel-natur\/#breadcrumb\",\"itemListElement\":[{\"@type\":\"ListItem\",\"position\":1,\"name\":\"\",\"item\":\"https:\/\/littledragon.com.pl\/de\/\"},{\"@type\":\"ListItem\",\"position\":2,\"name\":\"Shop\",\"item\":\"https:\/\/littledragon.com.pl\/de\/shop\/\"},{\"@type\":\"ListItem\",\"position\":3,\"name\":\"Handhabungsw\u00fcrfel midi (7cm)\",\"item\":\"https:\/\/littledragon.com.pl\/de\/handhabungswurfel-midi-7cm\/\"},{\"@type\":\"ListItem\",\"position\":4,\"name\":\"FOCUS Handling-W\u00fcrfel &lt;\/br&gt;&lt;span&gt;Natur&lt;\/span&gt;\"}]},{\"@type\":\"WebSite\",\"@id\":\"https:\/\/littledragon.com.pl\/de\/#website\",\"url\":\"https:\/\/littledragon.com.pl\/de\/\",\"name\":\"Little Dragon\",\"description\":\"sklep z zabawkami dla dzieci\",\"publisher\":{\"@id\":\"https:\/\/littledragon.com.pl\/de\/#organization\"},\"potentialAction\":[{\"@type\":\"SearchAction\",\"target\":{\"@type\":\"EntryPoint\",\"urlTemplate\":\"https:\/\/littledragon.com.pl\/de\/?s={search_term_string}\"},\"query-input\":{\"@type\":\"PropertyValueSpecification\",\"valueRequired\":true,\"valueName\":\"search_term_string\"}}],\"inLanguage\":\"de\"},{\"@type\":\"Organization\",\"@id\":\"https:\/\/littledragon.com.pl\/de\/#organization\",\"name\":\"Little Dragon\",\"url\":\"https:\/\/littledragon.com.pl\/de\/\",\"logo\":{\"@type\":\"ImageObject\",\"inLanguage\":\"de\",\"@id\":\"https:\/\/littledragon.com.pl\/de\/#\/schema\/logo\/image\/\",\"url\":\"https:\/\/littledragon.com.pl\/wp-content\/uploads\/2021\/04\/little-dragon-logos-all-01.png\",\"contentUrl\":\"https:\/\/littledragon.com.pl\/wp-content\/uploads\/2021\/04\/little-dragon-logos-all-01.png\",\"width\":856,\"height\":558,\"caption\":\"Little Dragon\"},\"image\":{\"@id\":\"https:\/\/littledragon.com.pl\/de\/#\/schema\/logo\/image\/\"},\"sameAs\":[\"https:\/\/www.facebook.com\/Little-Dragon-drewniane-pomoce-manipulacyjne-i-edukacyjne-110363020791188\",\"https:\/\/www.instagram.com\/littledragon.zabawki\/\"]}]}<\/script>\n<!-- \/ Yoast SEO Premium plugin. -->","yoast_head_json":{"title":"Manipulativer W\u00fcrfel Fokus - Sammlung Natur","description":"Mobiles Manipulationsbrett f\u00fcr unterwegs! Ein Spielzeug, mit dem Ihr Kind sich nicht langweilt, ideal f\u00fcr Ausfl\u00fcge.","robots":{"index":"index","follow":"follow","max-snippet":"max-snippet:-1","max-image-preview":"max-image-preview:large","max-video-preview":"max-video-preview:-1"},"canonical":"https:\/\/littledragon.com.pl\/de\/sklep\/unkategorisiert\/focus-handling-wuerfel-natur\/","og_locale":"de_DE","og_type":"article","og_title":"FOCUS Handling-W\u00fcrfel Natur","og_description":"Mobiles Manipulationsbrett f\u00fcr unterwegs! Ein Spielzeug, mit dem Ihr Kind sich nicht langweilt, ideal f\u00fcr Ausfl\u00fcge.","og_url":"https:\/\/littledragon.com.pl\/de\/sklep\/unkategorisiert\/focus-handling-wuerfel-natur\/","og_site_name":"Little Dragon","article_publisher":"https:\/\/www.facebook.com\/Little-Dragon-drewniane-pomoce-manipulacyjne-i-edukacyjne-110363020791188","twitter_card":"summary_large_image","twitter_misc":{"Gesch\u00e4tzte Lesezeit":"1\u00a0Minute"},"schema":{"@context":"https:\/\/schema.org","@graph":[{"@type":["WebPage","ItemPage"],"@id":"https:\/\/littledragon.com.pl\/de\/sklep\/unkategorisiert\/focus-handling-wuerfel-natur\/","url":"https:\/\/littledragon.com.pl\/de\/sklep\/unkategorisiert\/focus-handling-wuerfel-natur\/","name":"Manipulativer W\u00fcrfel Fokus - Sammlung Natur","isPartOf":{"@id":"https:\/\/littledragon.com.pl\/de\/#website"},"primaryImageOfPage":{"@id":"https:\/\/littledragon.com.pl\/de\/sklep\/unkategorisiert\/focus-handling-wuerfel-natur\/#primaryimage"},"image":{"@id":"https:\/\/littledragon.com.pl\/de\/sklep\/unkategorisiert\/focus-handling-wuerfel-natur\/#primaryimage"},"thumbnailUrl":"https:\/\/littledragon.com.pl\/wp-content\/uploads\/2022\/11\/Kostka-manipulacyjna-do-wozka-Jolly-Box-green-1-1.jpg","datePublished":"2022-11-11T14:02:47+00:00","description":"Mobiles Manipulationsbrett f\u00fcr unterwegs! Ein Spielzeug, mit dem Ihr Kind sich nicht langweilt, ideal f\u00fcr Ausfl\u00fcge.","breadcrumb":{"@id":"https:\/\/littledragon.com.pl\/de\/sklep\/unkategorisiert\/focus-handling-wuerfel-natur\/#breadcrumb"},"inLanguage":"de","potentialAction":[{"@type":"ReadAction","target":["https:\/\/littledragon.com.pl\/de\/sklep\/unkategorisiert\/focus-handling-wuerfel-natur\/"]}]},{"@type":"ImageObject","inLanguage":"de","@id":"https:\/\/littledragon.com.pl\/de\/sklep\/unkategorisiert\/focus-handling-wuerfel-natur\/#primaryimage","url":"https:\/\/littledragon.com.pl\/wp-content\/uploads\/2022\/11\/Kostka-manipulacyjna-do-wozka-Jolly-Box-green-1-1.jpg","contentUrl":"https:\/\/littledragon.com.pl\/wp-content\/uploads\/2022\/11\/Kostka-manipulacyjna-do-wozka-Jolly-Box-green-1-1.jpg","width":720,"height":720},{"@type":"BreadcrumbList","@id":"https:\/\/littledragon.com.pl\/de\/sklep\/unkategorisiert\/focus-handling-wuerfel-natur\/#breadcrumb","itemListElement":[{"@type":"ListItem","position":1,"name":"","item":"https:\/\/littledragon.com.pl\/de\/"},{"@type":"ListItem","position":2,"name":"Shop","item":"https:\/\/littledragon.com.pl\/de\/shop\/"},{"@type":"ListItem","position":3,"name":"Handhabungsw\u00fcrfel midi (7cm)","item":"https:\/\/littledragon.com.pl\/de\/handhabungswurfel-midi-7cm\/"},{"@type":"ListItem","position":4,"name":"FOCUS Handling-W\u00fcrfel &lt;\/br&gt;&lt;span&gt;Natur&lt;\/span&gt;"}]},{"@type":"WebSite","@id":"https:\/\/littledragon.com.pl\/de\/#website","url":"https:\/\/littledragon.com.pl\/de\/","name":"Little Dragon","description":"sklep z zabawkami dla dzieci","publisher":{"@id":"https:\/\/littledragon.com.pl\/de\/#organization"},"potentialAction":[{"@type":"SearchAction","target":{"@type":"EntryPoint","urlTemplate":"https:\/\/littledragon.com.pl\/de\/?s={search_term_string}"},"query-input":{"@type":"PropertyValueSpecification","valueRequired":true,"valueName":"search_term_string"}}],"inLanguage":"de"},{"@type":"Organization","@id":"https:\/\/littledragon.com.pl\/de\/#organization","name":"Little Dragon","url":"https:\/\/littledragon.com.pl\/de\/","logo":{"@type":"ImageObject","inLanguage":"de","@id":"https:\/\/littledragon.com.pl\/de\/#\/schema\/logo\/image\/","url":"https:\/\/littledragon.com.pl\/wp-content\/uploads\/2021\/04\/little-dragon-logos-all-01.png","contentUrl":"https:\/\/littledragon.com.pl\/wp-content\/uploads\/2021\/04\/little-dragon-logos-all-01.png","width":856,"height":558,"caption":"Little Dragon"},"image":{"@id":"https:\/\/littledragon.com.pl\/de\/#\/schema\/logo\/image\/"},"sameAs":["https:\/\/www.facebook.com\/Little-Dragon-drewniane-pomoce-manipulacyjne-i-edukacyjne-110363020791188","https:\/\/www.instagram.com\/littledragon.zabawki\/"]}]}},"_links":{"self":[{"href":"https:\/\/littledragon.com.pl\/de\/wp-json\/wp\/v2\/product\/49666","targetHints":{"allow":["GET"]}}],"collection":[{"href":"https:\/\/littledragon.com.pl\/de\/wp-json\/wp\/v2\/product"}],"about":[{"href":"https:\/\/littledragon.com.pl\/de\/wp-json\/wp\/v2\/types\/product"}],"replies":[{"embeddable":true,"href":"https:\/\/littledragon.com.pl\/de\/wp-json\/wp\/v2\/comments?post=49666"}],"version-history":[{"count":0,"href":"https:\/\/littledragon.com.pl\/de\/wp-json\/wp\/v2\/product\/49666\/revisions"}],"wp:featuredmedia":[{"embeddable":true,"href":"https:\/\/littledragon.com.pl\/de\/wp-json\/wp\/v2\/media\/59360"}],"wp:attachment":[{"href":"https:\/\/littledragon.com.pl\/de\/wp-json\/wp\/v2\/media?parent=49666"}],"wp:term":[{"taxonomy":"product_brand","embeddable":true,"href":"https:\/\/littledragon.com.pl\/de\/wp-json\/wp\/v2\/product_brand?post=49666"},{"taxonomy":"product_cat","embeddable":true,"href":"https:\/\/littledragon.com.pl\/de\/wp-json\/wp\/v2\/product_cat?post=49666"},{"taxonomy":"product_tag","embeddable":true,"href":"https:\/\/littledragon.com.pl\/de\/wp-json\/wp\/v2\/product_tag?post=49666"}],"curies":[{"name":"wp","href":"https:\/\/api.w.org\/{rel}","templated":true}]}}