{"id":49641,"date":"2023-04-17T15:18:20","date_gmt":"2023-04-17T13:18:20","guid":{"rendered":"https:\/\/littledragon.com.pl\/sklep\/unkategorisiert\/schluesselanhaenger-fuer-schluesselclicker\/"},"modified":"2026-04-01T15:09:13","modified_gmt":"2026-04-01T13:09:13","slug":"schluesselanhaenger-fuer-schluesselclicker","status":"publish","type":"product","link":"https:\/\/littledragon.com.pl\/de\/sklep\/schlusselanhanger\/schluesselanhaenger-fuer-schluesselclicker\/","title":{"rendered":"Schl\u00fcsselanh\u00e4nger f\u00fcr Schl\u00fcssel<\/br><span>Clicker<\/span>"},"content":{"rendered":"<h2><span style=\"vertical-align: inherit;\"><span style=\"vertical-align: inherit;\">Manipulative keychain<\/span><\/span><\/h2>\n<p><span style=\"vertical-align: inherit;\"><span style=\"vertical-align: inherit;\">This wooden cube is a unique gadget for adults! The manipulative keychain not only decorates a keychain, but also has many superpowers. For example, it can reduce stress, prevent nail biting or even keep a bored child occupied*.<\/span><\/span><\/p>\n<p><span style=\"vertical-align: inherit;\"><span style=\"vertical-align: inherit;\">Thanks to its delicate design and extremely low weight, it can easily be stored in a jacket, trouser or jacket pocket. This handmade wooden keychain has various elements for pressing, clicking, switching and turning. It will successfully occupy your time, relieve tension and make a long time more enjoyable.<\/span><\/span><\/p>\n<p><span style=\"vertical-align: inherit;\"><span style=\"vertical-align: inherit;\">*The keychain is not a toy, so possible play should be supervised by an adult.<\/span><\/span><\/p>\n","protected":false},"excerpt":{"rendered":"<p><span style=\"vertical-align: inherit;\"><span style=\"vertical-align: inherit;\">This original keychain is an anti-stress gadget that you can always carry with you! Made of wood, handmade, light and surprising &#8211; to pass the time when you need it.<\/span><\/span><\/p>\n","protected":false},"featured_media":53028,"comment_status":"open","ping_status":"closed","template":"","meta":[],"product_brand":[],"product_cat":[14868],"product_tag":[14869,14870,14871,14872],"class_list":{"0":"post-49641","1":"product","2":"type-product","3":"status-publish","4":"has-post-thumbnail","6":"product_cat-schlusselanhanger","7":"product_tag-schlusselanhanger","8":"product_tag-anhanger","9":"product_tag-schlusselanhanger-de","10":"product_tag-schlusselanhanger-de-2","12":"first","13":"instock","14":"shipping-taxable","15":"purchasable","16":"product-type-variable"},"yoast_head":"<!-- This site is optimized with the Yoast SEO Premium plugin v26.1 (Yoast SEO v26.1.1) - https:\/\/yoast.com\/wordpress\/plugins\/seo\/ -->\n<title>Schl\u00fcsselanh\u00e4nger f\u00fcr Schl\u00fcsselClicker - Little Dragon<\/title>\n<meta name=\"description\" content=\"Entdecken Sie den manipulativen Anti-Stress-Schl\u00fcsselanh\u00e4nger - er schm\u00fcckt nicht nur Ihre Schl\u00fcssel, sondern bietet auch jede Menge Superkr\u00e4fte!\" \/>\n<meta name=\"robots\" content=\"index, follow, max-snippet:-1, max-image-preview:large, max-video-preview:-1\" \/>\n<link rel=\"canonical\" href=\"https:\/\/littledragon.com.pl\/de\/sklep\/schlusselanhanger\/schluesselanhaenger-fuer-schluesselclicker\/\" \/>\n<meta property=\"og:locale\" content=\"de_DE\" \/>\n<meta property=\"og:type\" content=\"article\" \/>\n<meta property=\"og:title\" content=\"Schl\u00fcsselanh\u00e4nger f\u00fcr Schl\u00fcsselClicker\" \/>\n<meta property=\"og:description\" content=\"Entdecken Sie den manipulativen Anti-Stress-Schl\u00fcsselanh\u00e4nger - er schm\u00fcckt nicht nur Ihre Schl\u00fcssel, sondern bietet auch jede Menge Superkr\u00e4fte!\" \/>\n<meta property=\"og:url\" content=\"https:\/\/littledragon.com.pl\/de\/sklep\/schlusselanhanger\/schluesselanhaenger-fuer-schluesselclicker\/\" \/>\n<meta property=\"og:site_name\" content=\"Little Dragon\" \/>\n<meta property=\"article:publisher\" content=\"https:\/\/www.facebook.com\/Little-Dragon-drewniane-pomoce-manipulacyjne-i-edukacyjne-110363020791188\" \/>\n<meta property=\"article:modified_time\" content=\"2026-04-01T13:09:13+00:00\" \/>\n<meta property=\"og:image\" content=\"https:\/\/littledragon.com.pl\/wp-content\/uploads\/2023\/04\/IMG_9261.jpg\" \/>\n\t<meta property=\"og:image:width\" content=\"540\" \/>\n\t<meta property=\"og:image:height\" content=\"720\" \/>\n\t<meta property=\"og:image:type\" content=\"image\/jpeg\" \/>\n<meta name=\"twitter:card\" content=\"summary_large_image\" \/>\n<meta name=\"twitter:label1\" content=\"Gesch\u00e4tzte Lesezeit\" \/>\n\t<meta name=\"twitter:data1\" content=\"1\u00a0Minute\" \/>\n<script type=\"application\/ld+json\" class=\"yoast-schema-graph\">{\"@context\":\"https:\/\/schema.org\",\"@graph\":[{\"@type\":[\"WebPage\",\"ItemPage\"],\"@id\":\"https:\/\/littledragon.com.pl\/de\/sklep\/schlusselanhanger\/schluesselanhaenger-fuer-schluesselclicker\/\",\"url\":\"https:\/\/littledragon.com.pl\/de\/sklep\/schlusselanhanger\/schluesselanhaenger-fuer-schluesselclicker\/\",\"name\":\"Schl\u00fcsselanh\u00e4nger f\u00fcr Schl\u00fcsselClicker - Little Dragon\",\"isPartOf\":{\"@id\":\"https:\/\/littledragon.com.pl\/de\/#website\"},\"primaryImageOfPage\":{\"@id\":\"https:\/\/littledragon.com.pl\/de\/sklep\/schlusselanhanger\/schluesselanhaenger-fuer-schluesselclicker\/#primaryimage\"},\"image\":{\"@id\":\"https:\/\/littledragon.com.pl\/de\/sklep\/schlusselanhanger\/schluesselanhaenger-fuer-schluesselclicker\/#primaryimage\"},\"thumbnailUrl\":\"https:\/\/littledragon.com.pl\/wp-content\/uploads\/2023\/04\/IMG_9261.jpg\",\"datePublished\":\"2023-04-17T13:18:20+00:00\",\"dateModified\":\"2026-04-01T13:09:13+00:00\",\"description\":\"Entdecken Sie den manipulativen Anti-Stress-Schl\u00fcsselanh\u00e4nger - er schm\u00fcckt nicht nur Ihre Schl\u00fcssel, sondern bietet auch jede Menge Superkr\u00e4fte!\",\"breadcrumb\":{\"@id\":\"https:\/\/littledragon.com.pl\/de\/sklep\/schlusselanhanger\/schluesselanhaenger-fuer-schluesselclicker\/#breadcrumb\"},\"inLanguage\":\"de\",\"potentialAction\":[{\"@type\":\"ReadAction\",\"target\":[\"https:\/\/littledragon.com.pl\/de\/sklep\/schlusselanhanger\/schluesselanhaenger-fuer-schluesselclicker\/\"]}]},{\"@type\":\"ImageObject\",\"inLanguage\":\"de\",\"@id\":\"https:\/\/littledragon.com.pl\/de\/sklep\/schlusselanhanger\/schluesselanhaenger-fuer-schluesselclicker\/#primaryimage\",\"url\":\"https:\/\/littledragon.com.pl\/wp-content\/uploads\/2023\/04\/IMG_9261.jpg\",\"contentUrl\":\"https:\/\/littledragon.com.pl\/wp-content\/uploads\/2023\/04\/IMG_9261.jpg\",\"width\":540,\"height\":720},{\"@type\":\"BreadcrumbList\",\"@id\":\"https:\/\/littledragon.com.pl\/de\/sklep\/schlusselanhanger\/schluesselanhaenger-fuer-schluesselclicker\/#breadcrumb\",\"itemListElement\":[{\"@type\":\"ListItem\",\"position\":1,\"name\":\"\",\"item\":\"https:\/\/littledragon.com.pl\/de\/\"},{\"@type\":\"ListItem\",\"position\":2,\"name\":\"Shop\",\"item\":\"https:\/\/littledragon.com.pl\/de\/shop\/\"},{\"@type\":\"ListItem\",\"position\":3,\"name\":\"Schl\u00fcsselanh\u00e4nger\",\"item\":\"https:\/\/littledragon.com.pl\/de\/schlusselanhanger\/\"},{\"@type\":\"ListItem\",\"position\":4,\"name\":\"Schl\u00fcsselanh\u00e4nger f\u00fcr Schl\u00fcsselClicker\"}]},{\"@type\":\"WebSite\",\"@id\":\"https:\/\/littledragon.com.pl\/de\/#website\",\"url\":\"https:\/\/littledragon.com.pl\/de\/\",\"name\":\"Little Dragon\",\"description\":\"sklep z zabawkami dla dzieci\",\"publisher\":{\"@id\":\"https:\/\/littledragon.com.pl\/de\/#organization\"},\"potentialAction\":[{\"@type\":\"SearchAction\",\"target\":{\"@type\":\"EntryPoint\",\"urlTemplate\":\"https:\/\/littledragon.com.pl\/de\/?s={search_term_string}\"},\"query-input\":{\"@type\":\"PropertyValueSpecification\",\"valueRequired\":true,\"valueName\":\"search_term_string\"}}],\"inLanguage\":\"de\"},{\"@type\":\"Organization\",\"@id\":\"https:\/\/littledragon.com.pl\/de\/#organization\",\"name\":\"Little Dragon\",\"url\":\"https:\/\/littledragon.com.pl\/de\/\",\"logo\":{\"@type\":\"ImageObject\",\"inLanguage\":\"de\",\"@id\":\"https:\/\/littledragon.com.pl\/de\/#\/schema\/logo\/image\/\",\"url\":\"https:\/\/littledragon.com.pl\/wp-content\/uploads\/2021\/04\/little-dragon-logos-all-01.png\",\"contentUrl\":\"https:\/\/littledragon.com.pl\/wp-content\/uploads\/2021\/04\/little-dragon-logos-all-01.png\",\"width\":856,\"height\":558,\"caption\":\"Little Dragon\"},\"image\":{\"@id\":\"https:\/\/littledragon.com.pl\/de\/#\/schema\/logo\/image\/\"},\"sameAs\":[\"https:\/\/www.facebook.com\/Little-Dragon-drewniane-pomoce-manipulacyjne-i-edukacyjne-110363020791188\",\"https:\/\/www.instagram.com\/littledragon.zabawki\/\"]}]}<\/script>\n<!-- \/ Yoast SEO Premium plugin. -->","yoast_head_json":{"title":"Schl\u00fcsselanh\u00e4nger f\u00fcr Schl\u00fcsselClicker - Little Dragon","description":"Entdecken Sie den manipulativen Anti-Stress-Schl\u00fcsselanh\u00e4nger - er schm\u00fcckt nicht nur Ihre Schl\u00fcssel, sondern bietet auch jede Menge Superkr\u00e4fte!","robots":{"index":"index","follow":"follow","max-snippet":"max-snippet:-1","max-image-preview":"max-image-preview:large","max-video-preview":"max-video-preview:-1"},"canonical":"https:\/\/littledragon.com.pl\/de\/sklep\/schlusselanhanger\/schluesselanhaenger-fuer-schluesselclicker\/","og_locale":"de_DE","og_type":"article","og_title":"Schl\u00fcsselanh\u00e4nger f\u00fcr Schl\u00fcsselClicker","og_description":"Entdecken Sie den manipulativen Anti-Stress-Schl\u00fcsselanh\u00e4nger - er schm\u00fcckt nicht nur Ihre Schl\u00fcssel, sondern bietet auch jede Menge Superkr\u00e4fte!","og_url":"https:\/\/littledragon.com.pl\/de\/sklep\/schlusselanhanger\/schluesselanhaenger-fuer-schluesselclicker\/","og_site_name":"Little Dragon","article_publisher":"https:\/\/www.facebook.com\/Little-Dragon-drewniane-pomoce-manipulacyjne-i-edukacyjne-110363020791188","article_modified_time":"2026-04-01T13:09:13+00:00","og_image":[{"width":540,"height":720,"url":"https:\/\/littledragon.com.pl\/wp-content\/uploads\/2023\/04\/IMG_9261.jpg","type":"image\/jpeg"}],"twitter_card":"summary_large_image","twitter_misc":{"Gesch\u00e4tzte Lesezeit":"1\u00a0Minute"},"schema":{"@context":"https:\/\/schema.org","@graph":[{"@type":["WebPage","ItemPage"],"@id":"https:\/\/littledragon.com.pl\/de\/sklep\/schlusselanhanger\/schluesselanhaenger-fuer-schluesselclicker\/","url":"https:\/\/littledragon.com.pl\/de\/sklep\/schlusselanhanger\/schluesselanhaenger-fuer-schluesselclicker\/","name":"Schl\u00fcsselanh\u00e4nger f\u00fcr Schl\u00fcsselClicker - Little Dragon","isPartOf":{"@id":"https:\/\/littledragon.com.pl\/de\/#website"},"primaryImageOfPage":{"@id":"https:\/\/littledragon.com.pl\/de\/sklep\/schlusselanhanger\/schluesselanhaenger-fuer-schluesselclicker\/#primaryimage"},"image":{"@id":"https:\/\/littledragon.com.pl\/de\/sklep\/schlusselanhanger\/schluesselanhaenger-fuer-schluesselclicker\/#primaryimage"},"thumbnailUrl":"https:\/\/littledragon.com.pl\/wp-content\/uploads\/2023\/04\/IMG_9261.jpg","datePublished":"2023-04-17T13:18:20+00:00","dateModified":"2026-04-01T13:09:13+00:00","description":"Entdecken Sie den manipulativen Anti-Stress-Schl\u00fcsselanh\u00e4nger - er schm\u00fcckt nicht nur Ihre Schl\u00fcssel, sondern bietet auch jede Menge Superkr\u00e4fte!","breadcrumb":{"@id":"https:\/\/littledragon.com.pl\/de\/sklep\/schlusselanhanger\/schluesselanhaenger-fuer-schluesselclicker\/#breadcrumb"},"inLanguage":"de","potentialAction":[{"@type":"ReadAction","target":["https:\/\/littledragon.com.pl\/de\/sklep\/schlusselanhanger\/schluesselanhaenger-fuer-schluesselclicker\/"]}]},{"@type":"ImageObject","inLanguage":"de","@id":"https:\/\/littledragon.com.pl\/de\/sklep\/schlusselanhanger\/schluesselanhaenger-fuer-schluesselclicker\/#primaryimage","url":"https:\/\/littledragon.com.pl\/wp-content\/uploads\/2023\/04\/IMG_9261.jpg","contentUrl":"https:\/\/littledragon.com.pl\/wp-content\/uploads\/2023\/04\/IMG_9261.jpg","width":540,"height":720},{"@type":"BreadcrumbList","@id":"https:\/\/littledragon.com.pl\/de\/sklep\/schlusselanhanger\/schluesselanhaenger-fuer-schluesselclicker\/#breadcrumb","itemListElement":[{"@type":"ListItem","position":1,"name":"","item":"https:\/\/littledragon.com.pl\/de\/"},{"@type":"ListItem","position":2,"name":"Shop","item":"https:\/\/littledragon.com.pl\/de\/shop\/"},{"@type":"ListItem","position":3,"name":"Schl\u00fcsselanh\u00e4nger","item":"https:\/\/littledragon.com.pl\/de\/schlusselanhanger\/"},{"@type":"ListItem","position":4,"name":"Schl\u00fcsselanh\u00e4nger f\u00fcr Schl\u00fcsselClicker"}]},{"@type":"WebSite","@id":"https:\/\/littledragon.com.pl\/de\/#website","url":"https:\/\/littledragon.com.pl\/de\/","name":"Little Dragon","description":"sklep z zabawkami dla dzieci","publisher":{"@id":"https:\/\/littledragon.com.pl\/de\/#organization"},"potentialAction":[{"@type":"SearchAction","target":{"@type":"EntryPoint","urlTemplate":"https:\/\/littledragon.com.pl\/de\/?s={search_term_string}"},"query-input":{"@type":"PropertyValueSpecification","valueRequired":true,"valueName":"search_term_string"}}],"inLanguage":"de"},{"@type":"Organization","@id":"https:\/\/littledragon.com.pl\/de\/#organization","name":"Little Dragon","url":"https:\/\/littledragon.com.pl\/de\/","logo":{"@type":"ImageObject","inLanguage":"de","@id":"https:\/\/littledragon.com.pl\/de\/#\/schema\/logo\/image\/","url":"https:\/\/littledragon.com.pl\/wp-content\/uploads\/2021\/04\/little-dragon-logos-all-01.png","contentUrl":"https:\/\/littledragon.com.pl\/wp-content\/uploads\/2021\/04\/little-dragon-logos-all-01.png","width":856,"height":558,"caption":"Little Dragon"},"image":{"@id":"https:\/\/littledragon.com.pl\/de\/#\/schema\/logo\/image\/"},"sameAs":["https:\/\/www.facebook.com\/Little-Dragon-drewniane-pomoce-manipulacyjne-i-edukacyjne-110363020791188","https:\/\/www.instagram.com\/littledragon.zabawki\/"]}]}},"_links":{"self":[{"href":"https:\/\/littledragon.com.pl\/de\/wp-json\/wp\/v2\/product\/49641","targetHints":{"allow":["GET"]}}],"collection":[{"href":"https:\/\/littledragon.com.pl\/de\/wp-json\/wp\/v2\/product"}],"about":[{"href":"https:\/\/littledragon.com.pl\/de\/wp-json\/wp\/v2\/types\/product"}],"replies":[{"embeddable":true,"href":"https:\/\/littledragon.com.pl\/de\/wp-json\/wp\/v2\/comments?post=49641"}],"version-history":[{"count":0,"href":"https:\/\/littledragon.com.pl\/de\/wp-json\/wp\/v2\/product\/49641\/revisions"}],"wp:featuredmedia":[{"embeddable":true,"href":"https:\/\/littledragon.com.pl\/de\/wp-json\/wp\/v2\/media\/53028"}],"wp:attachment":[{"href":"https:\/\/littledragon.com.pl\/de\/wp-json\/wp\/v2\/media?parent=49641"}],"wp:term":[{"taxonomy":"product_brand","embeddable":true,"href":"https:\/\/littledragon.com.pl\/de\/wp-json\/wp\/v2\/product_brand?post=49641"},{"taxonomy":"product_cat","embeddable":true,"href":"https:\/\/littledragon.com.pl\/de\/wp-json\/wp\/v2\/product_cat?post=49641"},{"taxonomy":"product_tag","embeddable":true,"href":"https:\/\/littledragon.com.pl\/de\/wp-json\/wp\/v2\/product_tag?post=49641"}],"curies":[{"name":"wp","href":"https:\/\/api.w.org\/{rel}","templated":true}]}}