{"id":49625,"date":"2023-04-17T15:23:41","date_gmt":"2023-04-17T13:23:41","guid":{"rendered":"https:\/\/littledragon.com.pl\/sklep\/unkategorisiert\/schluesselmanipulation-schluesselanhaengerberuhigend\/"},"modified":"2024-05-16T03:20:35","modified_gmt":"2024-05-16T01:20:35","slug":"schluesselmanipulation-schluesselanhaengerberuhigend","status":"publish","type":"product","link":"https:\/\/littledragon.com.pl\/de\/sklep\/schlusselanhanger\/schluesselmanipulation-schluesselanhaengerberuhigend\/","title":{"rendered":"Schl\u00fcsselmanipulation Schl\u00fcsselanh\u00e4nger<\/br><span>Beruhigend<\/span>"},"content":{"rendered":"<h2>Manipulativer Schl\u00fcsselanh\u00e4nger<\/h2>\n<p>Dieser Holzw\u00fcrfel ist ein einzigartiges Gadget f\u00fcr Erwachsene! Der manipulative Schl\u00fcsselanh\u00e4nger schm\u00fcckt nicht nur einen Schl\u00fcsselbund, sondern hat auch viele Superkr\u00e4fte. Es kann zum Beispiel Stress abbauen, N\u00e4gelkauen verhindern oder sogar ein gelangweiltes Kind besch\u00e4ftigen*.<\/p>\n<p><span style=\"vertical-align: inherit;\"><span style=\"vertical-align: inherit;\">Thanks to its delicate design and extremely low weight, it can easily be stored in a jacket, trouser or jacket pocket. This handmade wooden keychain has various elements for pressing, clicking, switching and turning. It <\/span><\/span><a href=\"https:\/\/littledragon.com.pl\/de\/gelbe-macht\/\"><span style=\"vertical-align: inherit;\"><span style=\"vertical-align: inherit;\">will<\/span><\/span><\/a><span style=\"vertical-align: inherit;\"><span style=\"vertical-align: inherit;\"> successfully occupy your time, relieve tension and make long hours more enjoyable.<\/span><\/span><\/p>\n<p><span style=\"vertical-align: inherit;\"><span style=\"vertical-align: inherit;\">*The keychain is not a toy, so possible play should be supervised by an adult.<\/span><\/span><\/p>\n","protected":false},"excerpt":{"rendered":"<p><span style=\"vertical-align: inherit;\"><span style=\"vertical-align: inherit;\">This original keychain is an anti-stress gadget that you can always carry with you! Made of wood, handmade, light and surprising &#8211; to pass the time when you need it.<\/span><\/span><\/p>\n","protected":false},"featured_media":53040,"comment_status":"open","ping_status":"closed","template":"","meta":[],"product_brand":[],"product_cat":[14868],"product_tag":[14869,14870,14871,14872],"class_list":{"0":"post-49625","1":"product","2":"type-product","3":"status-publish","4":"has-post-thumbnail","6":"product_cat-schlusselanhanger","7":"product_tag-schlusselanhanger","8":"product_tag-anhanger","9":"product_tag-schlusselanhanger-de","10":"product_tag-schlusselanhanger-de-2","12":"first","13":"instock","14":"shipping-taxable","15":"purchasable","16":"product-type-variable"},"yoast_head":"<!-- This site is optimized with the Yoast SEO Premium plugin v26.1 (Yoast SEO v26.1.1) - https:\/\/yoast.com\/wordpress\/plugins\/seo\/ -->\n<title>Schl\u00fcsselmanipulation Schl\u00fcsselanh\u00e4ngerBeruhigend - Little Dragon<\/title>\n<meta name=\"description\" content=\"Anti-Stress-Schl\u00fcsselanh\u00e4nger aus Holz - ein leichtes, handgefertigtes Gadget, das Sie immer bei sich tragen k\u00f6nnen! \u00dcberraschend und funktionell\" \/>\n<meta name=\"robots\" content=\"index, follow, max-snippet:-1, max-image-preview:large, max-video-preview:-1\" \/>\n<link rel=\"canonical\" href=\"https:\/\/littledragon.com.pl\/de\/sklep\/schlusselanhanger\/schluesselmanipulation-schluesselanhaengerberuhigend\/\" \/>\n<meta property=\"og:locale\" content=\"de_DE\" \/>\n<meta property=\"og:type\" content=\"article\" \/>\n<meta property=\"og:title\" content=\"Schl\u00fcsselmanipulation Schl\u00fcsselanh\u00e4ngerBeruhigend\" \/>\n<meta property=\"og:description\" content=\"Anti-Stress-Schl\u00fcsselanh\u00e4nger aus Holz - ein leichtes, handgefertigtes Gadget, das Sie immer bei sich tragen k\u00f6nnen! \u00dcberraschend und funktionell\" \/>\n<meta property=\"og:url\" content=\"https:\/\/littledragon.com.pl\/de\/sklep\/schlusselanhanger\/schluesselmanipulation-schluesselanhaengerberuhigend\/\" \/>\n<meta property=\"og:site_name\" content=\"Little Dragon\" \/>\n<meta property=\"article:publisher\" content=\"https:\/\/www.facebook.com\/Little-Dragon-drewniane-pomoce-manipulacyjne-i-edukacyjne-110363020791188\" \/>\n<meta property=\"article:modified_time\" content=\"2024-05-16T01:20:35+00:00\" \/>\n<meta property=\"og:image\" content=\"https:\/\/littledragon.com.pl\/wp-content\/uploads\/2023\/04\/IMG_9264.jpg\" \/>\n\t<meta property=\"og:image:width\" content=\"540\" \/>\n\t<meta property=\"og:image:height\" content=\"720\" \/>\n\t<meta property=\"og:image:type\" content=\"image\/jpeg\" \/>\n<meta name=\"twitter:card\" content=\"summary_large_image\" \/>\n<meta name=\"twitter:label1\" content=\"Gesch\u00e4tzte Lesezeit\" \/>\n\t<meta name=\"twitter:data1\" content=\"1\u00a0Minute\" \/>\n<script type=\"application\/ld+json\" class=\"yoast-schema-graph\">{\"@context\":\"https:\/\/schema.org\",\"@graph\":[{\"@type\":[\"WebPage\",\"ItemPage\"],\"@id\":\"https:\/\/littledragon.com.pl\/de\/sklep\/schlusselanhanger\/schluesselmanipulation-schluesselanhaengerberuhigend\/\",\"url\":\"https:\/\/littledragon.com.pl\/de\/sklep\/schlusselanhanger\/schluesselmanipulation-schluesselanhaengerberuhigend\/\",\"name\":\"Schl\u00fcsselmanipulation Schl\u00fcsselanh\u00e4ngerBeruhigend - Little Dragon\",\"isPartOf\":{\"@id\":\"https:\/\/littledragon.com.pl\/de\/#website\"},\"primaryImageOfPage\":{\"@id\":\"https:\/\/littledragon.com.pl\/de\/sklep\/schlusselanhanger\/schluesselmanipulation-schluesselanhaengerberuhigend\/#primaryimage\"},\"image\":{\"@id\":\"https:\/\/littledragon.com.pl\/de\/sklep\/schlusselanhanger\/schluesselmanipulation-schluesselanhaengerberuhigend\/#primaryimage\"},\"thumbnailUrl\":\"https:\/\/littledragon.com.pl\/wp-content\/uploads\/2023\/04\/IMG_9264.jpg\",\"datePublished\":\"2023-04-17T13:23:41+00:00\",\"dateModified\":\"2024-05-16T01:20:35+00:00\",\"description\":\"Anti-Stress-Schl\u00fcsselanh\u00e4nger aus Holz - ein leichtes, handgefertigtes Gadget, das Sie immer bei sich tragen k\u00f6nnen! \u00dcberraschend und funktionell\",\"breadcrumb\":{\"@id\":\"https:\/\/littledragon.com.pl\/de\/sklep\/schlusselanhanger\/schluesselmanipulation-schluesselanhaengerberuhigend\/#breadcrumb\"},\"inLanguage\":\"de\",\"potentialAction\":[{\"@type\":\"ReadAction\",\"target\":[\"https:\/\/littledragon.com.pl\/de\/sklep\/schlusselanhanger\/schluesselmanipulation-schluesselanhaengerberuhigend\/\"]}]},{\"@type\":\"ImageObject\",\"inLanguage\":\"de\",\"@id\":\"https:\/\/littledragon.com.pl\/de\/sklep\/schlusselanhanger\/schluesselmanipulation-schluesselanhaengerberuhigend\/#primaryimage\",\"url\":\"https:\/\/littledragon.com.pl\/wp-content\/uploads\/2023\/04\/IMG_9264.jpg\",\"contentUrl\":\"https:\/\/littledragon.com.pl\/wp-content\/uploads\/2023\/04\/IMG_9264.jpg\",\"width\":540,\"height\":720},{\"@type\":\"BreadcrumbList\",\"@id\":\"https:\/\/littledragon.com.pl\/de\/sklep\/schlusselanhanger\/schluesselmanipulation-schluesselanhaengerberuhigend\/#breadcrumb\",\"itemListElement\":[{\"@type\":\"ListItem\",\"position\":1,\"name\":\"\",\"item\":\"https:\/\/littledragon.com.pl\/de\/\"},{\"@type\":\"ListItem\",\"position\":2,\"name\":\"Shop\",\"item\":\"https:\/\/littledragon.com.pl\/de\/shop\/\"},{\"@type\":\"ListItem\",\"position\":3,\"name\":\"Schl\u00fcsselanh\u00e4nger\",\"item\":\"https:\/\/littledragon.com.pl\/de\/schlusselanhanger\/\"},{\"@type\":\"ListItem\",\"position\":4,\"name\":\"Schl\u00fcsselmanipulation Schl\u00fcsselanh\u00e4nger&lt;\/br&gt;&lt;span&gt;Beruhigend&lt;\/span&gt;\"}]},{\"@type\":\"WebSite\",\"@id\":\"https:\/\/littledragon.com.pl\/de\/#website\",\"url\":\"https:\/\/littledragon.com.pl\/de\/\",\"name\":\"Little Dragon\",\"description\":\"sklep z zabawkami dla dzieci\",\"publisher\":{\"@id\":\"https:\/\/littledragon.com.pl\/de\/#organization\"},\"potentialAction\":[{\"@type\":\"SearchAction\",\"target\":{\"@type\":\"EntryPoint\",\"urlTemplate\":\"https:\/\/littledragon.com.pl\/de\/?s={search_term_string}\"},\"query-input\":{\"@type\":\"PropertyValueSpecification\",\"valueRequired\":true,\"valueName\":\"search_term_string\"}}],\"inLanguage\":\"de\"},{\"@type\":\"Organization\",\"@id\":\"https:\/\/littledragon.com.pl\/de\/#organization\",\"name\":\"Little Dragon\",\"url\":\"https:\/\/littledragon.com.pl\/de\/\",\"logo\":{\"@type\":\"ImageObject\",\"inLanguage\":\"de\",\"@id\":\"https:\/\/littledragon.com.pl\/de\/#\/schema\/logo\/image\/\",\"url\":\"https:\/\/littledragon.com.pl\/wp-content\/uploads\/2021\/04\/little-dragon-logos-all-01.png\",\"contentUrl\":\"https:\/\/littledragon.com.pl\/wp-content\/uploads\/2021\/04\/little-dragon-logos-all-01.png\",\"width\":856,\"height\":558,\"caption\":\"Little Dragon\"},\"image\":{\"@id\":\"https:\/\/littledragon.com.pl\/de\/#\/schema\/logo\/image\/\"},\"sameAs\":[\"https:\/\/www.facebook.com\/Little-Dragon-drewniane-pomoce-manipulacyjne-i-edukacyjne-110363020791188\",\"https:\/\/www.instagram.com\/littledragon.zabawki\/\"]}]}<\/script>\n<!-- \/ Yoast SEO Premium plugin. -->","yoast_head_json":{"title":"Schl\u00fcsselmanipulation Schl\u00fcsselanh\u00e4ngerBeruhigend - Little Dragon","description":"Anti-Stress-Schl\u00fcsselanh\u00e4nger aus Holz - ein leichtes, handgefertigtes Gadget, das Sie immer bei sich tragen k\u00f6nnen! \u00dcberraschend und funktionell","robots":{"index":"index","follow":"follow","max-snippet":"max-snippet:-1","max-image-preview":"max-image-preview:large","max-video-preview":"max-video-preview:-1"},"canonical":"https:\/\/littledragon.com.pl\/de\/sklep\/schlusselanhanger\/schluesselmanipulation-schluesselanhaengerberuhigend\/","og_locale":"de_DE","og_type":"article","og_title":"Schl\u00fcsselmanipulation Schl\u00fcsselanh\u00e4ngerBeruhigend","og_description":"Anti-Stress-Schl\u00fcsselanh\u00e4nger aus Holz - ein leichtes, handgefertigtes Gadget, das Sie immer bei sich tragen k\u00f6nnen! \u00dcberraschend und funktionell","og_url":"https:\/\/littledragon.com.pl\/de\/sklep\/schlusselanhanger\/schluesselmanipulation-schluesselanhaengerberuhigend\/","og_site_name":"Little Dragon","article_publisher":"https:\/\/www.facebook.com\/Little-Dragon-drewniane-pomoce-manipulacyjne-i-edukacyjne-110363020791188","article_modified_time":"2024-05-16T01:20:35+00:00","og_image":[{"width":540,"height":720,"url":"https:\/\/littledragon.com.pl\/wp-content\/uploads\/2023\/04\/IMG_9264.jpg","type":"image\/jpeg"}],"twitter_card":"summary_large_image","twitter_misc":{"Gesch\u00e4tzte Lesezeit":"1\u00a0Minute"},"schema":{"@context":"https:\/\/schema.org","@graph":[{"@type":["WebPage","ItemPage"],"@id":"https:\/\/littledragon.com.pl\/de\/sklep\/schlusselanhanger\/schluesselmanipulation-schluesselanhaengerberuhigend\/","url":"https:\/\/littledragon.com.pl\/de\/sklep\/schlusselanhanger\/schluesselmanipulation-schluesselanhaengerberuhigend\/","name":"Schl\u00fcsselmanipulation Schl\u00fcsselanh\u00e4ngerBeruhigend - Little Dragon","isPartOf":{"@id":"https:\/\/littledragon.com.pl\/de\/#website"},"primaryImageOfPage":{"@id":"https:\/\/littledragon.com.pl\/de\/sklep\/schlusselanhanger\/schluesselmanipulation-schluesselanhaengerberuhigend\/#primaryimage"},"image":{"@id":"https:\/\/littledragon.com.pl\/de\/sklep\/schlusselanhanger\/schluesselmanipulation-schluesselanhaengerberuhigend\/#primaryimage"},"thumbnailUrl":"https:\/\/littledragon.com.pl\/wp-content\/uploads\/2023\/04\/IMG_9264.jpg","datePublished":"2023-04-17T13:23:41+00:00","dateModified":"2024-05-16T01:20:35+00:00","description":"Anti-Stress-Schl\u00fcsselanh\u00e4nger aus Holz - ein leichtes, handgefertigtes Gadget, das Sie immer bei sich tragen k\u00f6nnen! \u00dcberraschend und funktionell","breadcrumb":{"@id":"https:\/\/littledragon.com.pl\/de\/sklep\/schlusselanhanger\/schluesselmanipulation-schluesselanhaengerberuhigend\/#breadcrumb"},"inLanguage":"de","potentialAction":[{"@type":"ReadAction","target":["https:\/\/littledragon.com.pl\/de\/sklep\/schlusselanhanger\/schluesselmanipulation-schluesselanhaengerberuhigend\/"]}]},{"@type":"ImageObject","inLanguage":"de","@id":"https:\/\/littledragon.com.pl\/de\/sklep\/schlusselanhanger\/schluesselmanipulation-schluesselanhaengerberuhigend\/#primaryimage","url":"https:\/\/littledragon.com.pl\/wp-content\/uploads\/2023\/04\/IMG_9264.jpg","contentUrl":"https:\/\/littledragon.com.pl\/wp-content\/uploads\/2023\/04\/IMG_9264.jpg","width":540,"height":720},{"@type":"BreadcrumbList","@id":"https:\/\/littledragon.com.pl\/de\/sklep\/schlusselanhanger\/schluesselmanipulation-schluesselanhaengerberuhigend\/#breadcrumb","itemListElement":[{"@type":"ListItem","position":1,"name":"","item":"https:\/\/littledragon.com.pl\/de\/"},{"@type":"ListItem","position":2,"name":"Shop","item":"https:\/\/littledragon.com.pl\/de\/shop\/"},{"@type":"ListItem","position":3,"name":"Schl\u00fcsselanh\u00e4nger","item":"https:\/\/littledragon.com.pl\/de\/schlusselanhanger\/"},{"@type":"ListItem","position":4,"name":"Schl\u00fcsselmanipulation Schl\u00fcsselanh\u00e4nger&lt;\/br&gt;&lt;span&gt;Beruhigend&lt;\/span&gt;"}]},{"@type":"WebSite","@id":"https:\/\/littledragon.com.pl\/de\/#website","url":"https:\/\/littledragon.com.pl\/de\/","name":"Little Dragon","description":"sklep z zabawkami dla dzieci","publisher":{"@id":"https:\/\/littledragon.com.pl\/de\/#organization"},"potentialAction":[{"@type":"SearchAction","target":{"@type":"EntryPoint","urlTemplate":"https:\/\/littledragon.com.pl\/de\/?s={search_term_string}"},"query-input":{"@type":"PropertyValueSpecification","valueRequired":true,"valueName":"search_term_string"}}],"inLanguage":"de"},{"@type":"Organization","@id":"https:\/\/littledragon.com.pl\/de\/#organization","name":"Little Dragon","url":"https:\/\/littledragon.com.pl\/de\/","logo":{"@type":"ImageObject","inLanguage":"de","@id":"https:\/\/littledragon.com.pl\/de\/#\/schema\/logo\/image\/","url":"https:\/\/littledragon.com.pl\/wp-content\/uploads\/2021\/04\/little-dragon-logos-all-01.png","contentUrl":"https:\/\/littledragon.com.pl\/wp-content\/uploads\/2021\/04\/little-dragon-logos-all-01.png","width":856,"height":558,"caption":"Little Dragon"},"image":{"@id":"https:\/\/littledragon.com.pl\/de\/#\/schema\/logo\/image\/"},"sameAs":["https:\/\/www.facebook.com\/Little-Dragon-drewniane-pomoce-manipulacyjne-i-edukacyjne-110363020791188","https:\/\/www.instagram.com\/littledragon.zabawki\/"]}]}},"_links":{"self":[{"href":"https:\/\/littledragon.com.pl\/de\/wp-json\/wp\/v2\/product\/49625","targetHints":{"allow":["GET"]}}],"collection":[{"href":"https:\/\/littledragon.com.pl\/de\/wp-json\/wp\/v2\/product"}],"about":[{"href":"https:\/\/littledragon.com.pl\/de\/wp-json\/wp\/v2\/types\/product"}],"replies":[{"embeddable":true,"href":"https:\/\/littledragon.com.pl\/de\/wp-json\/wp\/v2\/comments?post=49625"}],"version-history":[{"count":0,"href":"https:\/\/littledragon.com.pl\/de\/wp-json\/wp\/v2\/product\/49625\/revisions"}],"wp:featuredmedia":[{"embeddable":true,"href":"https:\/\/littledragon.com.pl\/de\/wp-json\/wp\/v2\/media\/53040"}],"wp:attachment":[{"href":"https:\/\/littledragon.com.pl\/de\/wp-json\/wp\/v2\/media?parent=49625"}],"wp:term":[{"taxonomy":"product_brand","embeddable":true,"href":"https:\/\/littledragon.com.pl\/de\/wp-json\/wp\/v2\/product_brand?post=49625"},{"taxonomy":"product_cat","embeddable":true,"href":"https:\/\/littledragon.com.pl\/de\/wp-json\/wp\/v2\/product_cat?post=49625"},{"taxonomy":"product_tag","embeddable":true,"href":"https:\/\/littledragon.com.pl\/de\/wp-json\/wp\/v2\/product_tag?post=49625"}],"curies":[{"name":"wp","href":"https:\/\/api.w.org\/{rel}","templated":true}]}}